{"id":856,"date":"2022-10-18T09:55:34","date_gmt":"2022-10-18T07:55:34","guid":{"rendered":"https:\/\/www.explorelulea.com\/?page_id=856"},"modified":"2022-11-02T13:42:34","modified_gmt":"2022-11-02T12:42:34","slug":"lulea-en-laponie-suedoise","status":"publish","type":"page","link":"https:\/\/www.explorelulea.com\/fr\/a-propos-de-nous\/lulea-en-laponie-suedoise\/","title":{"rendered":"Lule\u00e5 en Laponie su\u00e9doise"},"content":{"rendered":"<div data-elementor-type=\"wp-page\" data-elementor-id=\"856\" class=\"elementor elementor-856\" data-elementor-post-type=\"page\">\n\t\t\t\t<div class=\"elementor-element elementor-element-de29315 e-flex e-con-boxed e-con e-parent\" data-id=\"de29315\" data-element_type=\"container\" data-settings=\"{&quot;background_background&quot;:&quot;classic&quot;}\">\n\t\t\t\t\t<div class=\"e-con-inner\">\n\t\t\t\t<div class=\"elementor-element elementor-element-d730e9b elementor-widget elementor-widget-heading\" data-id=\"d730e9b\" data-element_type=\"widget\" data-widget_type=\"heading.default\">\n\t\t\t\t<div class=\"elementor-widget-container\">\n\t\t\t\t\t<h1 class=\"elementor-heading-title elementor-size-default\">Lule\u00e5 en Laponie su\u00e9doise<\/h1>\t\t\t\t<\/div>\n\t\t\t\t<\/div>\n\t\t\t\t\t<\/div>\n\t\t\t\t<\/div>\n\t\t<div class=\"elementor-element elementor-element-55de03d e-flex e-con-boxed e-con e-parent\" data-id=\"55de03d\" data-element_type=\"container\" data-settings=\"{&quot;background_background&quot;:&quot;classic&quot;}\">\n\t\t\t\t\t<div class=\"e-con-inner\">\n\t\t<div class=\"elementor-element elementor-element-161c625 e-flex e-con-boxed e-con e-parent\" data-id=\"161c625\" data-element_type=\"container\">\n\t\t\t\t\t<div class=\"e-con-inner\">\n\t\t\t\t<div class=\"elementor-element elementor-element-1417f68 elementor-widget elementor-widget-image\" data-id=\"1417f68\" data-element_type=\"widget\" data-widget_type=\"image.default\">\n\t\t\t\t<div class=\"elementor-widget-container\">\n\t\t\t\t\t\t\t\t\t\t\t\t\t\t\t<img fetchpriority=\"high\" decoding=\"async\" width=\"800\" height=\"534\" src=\"https:\/\/www.explorelulea.com\/wp-content\/uploads\/2022\/10\/Northern-lights-Swedish-lap-1024x683.jpg\" class=\"attachment-large size-large wp-image-569\" alt=\"\" srcset=\"https:\/\/www.explorelulea.com\/wp-content\/uploads\/2022\/10\/Northern-lights-Swedish-lap-1024x683.jpg 1024w, https:\/\/www.explorelulea.com\/wp-content\/uploads\/2022\/10\/Northern-lights-Swedish-lap-300x200.jpg 300w, https:\/\/www.explorelulea.com\/wp-content\/uploads\/2022\/10\/Northern-lights-Swedish-lap-768x512.jpg 768w, https:\/\/www.explorelulea.com\/wp-content\/uploads\/2022\/10\/Northern-lights-Swedish-lap.jpg 1500w\" sizes=\"(max-width: 800px) 100vw, 800px\">\t\t\t\t\t\t\t\t\t\t\t\t\t\t\t<\/div>\n\t\t\t\t<\/div>\n\t\t\t\t\t<\/div>\n\t\t\t\t<\/div>\n\t\t<div class=\"elementor-element elementor-element-8e6191c e-con-full e-flex e-con e-parent\" data-id=\"8e6191c\" data-element_type=\"container\">\n\t\t\t\t<div class=\"elementor-element elementor-element-9d82248 elementor-widget elementor-widget-heading\" data-id=\"9d82248\" data-element_type=\"widget\" data-widget_type=\"heading.default\">\n\t\t\t\t<div class=\"elementor-widget-container\">\n\t\t\t\t\t<h2 class=\"elementor-heading-title elementor-size-default\">Bref sur la Laponie su\u00e9doise<\/h2>\t\t\t\t<\/div>\n\t\t\t\t<\/div>\n\t\t\t\t<div class=\"elementor-element elementor-element-7af7e8d elementor-widget elementor-widget-text-editor\" data-id=\"7af7e8d\" data-element_type=\"widget\" data-widget_type=\"text-editor.default\">\n\t\t\t\t<div class=\"elementor-widget-container\">\n\t\t\t\t\t\t\t\t\tLule\u00e5 est la ville c\u00f4ti\u00e8re de la Laponie su\u00e9doise qui vous offre \u00e0 la fois un tr\u00e8s beau paysage hivernal mais aussi un archipel avec la sensation de longues \u00e9tendues blanches en hiver et de lumi\u00e8re 24h\/24 en \u00e9t\u00e9 gr\u00e2ce au soleil de minuit.\t\t\t\t\t\t\t\t<\/div>\n\t\t\t\t<\/div>\n\t\t\t\t<div class=\"elementor-element elementor-element-417f734 elementor-widget elementor-widget-button\" data-id=\"417f734\" data-element_type=\"widget\" data-widget_type=\"button.default\">\n\t\t\t\t<div class=\"elementor-widget-container\">\n\t\t\t\t\t\t\t\t\t<div class=\"elementor-button-wrapper\">\n\t\t\t\t\t<a class=\"elementor-button elementor-button-link elementor-size-sm\" href=\"https:\/\/www.explorelulea.com\/fr\/paquet-de-voyage\/\">\n\t\t\t\t\t\t<span class=\"elementor-button-content-wrapper\">\n\t\t\t\t\t\t\t\t\t<span class=\"elementor-button-text\">R\u00e9server des paquet de voyage<\/span>\n\t\t\t\t\t<\/span>\n\t\t\t\t\t<\/a>\n\t\t\t\t<\/div>\n\t\t\t\t\t\t\t\t<\/div>\n\t\t\t\t<\/div>\n\t\t\t\t<\/div>\n\t\t\t\t\t<\/div>\n\t\t\t\t<\/div>\n\t\t<div class=\"elementor-element elementor-element-177430c e-flex e-con-boxed e-con e-parent\" data-id=\"177430c\" data-element_type=\"container\" data-settings=\"{&quot;background_background&quot;:&quot;classic&quot;}\">\n\t\t\t\t\t<div class=\"e-con-inner\">\n\t\t\t\t<div class=\"elementor-element elementor-element-78db2f0 elementor-widget elementor-widget-heading\" data-id=\"78db2f0\" data-element_type=\"widget\" data-widget_type=\"heading.default\">\n\t\t\t\t<div class=\"elementor-widget-container\">\n\t\t\t\t\t<h2 class=\"elementor-heading-title elementor-size-default\">En savoir plus sur la ville d&#039;\u00e9t\u00e9 et d&#039;hiver de Lule\u00e5<\/h2>\t\t\t\t<\/div>\n\t\t\t\t<\/div>\n\t\t\t\t<div class=\"elementor-element elementor-element-6eef635 elementor-widget elementor-widget-text-editor\" data-id=\"6eef635\" data-element_type=\"widget\" data-widget_type=\"text-editor.default\">\n\t\t\t\t<div class=\"elementor-widget-container\">\n\t\t\t\t\t\t\t\t\t<p>Lule\u00e5 est une ville c\u00f4ti\u00e8re du comt\u00e9 de Norrbotten. Ici, vous pouvez tout d\u00e9couvrir, des spas et de bons restaurants aux belles exp\u00e9riences de la nature. Dans le centre, il y a un grand choix de shopping, \u00e0 la fois dans les petites boutiques et dans les centres commerciaux Smedjan, Shopping et Strand. Vous pourrez \u00e9galement vous installer dans l&#039;un des nombreux caf\u00e9s ou restaurants de la ville.<\/p><p>Juste \u00e0 l&#039;ext\u00e9rieur du centre de Lule\u00e5 se trouve le village de l&#039;\u00e9glise de Gammelstad, class\u00e9 au patrimoine mondial. Au centre de Gammelstad se dresse une belle \u00e9glise m\u00e9di\u00e9vale en pierre du XVe si\u00e8cle, entour\u00e9e de 405 cottages d&#039;\u00e9glise uniques et de 552 chambres. C&#039;est l\u00e0 que la ville de Lule\u00e5 a \u00e9t\u00e9 fond\u00e9e et s&#039;est d\u00e9velopp\u00e9e jusqu&#039;au 17\u00e8me si\u00e8cle, elle a \u00e9t\u00e9 d\u00e9plac\u00e9e l\u00e0 o\u00f9 Lule\u00e5 est aujourd&#039;hui en raison de l&#039;\u00e9l\u00e9vation du terrain. Dans la ville-\u00e9glise de Gammelstad, vous trouverez des boutiques accueillantes proposant des produits, de l&#039;art et de l&#039;artisanat locaux. Vous pouvez d\u00e9couvrir le magnifique et unique patrimoine mondial sans et avec un guide, hiver comme \u00e9t\u00e9.<\/p><p>L&#039;archipel de Lule\u00e5 se compose de 1 312 \u00eeles, criques et r\u00e9cifs avec une nature magnifique et une histoire culturelle bien pr\u00e9serv\u00e9e. Vous pouvez vous rendre dans l&#039;archipel en bateau d&#039;excursion, soit pour une agr\u00e9able excursion d&#039;une journ\u00e9e, soit pour un voyage plus long avec une nuit dans l&#039;une des cabanes qui peuvent \u00eatre lou\u00e9es sur les \u00eeles.<\/p><p>En hiver, vous pourrez faire l&#039;exp\u00e9rience d&#039;une excursion en brise-glace, d&#039;une excursion en motoneige, d&#039;une randonn\u00e9e en raquettes, d&#039;une chasse aux aurores bor\u00e9ales, d&#039;un tra\u00eeneau \u00e0 chiens et d&#039;une rencontre avec des rennes et des orignaux. En \u00e9t\u00e9, vous pouvez faire du kayak ou du stand up paddle, grimper \u00e0 l&#039;int\u00e9rieur et \u00e0 l&#039;ext\u00e9rieur et visiter la piste d&#039;altitude Upzone.<\/p><p>Chaque ann\u00e9e, une patinoire est labour\u00e9e de Norra Hamn jusqu&#039;\u00e0 S\u00f6dra Hamn. Vous pouvez vous promener, donner des coups de pied ou patiner le long de la patinoire. \u00c0 Lule\u00e5 se trouve la plus grande Alcatraz multi-ar\u00e8nes de Su\u00e8de. Ils offrent, entre autres, du paintball, du laser game, du kart, de la Prison Island, de l&#039;Arcade incluant VR, du spa et de la d\u00e9tente et de l&#039;aire de restauration.<\/p>\t\t\t\t\t\t\t\t<\/div>\n\t\t\t\t<\/div>\n\t\t\t\t\t<\/div>\n\t\t\t\t<\/div>\n\t\t<div class=\"elementor-element elementor-element-3c714f6 e-flex e-con-boxed e-con e-parent\" data-id=\"3c714f6\" data-element_type=\"container\">\n\t\t\t\t\t<div class=\"e-con-inner\">\n\t\t<div class=\"elementor-element elementor-element-ca005cb e-con-full e-flex e-con e-parent\" data-id=\"ca005cb\" data-element_type=\"container\">\n\t\t\t\t<div class=\"elementor-element elementor-element-f683aa5 elementor-widget elementor-widget-video\" data-id=\"f683aa5\" data-element_type=\"widget\" data-settings=\"{&quot;youtube_url&quot;:&quot;https:\\\/\\\/youtu.be\\\/a556tYUWmNg&quot;,&quot;video_type&quot;:&quot;youtube&quot;,&quot;controls&quot;:&quot;yes&quot;}\" data-widget_type=\"video.default\">\n\t\t\t\t<div class=\"elementor-widget-container\">\n\t\t\t\t\t\t\t<div class=\"elementor-wrapper elementor-open-inline\">\n\t\t\t<div class=\"elementor-video\"><\/div>\t\t<\/div>\n\t\t\t\t\t\t<\/div>\n\t\t\t\t<\/div>\n\t\t\t\t<div class=\"elementor-element elementor-element-173ca85 elementor-align-right elementor-widget elementor-widget-button\" data-id=\"173ca85\" data-element_type=\"widget\" data-widget_type=\"button.default\">\n\t\t\t\t<div class=\"elementor-widget-container\">\n\t\t\t\t\t\t\t\t\t<div class=\"elementor-button-wrapper\">\n\t\t\t\t\t<a class=\"elementor-button elementor-button-link elementor-size-sm\" href=\"https:\/\/www.explorelulea.com\/fr\/activite\/\">\n\t\t\t\t\t\t<span class=\"elementor-button-content-wrapper\">\n\t\t\t\t\t\t\t\t\t<span class=\"elementor-button-text\">R\u00e9server une activit\u00e9<\/span>\n\t\t\t\t\t<\/span>\n\t\t\t\t\t<\/a>\n\t\t\t\t<\/div>\n\t\t\t\t\t\t\t\t<\/div>\n\t\t\t\t<\/div>\n\t\t\t\t<\/div>\n\t\t<div class=\"elementor-element elementor-element-279041a e-con-full e-flex e-con e-parent\" data-id=\"279041a\" data-element_type=\"container\">\n\t\t\t\t<div class=\"elementor-element elementor-element-90e3a85 elementor-widget elementor-widget-video\" data-id=\"90e3a85\" data-element_type=\"widget\" data-settings=\"{&quot;youtube_url&quot;:&quot;https:\\\/\\\/youtu.be\\\/yvDIGSdHGC0&quot;,&quot;video_type&quot;:&quot;youtube&quot;,&quot;controls&quot;:&quot;yes&quot;}\" data-widget_type=\"video.default\">\n\t\t\t\t<div class=\"elementor-widget-container\">\n\t\t\t\t\t\t\t<div class=\"elementor-wrapper elementor-open-inline\">\n\t\t\t<div class=\"elementor-video\"><\/div>\t\t<\/div>\n\t\t\t\t\t\t<\/div>\n\t\t\t\t<\/div>\n\t\t\t\t<div class=\"elementor-element elementor-element-a71ea3d elementor-align-right elementor-widget elementor-widget-button\" data-id=\"a71ea3d\" data-element_type=\"widget\" data-widget_type=\"button.default\">\n\t\t\t\t<div class=\"elementor-widget-container\">\n\t\t\t\t\t\t\t\t\t<div class=\"elementor-button-wrapper\">\n\t\t\t\t\t<a class=\"elementor-button elementor-button-link elementor-size-sm\" href=\"https:\/\/www.explorelulea.com\/fr\/paquet-de-voyage\/resepaket-1\/\">\n\t\t\t\t\t\t<span class=\"elementor-button-content-wrapper\">\n\t\t\t\t\t\t\t\t\t<span class=\"elementor-button-text\">R\u00e9servez votre voyage de r\u00eave<\/span>\n\t\t\t\t\t<\/span>\n\t\t\t\t\t<\/a>\n\t\t\t\t<\/div>\n\t\t\t\t\t\t\t\t<\/div>\n\t\t\t\t<\/div>\n\t\t\t\t<\/div>\n\t\t\t\t\t<\/div>\n\t\t\t\t<\/div>\n\t\t\t\t<\/div>","protected":false},"excerpt":{"rendered":"<p>Lule\u00e5 en Laponie su\u00e9doise En bref sur la Laponie su\u00e9doise Lule\u00e5 est la ville c\u00f4ti\u00e8re de la Laponie su\u00e9doise qui vous offre \u00e0 la fois un tr\u00e8s joli paysage hivernal mais aussi un archipel avec la sensation de longues \u00e9tendues blanches en hiver et de lumi\u00e8re 24 heures sur 24 en \u00e9t\u00e9 gr\u00e2ce au soleil de minuit. R\u00e9server un forfait de voyage En savoir plus sur la ville d&#039;\u00e9t\u00e9 et d&#039;hiver de Lule\u00e5 Lule\u00e5 est une ville c\u00f4ti\u00e8re de [\u2026]<\/p>","protected":false},"author":2,"featured_media":0,"parent":853,"menu_order":0,"comment_status":"closed","ping_status":"closed","template":"elementor_header_footer","meta":{"_acf_changed":false,"footnotes":""},"sidtyp":[],"class_list":["post-856","page","type-page","status-publish","hentry"],"acf":[],"_links":{"self":[{"href":"https:\/\/www.explorelulea.com\/fr\/wp-json\/wp\/v2\/pages\/856","targetHints":{"allow":["GET"]}}],"collection":[{"href":"https:\/\/www.explorelulea.com\/fr\/wp-json\/wp\/v2\/pages"}],"about":[{"href":"https:\/\/www.explorelulea.com\/fr\/wp-json\/wp\/v2\/types\/page"}],"author":[{"embeddable":true,"href":"https:\/\/www.explorelulea.com\/fr\/wp-json\/wp\/v2\/users\/2"}],"replies":[{"embeddable":true,"href":"https:\/\/www.explorelulea.com\/fr\/wp-json\/wp\/v2\/comments?post=856"}],"version-history":[{"count":28,"href":"https:\/\/www.explorelulea.com\/fr\/wp-json\/wp\/v2\/pages\/856\/revisions"}],"predecessor-version":[{"id":1454,"href":"https:\/\/www.explorelulea.com\/fr\/wp-json\/wp\/v2\/pages\/856\/revisions\/1454"}],"up":[{"embeddable":true,"href":"https:\/\/www.explorelulea.com\/fr\/wp-json\/wp\/v2\/pages\/853"}],"wp:attachment":[{"href":"https:\/\/www.explorelulea.com\/fr\/wp-json\/wp\/v2\/media?parent=856"}],"wp:term":[{"taxonomy":"sidtyp","embeddable":true,"href":"https:\/\/www.explorelulea.com\/fr\/wp-json\/wp\/v2\/sidtyp?post=856"}],"curies":[{"name":"wp","href":"https:\/\/api.w.org\/{rel}","templated":true}]}}