{"id":3056,"date":"2023-10-10T14:14:30","date_gmt":"2023-10-10T12:14:30","guid":{"rendered":"https:\/\/www.explorelulea.com\/?page_id=3056"},"modified":"2023-10-10T14:14:43","modified_gmt":"2023-10-10T12:14:43","slug":"blocs-de-bup","status":"publish","type":"page","link":"https:\/\/www.explorelulea.com\/fr\/blocs-de-bup\/","title":{"rendered":"Blocs BUP"},"content":{"rendered":"<div data-elementor-type=\"wp-page\" data-elementor-id=\"3056\" class=\"elementor elementor-3056\" data-elementor-post-type=\"page\">\n\t\t\t\t<div class=\"elementor-element elementor-element-696ff32 e-flex e-con-boxed e-con e-parent\" data-id=\"696ff32\" data-element_type=\"container\" data-settings=\"{&quot;background_background&quot;:&quot;classic&quot;}\">\n\t\t\t\t\t<div class=\"e-con-inner\">\n\t\t<div class=\"elementor-element elementor-element-fb44df0 e-con-full e-flex e-con e-parent\" data-id=\"fb44df0\" data-element_type=\"container\" data-settings=\"{&quot;background_background&quot;:&quot;classic&quot;}\">\n\t\t\t\t<div class=\"elementor-element elementor-element-a7c8da6 elementor-widget elementor-widget-image\" data-id=\"a7c8da6\" data-element_type=\"widget\" data-widget_type=\"image.default\">\n\t\t\t\t<div class=\"elementor-widget-container\">\n\t\t\t\t\t\t\t\t\t\t\t\t\t\t\t<img fetchpriority=\"high\" decoding=\"async\" width=\"800\" height=\"534\" src=\"https:\/\/www.explorelulea.com\/wp-content\/uploads\/2023\/04\/Guides-10-1024x683.jpg\" class=\"attachment-large size-large wp-image-2462\" alt=\"\" srcset=\"https:\/\/www.explorelulea.com\/wp-content\/uploads\/2023\/04\/Guides-10-1024x683.jpg 1024w, https:\/\/www.explorelulea.com\/wp-content\/uploads\/2023\/04\/Guides-10-300x200.jpg 300w, https:\/\/www.explorelulea.com\/wp-content\/uploads\/2023\/04\/Guides-10-768x512.jpg 768w, https:\/\/www.explorelulea.com\/wp-content\/uploads\/2023\/04\/Guides-10-1536x1024.jpg 1536w, https:\/\/www.explorelulea.com\/wp-content\/uploads\/2023\/04\/Guides-10-18x12.jpg 18w, https:\/\/www.explorelulea.com\/wp-content\/uploads\/2023\/04\/Guides-10.jpg 1620w\" sizes=\"(max-width: 800px) 100vw, 800px\">\t\t\t\t\t\t\t\t\t\t\t\t\t\t\t<\/div>\n\t\t\t\t<\/div>\n\t\t\t\t<\/div>\n\t\t<div class=\"elementor-element elementor-element-4d70e82 e-con-full e-flex e-con e-parent\" data-id=\"4d70e82\" data-element_type=\"container\">\n\t\t<div class=\"elementor-element elementor-element-2187279 e-flex e-con-boxed e-con e-parent\" data-id=\"2187279\" data-element_type=\"container\">\n\t\t\t\t\t<div class=\"e-con-inner\">\n\t\t\t\t<div class=\"elementor-element elementor-element-e9750f0 elementor-widget elementor-widget-heading\" data-id=\"e9750f0\" data-element_type=\"widget\" data-widget_type=\"heading.default\">\n\t\t\t\t<div class=\"elementor-widget-container\">\n\t\t\t\t\t<h2 class=\"elementor-heading-title elementor-size-default\">Chemin de fer \u00e0 haute altitude \u00e0 Lule\u00e5 - oserez-vous ?<\/h2>\t\t\t\t<\/div>\n\t\t\t\t<\/div>\n\t\t\t\t<div class=\"elementor-element elementor-element-b9520ce elementor-widget elementor-widget-text-editor\" data-id=\"b9520ce\" data-element_type=\"widget\" data-widget_type=\"text-editor.default\">\n\t\t\t\t<div class=\"elementor-widget-container\">\n\t\t\t\t\t\t\t\t\t<p>Envie de vous mettre au d\u00e9fi vous-m\u00eame ou vos amis et connaissances ?<\/p><p>Escaladez des obstacles \u00e0 diff\u00e9rentes hauteurs et niveaux, balancez-vous sur une liane, tenez-vous en \u00e9quilibre sur des b\u00fbches et des cordes, escaladez des filets, montez sur une tyrolienne et bien plus encore sur la piste de haute altitude de Lule\u00e5.<\/p>\t\t\t\t\t\t\t\t<\/div>\n\t\t\t\t<\/div>\n\t\t\t\t<div class=\"elementor-element elementor-element-bc7e29d elementor-mobile-align-left elementor-widget elementor-widget-button\" data-id=\"bc7e29d\" data-element_type=\"widget\" data-widget_type=\"button.default\">\n\t\t\t\t<div class=\"elementor-widget-container\">\n\t\t\t\t\t\t\t\t\t<div class=\"elementor-button-wrapper\">\n\t\t\t\t\t<a class=\"elementor-button elementor-button-link elementor-size-sm\" href=\"https:\/\/www.explorelulea.com\/fr\/aller\/piste-a-haute-altitude-2\/\">\n\t\t\t\t\t\t<span class=\"elementor-button-content-wrapper\">\n\t\t\t\t\t\t\t\t\t<span class=\"elementor-button-text\">En savoir plus et r\u00e9server<\/span>\n\t\t\t\t\t<\/span>\n\t\t\t\t\t<\/a>\n\t\t\t\t<\/div>\n\t\t\t\t\t\t\t\t<\/div>\n\t\t\t\t<\/div>\n\t\t\t\t\t<\/div>\n\t\t\t\t<\/div>\n\t\t\t\t<\/div>\n\t\t\t\t\t<\/div>\n\t\t\t\t<\/div>\n\t\t\t\t<\/div>","protected":false},"excerpt":{"rendered":"<p>Parcours d&#039;altitude \u00e0 Lule\u00e5 \u2013 Oserez-vous ? Envie de vous mettre au d\u00e9fi, vous ou vos amis ? Grimpez sur des obstacles de diff\u00e9rentes hauteurs et niveaux, balancez-vous sur une liane, \u00e9quilibrez-vous sur des rondins et des cordes, grimpez \u00e0 des filets, faites de la tyrolienne et bien plus encore sur le parcours d&#039;altitude de Lule\u00e5. En savoir plus et r\u00e9server<\/p>","protected":false},"author":2,"featured_media":0,"parent":0,"menu_order":0,"comment_status":"closed","ping_status":"closed","template":"","meta":{"_acf_changed":false,"footnotes":""},"sidtyp":[],"class_list":["post-3056","page","type-page","status-publish","hentry"],"acf":[],"_links":{"self":[{"href":"https:\/\/www.explorelulea.com\/fr\/wp-json\/wp\/v2\/pages\/3056","targetHints":{"allow":["GET"]}}],"collection":[{"href":"https:\/\/www.explorelulea.com\/fr\/wp-json\/wp\/v2\/pages"}],"about":[{"href":"https:\/\/www.explorelulea.com\/fr\/wp-json\/wp\/v2\/types\/page"}],"author":[{"embeddable":true,"href":"https:\/\/www.explorelulea.com\/fr\/wp-json\/wp\/v2\/users\/2"}],"replies":[{"embeddable":true,"href":"https:\/\/www.explorelulea.com\/fr\/wp-json\/wp\/v2\/comments?post=3056"}],"version-history":[{"count":4,"href":"https:\/\/www.explorelulea.com\/fr\/wp-json\/wp\/v2\/pages\/3056\/revisions"}],"predecessor-version":[{"id":3060,"href":"https:\/\/www.explorelulea.com\/fr\/wp-json\/wp\/v2\/pages\/3056\/revisions\/3060"}],"wp:attachment":[{"href":"https:\/\/www.explorelulea.com\/fr\/wp-json\/wp\/v2\/media?parent=3056"}],"wp:term":[{"taxonomy":"sidtyp","embeddable":true,"href":"https:\/\/www.explorelulea.com\/fr\/wp-json\/wp\/v2\/sidtyp?post=3056"}],"curies":[{"name":"wp","href":"https:\/\/api.w.org\/{rel}","templated":true}]}}