{"id":2891,"date":"2023-08-18T15:39:04","date_gmt":"2023-08-18T13:39:04","guid":{"rendered":"https:\/\/www.explorelulea.com\/?page_id=2891"},"modified":"2023-08-18T15:43:11","modified_gmt":"2023-08-18T13:43:11","slug":"emploi","status":"publish","type":"page","link":"https:\/\/www.explorelulea.com\/fr\/contact\/emploi\/","title":{"rendered":"Emploi"},"content":{"rendered":"<div data-elementor-type=\"wp-page\" data-elementor-id=\"2891\" class=\"elementor elementor-2891\" data-elementor-post-type=\"page\">\n\t\t\t\t<div class=\"elementor-element elementor-element-7ca3d9a e-flex e-con-boxed e-con e-parent\" data-id=\"7ca3d9a\" data-element_type=\"container\" data-settings=\"{&quot;background_background&quot;:&quot;classic&quot;}\">\n\t\t\t\t\t<div class=\"e-con-inner\">\n\t\t<div class=\"elementor-element elementor-element-d19d47e e-con-full e-flex e-con e-parent\" data-id=\"d19d47e\" data-element_type=\"container\">\n\t\t\t\t<div class=\"elementor-element elementor-element-827afe5 elementor-widget elementor-widget-heading\" data-id=\"827afe5\" data-element_type=\"widget\" data-widget_type=\"heading.default\">\n\t\t\t\t<div class=\"elementor-widget-container\">\n\t\t\t\t\t<h1 class=\"elementor-heading-title elementor-size-xl\">Guide cet hiver ?<\/h1>\t\t\t\t<\/div>\n\t\t\t\t<\/div>\n\t\t\t\t<\/div>\n\t\t\t\t\t<\/div>\n\t\t\t\t<\/div>\n\t\t<div class=\"elementor-element elementor-element-fa9303d e-flex e-con-boxed e-con e-parent\" data-id=\"fa9303d\" data-element_type=\"container\">\n\t\t\t\t\t<div class=\"e-con-inner\">\n\t\t\t\t<div class=\"elementor-element elementor-element-31bd6e2 elementor-widget elementor-widget-text-editor\" data-id=\"31bd6e2\" data-element_type=\"widget\" data-widget_type=\"text-editor.default\">\n\t\t\t\t<div class=\"elementor-widget-container\">\n\t\t\t\t\t\t\t\t\t<p>Champ d'application: Temps plein<br \/>Dur\u00e9e\u00a0de L'emploi: 4\u00a0mois, du 1er\u00a0d\u00e9cembre au 31\u00a0mars<br \/>Forme d&#039;emploi : emploi saisonnier<br \/>Nombre d&#039;emplois\u00a0: 10<br \/>Exigences: Permis de conduire B<br \/><br \/>PLUS D'INFORMATION SUR LE POSTE<br \/>Explore Lule\u00e5 poursuit ses activit\u00e9s avec un grand charter en provenance de France qui se d\u00e9roulera de d\u00e9cembre \u00e0 mars. Nous nous occuperons de diff\u00e9rentes activit\u00e9s de plein air telles que les excursions en motoneige, les randonn\u00e9es en raquettes, de la p\u00eache sur glace, les chasses aux aurores bor\u00e9ales, etc.<br \/><br \/>Nous recherchons plusieurs guides de nature, de pr\u00e9f\u00e9rence avec de l'exp\u00e9rience dans la profession ainsi que ceux qui ont suivi une formation de guide de nature ou une formation similaire. Si vous ne poss\u00e9dez aucune de ces comp\u00e9tences, mais que vous \u00eates tout de m\u00eame tr\u00e8s int\u00e9ress\u00e9 par le travail et la vie en plein air, n'h\u00e9sitez pas \u00e0 nous contacter! Quel que soit votre parcours ant\u00e9rieur dans cette branche, il est m\u00e9ritoire.<br \/><br \/>Lieu de travail: Lule\u00e5 et ses environs. Principalement \u00e0 M\u00f6r\u00f6n, \u00e0 30 minutes du centre de Lule\u00e5.<br \/><br \/>Champ d'application : Temps plein et temps partiel avec un horaire de base fixe pendant la saison. L'emploi se situe entre le 1er d\u00e9cembre et le 31 mars.<br \/>Nous recherchons \u00e9galement des guides \u00e0 temps partiel.<br \/><br \/>Salaire : Salaire mensuel fixe<br \/><br \/>Exigences : Permis de conduire B.\u00a0<br \/><br \/>Autres qualifications : Permis de conduire BE, permis de conduire un scooter, formation d'accompagnateur en nature\/montagne, participation active \u00e0 des associations de formation de cadres, instructeur\/responsable d'une activit\u00e9 dans le secteur.<br \/><br \/>REMARQUE. Nous recruterons jusqu'\u00e0 ce que nous ayons re\u00e7u tous les guides dont nous avons besoin, mais nous esp\u00e9rons avoir termin\u00e9 avant la fin du mois de septembre, alors soumettez votre candidature d\u00e8s que possible.<br \/><br \/>Bienvenu \u00e0 l'emploi le plus chouette du monde.<br \/><br \/>Postulez avant la fin du mois de septembre, nous vous contacterons via les m\u00e9dias sociaux si nous prolongeons la p\u00e9riode de candidature.<br \/>Indiquez la r\u00e9f\u00e9rence Naturguide dans votre candidature<br \/><br \/>Postulez par courriel (en anglais)<br \/><br \/>Envoyez votre candidature par courriel \u00e0<br \/><a href=\"mailto:info@explorelulea.com\" target=\"_blank\" rel=\"noopener\">info@explorelulea.com<\/a><\/p>\t\t\t\t\t\t\t\t<\/div>\n\t\t\t\t<\/div>\n\t\t\t\t\t<\/div>\n\t\t\t\t<\/div>\n\t\t\t\t<\/div>","protected":false},"excerpt":{"rendered":"<p>Guider cet hiver ? Port\u00e9e : Temps pleinDur\u00e9e : 4 mois, du 1er d\u00e9cembre au 31 marsType d&#039;emploi : emploi saisonnierNombre d&#039;emplois : 10Exigences : Permis de conduire B PLUS SUR L&#039;EMPLOIExplorez Lule\u00e5 poursuit ses op\u00e9rations avec une grande op\u00e9ration d&#039;affr\u00e8tement depuis la France qui durera de d\u00e9cembre \u00e0 mars. Nous nous occuperons de plusieurs activit\u00e9s de plein air diff\u00e9rentes telles que des randonn\u00e9es en motoneige, des randonn\u00e9es en raquettes, de la p\u00eache blanche, des chasses aux aurores bor\u00e9ales, etc. Nous recherchons [\u2026]<\/p>","protected":false},"author":2,"featured_media":0,"parent":30,"menu_order":0,"comment_status":"closed","ping_status":"closed","template":"elementor_header_footer","meta":{"_acf_changed":false,"footnotes":""},"sidtyp":[],"class_list":["post-2891","page","type-page","status-publish","hentry"],"acf":[],"_links":{"self":[{"href":"https:\/\/www.explorelulea.com\/fr\/wp-json\/wp\/v2\/pages\/2891","targetHints":{"allow":["GET"]}}],"collection":[{"href":"https:\/\/www.explorelulea.com\/fr\/wp-json\/wp\/v2\/pages"}],"about":[{"href":"https:\/\/www.explorelulea.com\/fr\/wp-json\/wp\/v2\/types\/page"}],"author":[{"embeddable":true,"href":"https:\/\/www.explorelulea.com\/fr\/wp-json\/wp\/v2\/users\/2"}],"replies":[{"embeddable":true,"href":"https:\/\/www.explorelulea.com\/fr\/wp-json\/wp\/v2\/comments?post=2891"}],"version-history":[{"count":7,"href":"https:\/\/www.explorelulea.com\/fr\/wp-json\/wp\/v2\/pages\/2891\/revisions"}],"predecessor-version":[{"id":2898,"href":"https:\/\/www.explorelulea.com\/fr\/wp-json\/wp\/v2\/pages\/2891\/revisions\/2898"}],"up":[{"embeddable":true,"href":"https:\/\/www.explorelulea.com\/fr\/wp-json\/wp\/v2\/pages\/30"}],"wp:attachment":[{"href":"https:\/\/www.explorelulea.com\/fr\/wp-json\/wp\/v2\/media?parent=2891"}],"wp:term":[{"taxonomy":"sidtyp","embeddable":true,"href":"https:\/\/www.explorelulea.com\/fr\/wp-json\/wp\/v2\/sidtyp?post=2891"}],"curies":[{"name":"wp","href":"https:\/\/api.w.org\/{rel}","templated":true}]}}