{"id":2292,"date":"2023-03-30T14:53:49","date_gmt":"2023-03-30T12:53:49","guid":{"rendered":"https:\/\/www.explorelulea.com\/?page_id=2292"},"modified":"2023-06-14T18:40:58","modified_gmt":"2023-06-14T16:40:58","slug":"cours-descalade","status":"publish","type":"page","link":"https:\/\/www.explorelulea.com\/fr\/aller\/cours-descalade\/","title":{"rendered":"Cours d&#039;escalade"},"content":{"rendered":"<div data-elementor-type=\"wp-page\" data-elementor-id=\"2292\" class=\"elementor elementor-2292\" data-elementor-post-type=\"page\">\n\t\t\t\t<div class=\"elementor-element elementor-element-ed67864 e-flex e-con-boxed e-con e-parent\" data-id=\"ed67864\" data-element_type=\"container\" data-settings=\"{&quot;background_background&quot;:&quot;classic&quot;}\">\n\t\t\t\t\t<div class=\"e-con-inner\">\n\t\t<div class=\"elementor-element elementor-element-ca7071d e-con-full e-flex e-con e-parent\" data-id=\"ca7071d\" data-element_type=\"container\">\n\t\t\t\t<div class=\"elementor-element elementor-element-c1ecd1c elementor-widget elementor-widget-text-editor\" data-id=\"c1ecd1c\" data-element_type=\"widget\" data-widget_type=\"text-editor.default\">\n\t\t\t\t<div class=\"elementor-widget-container\">\n\t\t\t\t\t\t\t\t\t<p>Escalade<\/p>\t\t\t\t\t\t\t\t<\/div>\n\t\t\t\t<\/div>\n\t\t\t\t<div class=\"elementor-element elementor-element-faa525e elementor-widget elementor-widget-heading\" data-id=\"faa525e\" data-element_type=\"widget\" data-widget_type=\"heading.default\">\n\t\t\t\t<div class=\"elementor-widget-container\">\n\t\t\t\t\t<h1 class=\"elementor-heading-title elementor-size-xl\">Des stages d&#039;escalade cet \u00e9t\u00e9 ?<\/h1>\t\t\t\t<\/div>\n\t\t\t\t<\/div>\n\t\t\t\t<\/div>\n\t\t\t\t\t<\/div>\n\t\t\t\t<\/div>\n\t\t<div class=\"elementor-element elementor-element-2fc48d9 e-flex e-con-boxed e-con e-parent\" data-id=\"2fc48d9\" data-element_type=\"container\">\n\t\t\t\t\t<div class=\"e-con-inner\">\n\t\t\t\t<div class=\"elementor-element elementor-element-8bd9b50 elementor-widget elementor-widget-heading\" data-id=\"8bd9b50\" data-element_type=\"widget\" data-widget_type=\"heading.default\">\n\t\t\t\t<div class=\"elementor-widget-container\">\n\t\t\t\t\t<h2 class=\"elementor-heading-title elementor-size-medium\">Envie d&#039;apprendre \u00e0 grimper ou d&#039;am\u00e9liorer vos comp\u00e9tences existantes ?<\/h2>\t\t\t\t<\/div>\n\t\t\t\t<\/div>\n\t\t\t\t<div class=\"elementor-element elementor-element-f49ed59 elementor-widget elementor-widget-text-editor\" data-id=\"f49ed59\" data-element_type=\"widget\" data-widget_type=\"text-editor.default\">\n\t\t\t\t<div class=\"elementor-widget-container\">\n\t\t\t\t\t\t\t\t\t<p>Ensuite, vous pouvez suivre l&#039;un de nos cours d&#039;escalade standardis\u00e9s o\u00f9 tout l&#039;\u00e9quipement est disponible pour emprunter si n\u00e9cessaire et un instructeur autoris\u00e9 enseigne le cours.<br>Nos cours d&#039;escalade \u00e0 Lule\u00e5 sont cr\u00e9\u00e9s selon les normes de l&#039;Association Su\u00e9doise d&#039;Escalade et nous offrons :<br>Cours d&#039;escalade de base<br>Cours de perfectionnement escalade<br>Cours de sauvetage 1<br>Cours de sauvetage 2<br>Cours sp\u00e9cial (celui-ci est enti\u00e8rement adapt\u00e9 \u00e0 vos souhaits et besoins).<\/p>\n<p>En savoir plus sur nos cours d&#039;escalade en plein air sur les pages respectives ci-dessous.<\/p>\n<p><\/p>\t\t\t\t\t\t\t\t<\/div>\n\t\t\t\t<\/div>\n\t\t\t\t<div class=\"elementor-element elementor-element-f97a454 elementor-widget elementor-widget-button\" data-id=\"f97a454\" data-element_type=\"widget\" data-widget_type=\"button.default\">\n\t\t\t\t<div class=\"elementor-widget-container\">\n\t\t\t\t\t\t\t\t\t<div class=\"elementor-button-wrapper\">\n\t\t\t\t\t<a class=\"elementor-button elementor-button-link elementor-size-sm\" href=\"https:\/\/www.explorelulea.com\/fr\/contact\/\">\n\t\t\t\t\t\t<span class=\"elementor-button-content-wrapper\">\n\t\t\t\t\t\t\t\t\t<span class=\"elementor-button-text\">Contacter<\/span>\n\t\t\t\t\t<\/span>\n\t\t\t\t\t<\/a>\n\t\t\t\t<\/div>\n\t\t\t\t\t\t\t\t<\/div>\n\t\t\t\t<\/div>\n\t\t\t\t\t<\/div>\n\t\t\t\t<\/div>\n\t\t<div class=\"elementor-element elementor-element-babfc13 e-flex e-con-boxed e-con e-parent\" data-id=\"babfc13\" data-element_type=\"container\" data-settings=\"{&quot;background_background&quot;:&quot;classic&quot;}\">\n\t\t\t\t\t<div class=\"e-con-inner\">\n\t\t\t\t<div class=\"elementor-element elementor-element-f2c386a elementor-widget elementor-widget-heading\" data-id=\"f2c386a\" data-element_type=\"widget\" data-widget_type=\"heading.default\">\n\t\t\t\t<div class=\"elementor-widget-container\">\n\t\t\t\t\t<h3 class=\"elementor-heading-title elementor-size-default\">Nos stages d&#039;escalade<\/h3>\t\t\t\t<\/div>\n\t\t\t\t<\/div>\n\t\t\t\t<div class=\"elementor-element elementor-element-20509ad elementor-posts__hover-none elementor-grid-3 elementor-grid-tablet-2 elementor-grid-mobile-1 elementor-posts--thumbnail-top elementor-widget elementor-widget-posts\" data-id=\"20509ad\" data-element_type=\"widget\" data-settings=\"{&quot;cards_columns&quot;:&quot;3&quot;,&quot;cards_columns_tablet&quot;:&quot;2&quot;,&quot;cards_columns_mobile&quot;:&quot;1&quot;,&quot;cards_row_gap&quot;:{&quot;unit&quot;:&quot;px&quot;,&quot;size&quot;:35,&quot;sizes&quot;:[]},&quot;cards_row_gap_tablet&quot;:{&quot;unit&quot;:&quot;px&quot;,&quot;size&quot;:&quot;&quot;,&quot;sizes&quot;:[]},&quot;cards_row_gap_mobile&quot;:{&quot;unit&quot;:&quot;px&quot;,&quot;size&quot;:&quot;&quot;,&quot;sizes&quot;:[]}}\" data-widget_type=\"posts.cards\">\n\t\t\t\t<div class=\"elementor-widget-container\">\n\t\t\t\t\t\t\t<div class=\"elementor-posts-container elementor-posts elementor-posts--skin-cards elementor-grid\" role=\"list\">\n\t\t\t\t<article class=\"elementor-post elementor-grid-item post-2660 aktivitet type-aktivitet status-publish has-post-thumbnail hentry category-klatterkurs\" role=\"listitem\">\n\t\t\t<div class=\"elementor-post__card\">\n\t\t\t\t<a class=\"elementor-post__thumbnail__link\" href=\"https:\/\/www.explorelulea.com\/fr\/activite\/cours-descalade-de-base\/\" tabindex=\"-1\" ><div class=\"elementor-post__thumbnail\"><img fetchpriority=\"high\" decoding=\"async\" width=\"768\" height=\"512\" src=\"https:\/\/www.explorelulea.com\/wp-content\/uploads\/2023\/06\/DSC05280-768x512.jpg\" class=\"attachment-medium_large size-medium_large wp-image-2733\" alt=\"\" srcset=\"https:\/\/www.explorelulea.com\/wp-content\/uploads\/2023\/06\/DSC05280-768x512.jpg 768w, https:\/\/www.explorelulea.com\/wp-content\/uploads\/2023\/06\/DSC05280-300x200.jpg 300w, https:\/\/www.explorelulea.com\/wp-content\/uploads\/2023\/06\/DSC05280-1024x683.jpg 1024w, https:\/\/www.explorelulea.com\/wp-content\/uploads\/2023\/06\/DSC05280-1536x1024.jpg 1536w, https:\/\/www.explorelulea.com\/wp-content\/uploads\/2023\/06\/DSC05280-2048x1366.jpg 2048w, https:\/\/www.explorelulea.com\/wp-content\/uploads\/2023\/06\/DSC05280-18x12.jpg 18w\" sizes=\"(max-width: 768px) 100vw, 768px\"><\/div><\/a>\n\t\t\t\t<div class=\"elementor-post__text\">\n\t\t\t\t<h3 class=\"elementor-post__title\">\n\t\t\t<a href=\"https:\/\/www.explorelulea.com\/fr\/activite\/cours-descalade-de-base\/\" >\n\t\t\t\tCours d&#039;escalade de base\t\t\t<\/a>\n\t\t<\/h3>\n\t\t\t\t<div class=\"elementor-post__excerpt\">\n\t\t\t\t\t<\/div>\n\t\t\t\t\t<div class=\"elementor-post__read-more-wrapper\">\n\t\t\n\t\t<a class=\"elementor-post__read-more\" href=\"https:\/\/www.explorelulea.com\/fr\/activite\/cours-descalade-de-base\/\" aria-label=\"En savoir plus sur Cours de base falaise - escalade\" tabindex=\"-1\" >\n\t\t\tLire la suite\t\t<\/a>\n\n\t\t\t\t\t<\/div>\n\t\t\t\t<\/div>\n\t\t\t\t\t<\/div>\n\t\t<\/article>\n\t\t\t\t<article class=\"elementor-post elementor-grid-item post-2675 aktivitet type-aktivitet status-publish has-post-thumbnail hentry category-klatterkurs\" role=\"listitem\">\n\t\t\t<div class=\"elementor-post__card\">\n\t\t\t\t<a class=\"elementor-post__thumbnail__link\" href=\"https:\/\/www.explorelulea.com\/fr\/activite\/cours-de-continuation-rock\/\" tabindex=\"-1\" ><div class=\"elementor-post__thumbnail\"><img decoding=\"async\" width=\"768\" height=\"490\" src=\"https:\/\/www.explorelulea.com\/wp-content\/uploads\/2023\/03\/todo_klattra-768x490.jpg\" class=\"attachment-medium_large size-medium_large wp-image-2332\" alt=\"\" srcset=\"https:\/\/www.explorelulea.com\/wp-content\/uploads\/2023\/03\/todo_klattra-768x490.jpg 768w, https:\/\/www.explorelulea.com\/wp-content\/uploads\/2023\/03\/todo_klattra-300x191.jpg 300w, https:\/\/www.explorelulea.com\/wp-content\/uploads\/2023\/03\/todo_klattra-1024x653.jpg 1024w, https:\/\/www.explorelulea.com\/wp-content\/uploads\/2023\/03\/todo_klattra-18x12.jpg 18w, https:\/\/www.explorelulea.com\/wp-content\/uploads\/2023\/03\/todo_klattra.jpg 1400w\" sizes=\"(max-width: 768px) 100vw, 768px\"><\/div><\/a>\n\t\t\t\t<div class=\"elementor-post__text\">\n\t\t\t\t<h3 class=\"elementor-post__title\">\n\t\t\t<a href=\"https:\/\/www.explorelulea.com\/fr\/activite\/cours-de-continuation-rock\/\" >\n\t\t\t\tCours d&#039;escalade avanc\u00e9\t\t\t<\/a>\n\t\t<\/h3>\n\t\t\t\t<div class=\"elementor-post__excerpt\">\n\t\t\t<p>Plus d&#039;informations \u00e0 suivre<\/p>\t\t<\/div>\n\t\t\t\t\t<div class=\"elementor-post__read-more-wrapper\">\n\t\t\n\t\t<a class=\"elementor-post__read-more\" href=\"https:\/\/www.explorelulea.com\/fr\/activite\/cours-de-continuation-rock\/\" aria-label=\"En savoir plus sur Stage de perfectionnement falaise - escalade\" tabindex=\"-1\" >\n\t\t\tLire la suite\t\t<\/a>\n\n\t\t\t\t\t<\/div>\n\t\t\t\t<\/div>\n\t\t\t\t\t<\/div>\n\t\t<\/article>\n\t\t\t\t<article class=\"elementor-post elementor-grid-item post-2679 aktivitet type-aktivitet status-publish has-post-thumbnail hentry category-klatterkurs\" role=\"listitem\">\n\t\t\t<div class=\"elementor-post__card\">\n\t\t\t\t<a class=\"elementor-post__thumbnail__link\" href=\"https:\/\/www.explorelulea.com\/fr\/activite\/radning-parcours-1-escalade\/\" tabindex=\"-1\" ><div class=\"elementor-post__thumbnail\"><img decoding=\"async\" width=\"768\" height=\"512\" src=\"https:\/\/www.explorelulea.com\/wp-content\/uploads\/2023\/06\/DSC05048-768x512.jpg\" class=\"attachment-medium_large size-medium_large wp-image-2722\" alt=\"Escalade\" srcset=\"https:\/\/www.explorelulea.com\/wp-content\/uploads\/2023\/06\/DSC05048-768x512.jpg 768w, https:\/\/www.explorelulea.com\/wp-content\/uploads\/2023\/06\/DSC05048-300x200.jpg 300w, https:\/\/www.explorelulea.com\/wp-content\/uploads\/2023\/06\/DSC05048-1024x683.jpg 1024w, https:\/\/www.explorelulea.com\/wp-content\/uploads\/2023\/06\/DSC05048-1536x1024.jpg 1536w, https:\/\/www.explorelulea.com\/wp-content\/uploads\/2023\/06\/DSC05048-2048x1366.jpg 2048w, https:\/\/www.explorelulea.com\/wp-content\/uploads\/2023\/06\/DSC05048-18x12.jpg 18w\" sizes=\"(max-width: 768px) 100vw, 768px\" \/><\/div><\/a>\n\t\t\t\t<div class=\"elementor-post__text\">\n\t\t\t\t<h3 class=\"elementor-post__title\">\n\t\t\t<a href=\"https:\/\/www.explorelulea.com\/fr\/activite\/radning-parcours-1-escalade\/\" >\n\t\t\t\tCours de sauvetage 1 \u2013 escalade\t\t\t<\/a>\n\t\t<\/h3>\n\t\t\t\t<div class=\"elementor-post__excerpt\">\n\t\t\t<p>Plus d&#039;informations \u00e0 suivre<\/p>\t\t<\/div>\n\t\t\t\t\t<div class=\"elementor-post__read-more-wrapper\">\n\t\t\n\t\t<a class=\"elementor-post__read-more\" href=\"https:\/\/www.explorelulea.com\/fr\/activite\/radning-parcours-1-escalade\/\" aria-label=\"En savoir plus sur Stage Rescue 1 - escalade\" tabindex=\"-1\" >\n\t\t\tLire la suite\t\t<\/a>\n\n\t\t\t\t\t<\/div>\n\t\t\t\t<\/div>\n\t\t\t\t\t<\/div>\n\t\t<\/article>\n\t\t\t\t<article class=\"elementor-post elementor-grid-item post-2684 aktivitet type-aktivitet status-publish has-post-thumbnail hentry category-klatterkurs\" role=\"listitem\">\n\t\t\t<div class=\"elementor-post__card\">\n\t\t\t\t<a class=\"elementor-post__thumbnail__link\" href=\"https:\/\/www.explorelulea.com\/fr\/activite\/radning-parcours-2-escalade\/\" tabindex=\"-1\" ><div class=\"elementor-post__thumbnail\"><img loading=\"lazy\" decoding=\"async\" width=\"768\" height=\"512\" src=\"https:\/\/www.explorelulea.com\/wp-content\/uploads\/2023\/06\/IMG_3073-Redigera-3-768x512.jpg\" class=\"attachment-medium_large size-medium_large wp-image-2727\" alt=\"\" srcset=\"https:\/\/www.explorelulea.com\/wp-content\/uploads\/2023\/06\/IMG_3073-Redigera-3-768x512.jpg 768w, https:\/\/www.explorelulea.com\/wp-content\/uploads\/2023\/06\/IMG_3073-Redigera-3-300x200.jpg 300w, https:\/\/www.explorelulea.com\/wp-content\/uploads\/2023\/06\/IMG_3073-Redigera-3-1024x683.jpg 1024w, https:\/\/www.explorelulea.com\/wp-content\/uploads\/2023\/06\/IMG_3073-Redigera-3-1536x1024.jpg 1536w, https:\/\/www.explorelulea.com\/wp-content\/uploads\/2023\/06\/IMG_3073-Redigera-3-2048x1366.jpg 2048w, https:\/\/www.explorelulea.com\/wp-content\/uploads\/2023\/06\/IMG_3073-Redigera-3-18x12.jpg 18w\" sizes=\"(max-width: 768px) 100vw, 768px\"><\/div><\/a>\n\t\t\t\t<div class=\"elementor-post__text\">\n\t\t\t\t<h3 class=\"elementor-post__title\">\n\t\t\t<a href=\"https:\/\/www.explorelulea.com\/fr\/activite\/radning-parcours-2-escalade\/\" >\n\t\t\t\tCours de sauvetage 2 \u2013 escalade\t\t\t<\/a>\n\t\t<\/h3>\n\t\t\t\t<div class=\"elementor-post__excerpt\">\n\t\t\t<p>Plus d&#039;informations \u00e0 suivre<\/p>\t\t<\/div>\n\t\t\t\t\t<div class=\"elementor-post__read-more-wrapper\">\n\t\t\n\t\t<a class=\"elementor-post__read-more\" href=\"https:\/\/www.explorelulea.com\/fr\/activite\/radning-parcours-2-escalade\/\" aria-label=\"En savoir plus sur Stage Rescue 2 - escalade\" tabindex=\"-1\" >\n\t\t\tLire la suite\t\t<\/a>\n\n\t\t\t\t\t<\/div>\n\t\t\t\t<\/div>\n\t\t\t\t\t<\/div>\n\t\t<\/article>\n\t\t\t\t<article class=\"elementor-post elementor-grid-item post-2687 aktivitet type-aktivitet status-publish has-post-thumbnail hentry category-klatterkurs\" role=\"listitem\">\n\t\t\t<div class=\"elementor-post__card\">\n\t\t\t\t<a class=\"elementor-post__thumbnail__link\" href=\"https:\/\/www.explorelulea.com\/fr\/activite\/cours-special-escalade\/\" tabindex=\"-1\" ><div class=\"elementor-post__thumbnail\"><img loading=\"lazy\" decoding=\"async\" width=\"768\" height=\"1024\" src=\"https:\/\/www.explorelulea.com\/wp-content\/uploads\/2023\/06\/Sportkurs-768x1024.jpg\" class=\"attachment-medium_large size-medium_large wp-image-2734\" alt=\"\" srcset=\"https:\/\/www.explorelulea.com\/wp-content\/uploads\/2023\/06\/Sportkurs-768x1024.jpg 768w, https:\/\/www.explorelulea.com\/wp-content\/uploads\/2023\/06\/Sportkurs-225x300.jpg 225w, https:\/\/www.explorelulea.com\/wp-content\/uploads\/2023\/06\/Sportkurs-1152x1536.jpg 1152w, https:\/\/www.explorelulea.com\/wp-content\/uploads\/2023\/06\/Sportkurs-9x12.jpg 9w, https:\/\/www.explorelulea.com\/wp-content\/uploads\/2023\/06\/Sportkurs.jpg 1536w\" sizes=\"(max-width: 768px) 100vw, 768px\"><\/div><\/a>\n\t\t\t\t<div class=\"elementor-post__text\">\n\t\t\t\t<h3 class=\"elementor-post__title\">\n\t\t\t<a href=\"https:\/\/www.explorelulea.com\/fr\/activite\/cours-special-escalade\/\" >\n\t\t\t\tCours d&#039;escalade sportive - Sp\u00e9cialement adapt\u00e9\t\t\t<\/a>\n\t\t<\/h3>\n\t\t\t\t<div class=\"elementor-post__excerpt\">\n\t\t\t\t\t<\/div>\n\t\t\t\t\t<div class=\"elementor-post__read-more-wrapper\">\n\t\t\n\t\t<a class=\"elementor-post__read-more\" href=\"https:\/\/www.explorelulea.com\/fr\/activite\/cours-special-escalade\/\" aria-label=\"En savoir plus sur Stage d&#039;escalade sportive - Sp\u00e9cialement adapt\u00e9\" tabindex=\"-1\" >\n\t\t\tLire la suite\t\t<\/a>\n\n\t\t\t\t\t<\/div>\n\t\t\t\t<\/div>\n\t\t\t\t\t<\/div>\n\t\t<\/article>\n\t\t\t\t<\/div>\n\t\t\n\t\t\t\t\t\t<\/div>\n\t\t\t\t<\/div>\n\t\t\t\t\t<\/div>\n\t\t\t\t<\/div>\n\t\t<div class=\"elementor-element elementor-element-7e8c05e e-flex e-con-boxed e-con e-parent\" data-id=\"7e8c05e\" data-element_type=\"container\">\n\t\t\t\t\t<div class=\"e-con-inner\">\n\t\t\t\t<div class=\"elementor-element elementor-element-6609303 elementor-widget elementor-widget-gallery\" data-id=\"6609303\" data-element_type=\"widget\" data-settings=\"{&quot;gallery_layout&quot;:&quot;masonry&quot;,&quot;columns&quot;:3,&quot;lazyload&quot;:&quot;yes&quot;,&quot;columns_tablet&quot;:2,&quot;columns_mobile&quot;:1,&quot;gap&quot;:{&quot;unit&quot;:&quot;px&quot;,&quot;size&quot;:10,&quot;sizes&quot;:[]},&quot;gap_tablet&quot;:{&quot;unit&quot;:&quot;px&quot;,&quot;size&quot;:10,&quot;sizes&quot;:[]},&quot;gap_mobile&quot;:{&quot;unit&quot;:&quot;px&quot;,&quot;size&quot;:10,&quot;sizes&quot;:[]},&quot;link_to&quot;:&quot;file&quot;,&quot;overlay_background&quot;:&quot;yes&quot;,&quot;content_hover_animation&quot;:&quot;fade-in&quot;}\" data-widget_type=\"gallery.default\">\n\t\t\t\t<div class=\"elementor-widget-container\">\n\t\t\t\t\t\t\t<div class=\"elementor-gallery__container\">\n\t\t\t\t\t\t\t<a class=\"e-gallery-item elementor-gallery-item elementor-animated-content\" href=\"https:\/\/www.explorelulea.com\/wp-content\/uploads\/2022\/10\/SomUdIr0.jpeg\" data-elementor-open-lightbox=\"yes\" data-elementor-lightbox-slideshow=\"6609303\" data-elementor-lightbox-title=\"SomUdIr0\" data-e-action-hash=\"#elementor-action%3Aaction%3Dlightbox%26settings%3DeyJpZCI6NzE5LCJ1cmwiOiJodHRwczpcL1wvd3d3LmV4cGxvcmVsdWxlYS5jb21cL3dwLWNvbnRlbnRcL3VwbG9hZHNcLzIwMjJcLzEwXC9Tb21VZElyMC5qcGVnIiwic2xpZGVzaG93IjoiNjYwOTMwMyJ9\">\n\t\t\t\t\t<div class=\"e-gallery-image elementor-gallery-item__image\" data-thumbnail=\"https:\/\/www.explorelulea.com\/wp-content\/uploads\/2022\/10\/SomUdIr0-681x1024.jpeg\" data-width=\"681\" data-height=\"1024\" aria-label=\"\" role=\"img\" ><\/div>\n\t\t\t\t\t\t\t\t\t\t\t<div class=\"elementor-gallery-item__overlay\"><\/div>\n\t\t\t\t\t\t\t\t\t\t\t\t\t\t<\/a>\n\t\t\t\t\t\t\t<a class=\"e-gallery-item elementor-gallery-item elementor-animated-content\" href=\"https:\/\/www.explorelulea.com\/wp-content\/uploads\/2022\/10\/LT0CtB5Q.jpeg\" data-elementor-open-lightbox=\"yes\" data-elementor-lightbox-slideshow=\"6609303\" data-elementor-lightbox-title=\"LT0CtB5Q\" data-e-action-hash=\"#elementor-action%3Aaction%3Dlightbox%26settings%3DeyJpZCI6NzE3LCJ1cmwiOiJodHRwczpcL1wvd3d3LmV4cGxvcmVsdWxlYS5jb21cL3dwLWNvbnRlbnRcL3VwbG9hZHNcLzIwMjJcLzEwXC9MVDBDdEI1US5qcGVnIiwic2xpZGVzaG93IjoiNjYwOTMwMyJ9\">\n\t\t\t\t\t<div class=\"e-gallery-image elementor-gallery-item__image\" data-thumbnail=\"https:\/\/www.explorelulea.com\/wp-content\/uploads\/2022\/10\/LT0CtB5Q-1024x683.jpeg\" data-width=\"800\" data-height=\"534\" aria-label=\"\" role=\"img\" ><\/div>\n\t\t\t\t\t\t\t\t\t\t\t<div class=\"elementor-gallery-item__overlay\"><\/div>\n\t\t\t\t\t\t\t\t\t\t\t\t\t\t<\/a>\n\t\t\t\t\t\t\t<a class=\"e-gallery-item elementor-gallery-item elementor-animated-content\" href=\"https:\/\/www.explorelulea.com\/wp-content\/uploads\/2022\/10\/onFR6Mf0.jpeg\" data-elementor-open-lightbox=\"yes\" data-elementor-lightbox-slideshow=\"6609303\" data-elementor-lightbox-title=\"onFR6Mf0\" data-e-action-hash=\"#elementor-action%3Aaction%3Dlightbox%26settings%3DeyJpZCI6NzE2LCJ1cmwiOiJodHRwczpcL1wvd3d3LmV4cGxvcmVsdWxlYS5jb21cL3dwLWNvbnRlbnRcL3VwbG9hZHNcLzIwMjJcLzEwXC9vbkZSNk1mMC5qcGVnIiwic2xpZGVzaG93IjoiNjYwOTMwMyJ9\">\n\t\t\t\t\t<div class=\"e-gallery-image elementor-gallery-item__image\" data-thumbnail=\"https:\/\/www.explorelulea.com\/wp-content\/uploads\/2022\/10\/onFR6Mf0-1024x683.jpeg\" data-width=\"800\" data-height=\"534\" aria-label=\"\" role=\"img\" ><\/div>\n\t\t\t\t\t\t\t\t\t\t\t<div class=\"elementor-gallery-item__overlay\"><\/div>\n\t\t\t\t\t\t\t\t\t\t\t\t\t\t<\/a>\n\t\t\t\t\t\t\t<a class=\"e-gallery-item elementor-gallery-item elementor-animated-content\" href=\"https:\/\/www.explorelulea.com\/wp-content\/uploads\/2023\/03\/todo_klattra.jpg\" data-elementor-open-lightbox=\"yes\" data-elementor-lightbox-slideshow=\"6609303\" data-elementor-lightbox-title=\"todo_klattra\" data-e-action-hash=\"#elementor-action%3Aaction%3Dlightbox%26settings%3DeyJpZCI6MjMzMiwidXJsIjoiaHR0cHM6XC9cL3d3dy5leHBsb3JlbHVsZWEuY29tXC93cC1jb250ZW50XC91cGxvYWRzXC8yMDIzXC8wM1wvdG9kb19rbGF0dHJhLmpwZyIsInNsaWRlc2hvdyI6IjY2MDkzMDMifQ%3D%3D\">\n\t\t\t\t\t<div class=\"e-gallery-image elementor-gallery-item__image\" data-thumbnail=\"https:\/\/www.explorelulea.com\/wp-content\/uploads\/2023\/03\/todo_klattra-1024x653.jpg\" data-width=\"800\" data-height=\"510\" aria-label=\"\" role=\"img\" ><\/div>\n\t\t\t\t\t\t\t\t\t\t\t<div class=\"elementor-gallery-item__overlay\"><\/div>\n\t\t\t\t\t\t\t\t\t\t\t\t\t\t<\/a>\n\t\t\t\t\t<\/div>\n\t\t\t\t\t<\/div>\n\t\t\t\t<\/div>\n\t\t\t\t\t<\/div>\n\t\t\t\t<\/div>\n\t\t\t\t<\/div>","protected":false},"excerpt":{"rendered":"<p>Des stages d&#039;escalade cet \u00e9t\u00e9 ? Envie d&#039;apprendre \u00e0 grimper ou d&#039;am\u00e9liorer vos comp\u00e9tences existantes ? Ensuite, vous pouvez suivre l&#039;un de nos cours d&#039;escalade standardis\u00e9s o\u00f9 tout le mat\u00e9riel peut \u00eatre emprunt\u00e9 si n\u00e9cessaire et o\u00f9 un instructeur agr\u00e9\u00e9 enseigne le cours. Nos cours d&#039;escalade \u00e0 Lule\u00e5 sont cr\u00e9\u00e9s selon les normes de l&#039;Association su\u00e9doise d&#039;escalade et nous proposons\u00a0: Cours de base sur le rocher. escaladeCours de perfectionnement escaladeCours de sauvetage [\u2026]<\/p>","protected":false},"author":2,"featured_media":0,"parent":2271,"menu_order":0,"comment_status":"closed","ping_status":"closed","template":"elementor_header_footer","meta":{"_acf_changed":false,"footnotes":""},"sidtyp":[],"class_list":["post-2292","page","type-page","status-publish","hentry"],"acf":[],"_links":{"self":[{"href":"https:\/\/www.explorelulea.com\/fr\/wp-json\/wp\/v2\/pages\/2292","targetHints":{"allow":["GET"]}}],"collection":[{"href":"https:\/\/www.explorelulea.com\/fr\/wp-json\/wp\/v2\/pages"}],"about":[{"href":"https:\/\/www.explorelulea.com\/fr\/wp-json\/wp\/v2\/types\/page"}],"author":[{"embeddable":true,"href":"https:\/\/www.explorelulea.com\/fr\/wp-json\/wp\/v2\/users\/2"}],"replies":[{"embeddable":true,"href":"https:\/\/www.explorelulea.com\/fr\/wp-json\/wp\/v2\/comments?post=2292"}],"version-history":[{"count":47,"href":"https:\/\/www.explorelulea.com\/fr\/wp-json\/wp\/v2\/pages\/2292\/revisions"}],"predecessor-version":[{"id":2742,"href":"https:\/\/www.explorelulea.com\/fr\/wp-json\/wp\/v2\/pages\/2292\/revisions\/2742"}],"up":[{"embeddable":true,"href":"https:\/\/www.explorelulea.com\/fr\/wp-json\/wp\/v2\/pages\/2271"}],"wp:attachment":[{"href":"https:\/\/www.explorelulea.com\/fr\/wp-json\/wp\/v2\/media?parent=2292"}],"wp:term":[{"taxonomy":"sidtyp","embeddable":true,"href":"https:\/\/www.explorelulea.com\/fr\/wp-json\/wp\/v2\/sidtyp?post=2292"}],"curies":[{"name":"wp","href":"https:\/\/api.w.org\/{rel}","templated":true}]}}