{"id":2145,"date":"2023-03-16T14:55:44","date_gmt":"2023-03-16T13:55:44","guid":{"rendered":"https:\/\/www.explorelulea.com\/?page_id=2145"},"modified":"2025-09-25T19:21:28","modified_gmt":"2025-09-25T17:21:28","slug":"evenements","status":"publish","type":"page","link":"https:\/\/www.explorelulea.com\/fr\/evenements\/","title":{"rendered":"\u00c9v\u00e9nements"},"content":{"rendered":"<div data-elementor-type=\"wp-page\" data-elementor-id=\"2145\" class=\"elementor elementor-2145\" data-elementor-post-type=\"page\">\n\t\t\t\t<div class=\"elementor-element elementor-element-023c93a e-flex e-con-boxed e-con e-parent\" data-id=\"023c93a\" data-element_type=\"container\" data-settings=\"{&quot;background_background&quot;:&quot;classic&quot;}\">\n\t\t\t\t\t<div class=\"e-con-inner\">\n\t\t<div class=\"elementor-element elementor-element-e3e462b e-con-full e-flex e-con e-child\" data-id=\"e3e462b\" data-element_type=\"container\">\n\t\t\t\t<div class=\"elementor-element elementor-element-161c07e elementor-widget elementor-widget-heading\" data-id=\"161c07e\" data-element_type=\"widget\" data-widget_type=\"heading.default\">\n\t\t\t\t<div class=\"elementor-widget-container\">\n\t\t\t\t\t<h1 class=\"elementor-heading-title elementor-size-xl\">\u00c9v\u00e9nements, concours, f\u00eates, mariages, <span style=\"color: inherit;font-family: inherit\">enterrement de vie de gar\u00e7on et de jeune fille \u00e0 Lule\u00e5<\/span><span style=\"color: inherit;font-family: inherit\"><\/span><br><\/h1>\t\t\t\t<\/div>\n\t\t\t\t<\/div>\n\t\t\t\t<div class=\"elementor-element elementor-element-b8eccc9 elementor-widget elementor-widget-text-editor\" data-id=\"b8eccc9\" data-element_type=\"widget\" data-widget_type=\"text-editor.default\">\n\t\t\t\t<div class=\"elementor-widget-container\">\n\t\t\t\t\t\t\t\t\t<p>Nous organisons des \u00e9v\u00e9nements, petits et grands.\u00a0<\/p><p>Nous pouvons \u00e9galement organiser des \u00e9v\u00e9nements dans des villes proches de Lule\u00e5, telles que Boden, Pite\u00e5, \u00c4lvsbyn, Kalix, Haparanda ou d&#039;autres ordres et villes \u00e0 proximit\u00e9.<\/p>\t\t\t\t\t\t\t\t<\/div>\n\t\t\t\t<\/div>\n\t\t\t\t<\/div>\n\t\t\t\t\t<\/div>\n\t\t\t\t<\/div>\n\t\t<div class=\"elementor-element elementor-element-d2dcf87 e-flex e-con-boxed e-con e-parent\" data-id=\"d2dcf87\" data-element_type=\"container\" data-settings=\"{&quot;background_background&quot;:&quot;classic&quot;}\">\n\t\t\t\t\t<div class=\"e-con-inner\">\n\t\t<div class=\"elementor-element elementor-element-012eee7 e-con-full e-flex e-con e-child\" data-id=\"012eee7\" data-element_type=\"container\">\n\t\t\t\t<div class=\"elementor-element elementor-element-b057fde elementor-widget elementor-widget-image\" data-id=\"b057fde\" data-element_type=\"widget\" data-widget_type=\"image.default\">\n\t\t\t\t<div class=\"elementor-widget-container\">\n\t\t\t\t\t\t\t\t\t\t\t\t\t\t\t<img fetchpriority=\"high\" decoding=\"async\" width=\"800\" height=\"601\" src=\"https:\/\/www.explorelulea.com\/wp-content\/uploads\/2023\/03\/LuleaSeaIceMarathon2-1024x769.jpg\" class=\"attachment-large size-large wp-image-2172\" alt=\"Marathon de glace de mer de Lule\u00e5\" srcset=\"https:\/\/www.explorelulea.com\/wp-content\/uploads\/2023\/03\/LuleaSeaIceMarathon2-1024x769.jpg 1024w, https:\/\/www.explorelulea.com\/wp-content\/uploads\/2023\/03\/LuleaSeaIceMarathon2-300x225.jpg 300w, https:\/\/www.explorelulea.com\/wp-content\/uploads\/2023\/03\/LuleaSeaIceMarathon2-768x577.jpg 768w, https:\/\/www.explorelulea.com\/wp-content\/uploads\/2023\/03\/LuleaSeaIceMarathon2-16x12.jpg 16w, https:\/\/www.explorelulea.com\/wp-content\/uploads\/2023\/03\/LuleaSeaIceMarathon2.jpg 1397w\" sizes=\"(max-width: 800px) 100vw, 800px\" \/>\t\t\t\t\t\t\t\t\t\t\t\t\t\t\t<\/div>\n\t\t\t\t<\/div>\n\t\t\t\t<div class=\"elementor-element elementor-element-fbfaac2 elementor-widget elementor-widget-heading\" data-id=\"fbfaac2\" data-element_type=\"widget\" data-widget_type=\"heading.default\">\n\t\t\t\t<div class=\"elementor-widget-container\">\n\t\t\t\t\t<h1 class=\"elementor-heading-title elementor-size-xl\">Marathon de glace de mer de Lulea<\/h1>\t\t\t\t<\/div>\n\t\t\t\t<\/div>\n\t\t\t\t<div class=\"elementor-element elementor-element-73d7978 elementor-widget elementor-widget-text-editor\" data-id=\"73d7978\" data-element_type=\"widget\" data-widget_type=\"text-editor.default\">\n\t\t\t\t<div class=\"elementor-widget-container\">\n\t\t\t\t\t\t\t\t\t<p>Une comp\u00e9tition de course \u00e0 pied de classe mondiale sur glace naturelle!<br \/>42 km + 21 km + 10 km + 5 km<\/p><p>Sea Ice Marathon est une collaboration entre Explore Lule\u00e5, Icebug et Schaatsen Grand Prix<\/p>\t\t\t\t\t\t\t\t<\/div>\n\t\t\t\t<\/div>\n\t\t\t\t<div class=\"elementor-element elementor-element-8853cc0 elementor-widget elementor-widget-button\" data-id=\"8853cc0\" data-element_type=\"widget\" data-widget_type=\"button.default\">\n\t\t\t\t<div class=\"elementor-widget-container\">\n\t\t\t\t\t\t\t\t\t<div class=\"elementor-button-wrapper\">\n\t\t\t\t\t<a class=\"elementor-button elementor-button-link elementor-size-sm\" href=\"https:\/\/www.explorelulea.com\/fr\/marathon-de-glace-de-mer\/\">\n\t\t\t\t\t\t<span class=\"elementor-button-content-wrapper\">\n\t\t\t\t\t\t\t\t\t<span class=\"elementor-button-text\">Lire la suite<\/span>\n\t\t\t\t\t<\/span>\n\t\t\t\t\t<\/a>\n\t\t\t\t<\/div>\n\t\t\t\t\t\t\t\t<\/div>\n\t\t\t\t<\/div>\n\t\t\t\t<\/div>\n\t\t<div class=\"elementor-element elementor-element-0045773 e-con-full e-flex e-con e-child\" data-id=\"0045773\" data-element_type=\"container\">\n\t\t\t\t<div class=\"elementor-element elementor-element-9c791a5 elementor-widget elementor-widget-video\" data-id=\"9c791a5\" data-element_type=\"widget\" data-settings=\"{&quot;youtube_url&quot;:&quot;https:\\\/\\\/youtu.be\\\/bOWRtxvwBaY&quot;,&quot;show_image_overlay&quot;:&quot;yes&quot;,&quot;image_overlay&quot;:{&quot;url&quot;:&quot;https:\\\/\\\/www.explorelulea.com\\\/wp-content\\\/uploads\\\/2022\\\/10\\\/tipitentfilmbackup.jpg&quot;,&quot;id&quot;:307,&quot;size&quot;:&quot;&quot;,&quot;alt&quot;:&quot;&quot;,&quot;source&quot;:&quot;library&quot;},&quot;video_type&quot;:&quot;youtube&quot;,&quot;controls&quot;:&quot;yes&quot;}\" data-widget_type=\"video.default\">\n\t\t\t\t<div class=\"elementor-widget-container\">\n\t\t\t\t\t\t\t<div class=\"elementor-wrapper elementor-open-inline\">\n\t\t\t<div class=\"elementor-video\"><\/div>\t\t\t\t<div class=\"elementor-custom-embed-image-overlay\" style=\"background-image: url(https:\/\/www.explorelulea.com\/wp-content\/uploads\/2022\/10\/tipitentfilmbackup.jpg);\">\n\t\t\t\t\t\t\t\t\t\t\t\t\t\t\t\t<div class=\"elementor-custom-embed-play\" role=\"button\" aria-label=\"Video abspielen\" tabindex=\"0\" data-no-translation-aria-label=\"\">\n\t\t\t\t\t\t\t<svg aria-hidden=\"true\" class=\"e-font-icon-svg e-eicon-play\" viewbox=\"0 0 1000 1000\" xmlns=\"http:\/\/www.w3.org\/2000\/svg\"><path d=\"M838 162C746 71 633 25 500 25 371 25 258 71 163 162 71 254 25 367 25 500 25 633 71 746 163 837 254 929 367 979 500 979 633 979 746 933 838 837 929 746 975 633 975 500 975 367 929 254 838 162M808 192C892 279 933 379 933 500 933 621 892 725 808 808 725 892 621 938 500 938 379 938 279 896 196 808 113 725 67 621 67 500 67 379 108 279 196 192 279 108 383 62 500 62 621 62 721 108 808 192M438 392V642L642 517 438 392Z\"><\/path><\/svg>\t\t\t\t\t\t<\/div>\n\t\t\t\t\t\t\t\t\t<\/div>\n\t\t\t\t\t<\/div>\n\t\t\t\t\t\t<\/div>\n\t\t\t\t<\/div>\n\t\t\t\t<div class=\"elementor-element elementor-element-bb32aed elementor-widget elementor-widget-heading\" data-id=\"bb32aed\" data-element_type=\"widget\" data-widget_type=\"heading.default\">\n\t\t\t\t<div class=\"elementor-widget-container\">\n\t\t\t\t\t<h1 class=\"elementor-heading-title elementor-size-xl\">Lule\u00e5 Basecamp - louer une tente Tipi<\/h1>\t\t\t\t<\/div>\n\t\t\t\t<\/div>\n\t\t\t\t<div class=\"elementor-element elementor-element-8eeeb66 elementor-widget elementor-widget-text-editor\" data-id=\"8eeeb66\" data-element_type=\"widget\" data-widget_type=\"text-editor.default\">\n\t\t\t\t<div class=\"elementor-widget-container\">\n\t\t\t\t\t\t\t\t\t<p>Parfait pour les \u00e9v\u00e9nements, les entreprises, les mariages et les f\u00eates. Les tentes Tipi offrent une v\u00e9ritable sensation de nature, de qualit\u00e9 et un facteur de confort \u00e9lev\u00e9.<\/p><p>Nous avons trois tailles diff\u00e9rentes en fonction de la taille du groupe et du type d&#039;\u00e9v\u00e9nement que vous organisez.<\/p><p>Nous sommes \u00e9galement heureux d&#039;organiser des activit\u00e9s autour des tentes, nous avons un grand choix de bonnes activit\u00e9s pour les petits et les grands groupes.<\/p>\t\t\t\t\t\t\t\t<\/div>\n\t\t\t\t<\/div>\n\t\t\t\t<div class=\"elementor-element elementor-element-b3fc330 elementor-widget elementor-widget-button\" data-id=\"b3fc330\" data-element_type=\"widget\" data-widget_type=\"button.default\">\n\t\t\t\t<div class=\"elementor-widget-container\">\n\t\t\t\t\t\t\t\t\t<div class=\"elementor-button-wrapper\">\n\t\t\t\t\t<a class=\"elementor-button elementor-button-link elementor-size-sm\" href=\"https:\/\/www.explorelulea.com\/fr\/camp-de-base\/\">\n\t\t\t\t\t\t<span class=\"elementor-button-content-wrapper\">\n\t\t\t\t\t\t\t\t\t<span class=\"elementor-button-text\">Lire la suite<\/span>\n\t\t\t\t\t<\/span>\n\t\t\t\t\t<\/a>\n\t\t\t\t<\/div>\n\t\t\t\t\t\t\t\t<\/div>\n\t\t\t\t<\/div>\n\t\t\t\t<\/div>\n\t\t\t\t\t<\/div>\n\t\t\t\t<\/div>\n\t\t<div class=\"elementor-element elementor-element-c12e225 e-flex e-con-boxed e-con e-parent\" data-id=\"c12e225\" data-element_type=\"container\" data-settings=\"{&quot;background_background&quot;:&quot;classic&quot;}\">\n\t\t\t\t\t<div class=\"e-con-inner\">\n\t\t<div class=\"elementor-element elementor-element-835fb2c e-con-full e-flex e-con e-child\" data-id=\"835fb2c\" data-element_type=\"container\">\n\t\t\t\t<div class=\"elementor-element elementor-element-369f22e elementor-widget elementor-widget-image\" data-id=\"369f22e\" data-element_type=\"widget\" data-widget_type=\"image.default\">\n\t\t\t\t<div class=\"elementor-widget-container\">\n\t\t\t\t\t\t\t\t\t\t\t\t\t\t\t<img decoding=\"async\" width=\"800\" height=\"534\" src=\"https:\/\/www.explorelulea.com\/wp-content\/uploads\/2025\/02\/brollopstarta-1024x683.jpg\" class=\"attachment-large size-large wp-image-4131\" alt=\"\" srcset=\"https:\/\/www.explorelulea.com\/wp-content\/uploads\/2025\/02\/brollopstarta-1024x683.jpg 1024w, https:\/\/www.explorelulea.com\/wp-content\/uploads\/2025\/02\/brollopstarta-300x200.jpg 300w, https:\/\/www.explorelulea.com\/wp-content\/uploads\/2025\/02\/brollopstarta-768x512.jpg 768w, https:\/\/www.explorelulea.com\/wp-content\/uploads\/2025\/02\/brollopstarta-1536x1024.jpg 1536w, https:\/\/www.explorelulea.com\/wp-content\/uploads\/2025\/02\/brollopstarta-18x12.jpg 18w, https:\/\/www.explorelulea.com\/wp-content\/uploads\/2025\/02\/brollopstarta.jpg 1920w\" sizes=\"(max-width: 800px) 100vw, 800px\">\t\t\t\t\t\t\t\t\t\t\t\t\t\t\t<\/div>\n\t\t\t\t<\/div>\n\t\t\t\t<div class=\"elementor-element elementor-element-2318ed2 elementor-widget elementor-widget-heading\" data-id=\"2318ed2\" data-element_type=\"widget\" data-widget_type=\"heading.default\">\n\t\t\t\t<div class=\"elementor-widget-container\">\n\t\t\t\t\t<h1 class=\"elementor-heading-title elementor-size-xl\">Mariage<\/h1>\t\t\t\t<\/div>\n\t\t\t\t<\/div>\n\t\t\t\t<div class=\"elementor-element elementor-element-e9406ff elementor-widget elementor-widget-text-editor\" data-id=\"e9406ff\" data-element_type=\"widget\" data-widget_type=\"text-editor.default\">\n\t\t\t\t<div class=\"elementor-widget-container\">\n\t\t\t\t\t\t\t\t\t<p>Dites \u00ab\u00a0oui\u00a0\u00bb dans un cadre champ\u00eatre. Vous organisez votre mariage \u00e0 Lule\u00e5 et recherchez un lieu alliant charme, nature et ambiance champ\u00eatre\u00a0? Vous trouverez ici un lieu unique et magnifique dans une ambiance d\u00e9tendue. Nous proposons des solutions flexibles pour cr\u00e9er votre mariage sur mesure.<\/p>\t\t\t\t\t\t\t\t<\/div>\n\t\t\t\t<\/div>\n\t\t\t\t<div class=\"elementor-element elementor-element-1ef517a elementor-widget elementor-widget-button\" data-id=\"1ef517a\" data-element_type=\"widget\" data-widget_type=\"button.default\">\n\t\t\t\t<div class=\"elementor-widget-container\">\n\t\t\t\t\t\t\t\t\t<div class=\"elementor-button-wrapper\">\n\t\t\t\t\t<a class=\"elementor-button elementor-button-link elementor-size-sm\" href=\"https:\/\/www.explorelulea.com\/fr\/activite\/mariage\/\">\n\t\t\t\t\t\t<span class=\"elementor-button-content-wrapper\">\n\t\t\t\t\t\t\t\t\t<span class=\"elementor-button-text\">Lire la suite<\/span>\n\t\t\t\t\t<\/span>\n\t\t\t\t\t<\/a>\n\t\t\t\t<\/div>\n\t\t\t\t\t\t\t\t<\/div>\n\t\t\t\t<\/div>\n\t\t\t\t<\/div>\n\t\t<div class=\"elementor-element elementor-element-b812989 e-con-full e-flex e-con e-child\" data-id=\"b812989\" data-element_type=\"container\">\n\t\t\t\t<\/div>\n\t\t\t\t\t<\/div>\n\t\t\t\t<\/div>\n\t\t<div class=\"elementor-element elementor-element-e229721 e-flex e-con-boxed e-con e-parent\" data-id=\"e229721\" data-element_type=\"container\" data-settings=\"{&quot;background_background&quot;:&quot;classic&quot;}\">\n\t\t\t\t\t<div class=\"e-con-inner\">\n\t\t\t\t<div class=\"elementor-element elementor-element-d329413 elementor-widget elementor-widget-heading\" data-id=\"d329413\" data-element_type=\"widget\" data-widget_type=\"heading.default\">\n\t\t\t\t<div class=\"elementor-widget-container\">\n\t\t\t\t\t<h2 class=\"elementor-heading-title elementor-size-large\">Nos activit\u00e9s \u00e9v\u00e9nementielles<\/h2>\t\t\t\t<\/div>\n\t\t\t\t<\/div>\n\t\t\t\t<div class=\"elementor-element elementor-element-c000e5d elementor-widget__width-initial elementor-widget elementor-widget-text-editor\" data-id=\"c000e5d\" data-element_type=\"widget\" data-widget_type=\"text-editor.default\">\n\t\t\t\t<div class=\"elementor-widget-container\">\n\t\t\t\t\t\t\t\t\t<p>Des pourboires, de la nourriture et une activit\u00e9 amusante rendent l&#039;\u00e9v\u00e9nement ou la f\u00eate parfait.\u00a0<\/p>\t\t\t\t\t\t\t\t<\/div>\n\t\t\t\t<\/div>\n\t\t\t\t<div class=\"elementor-element elementor-element-2403bcb elementor-posts__hover-none elementor-grid-3 elementor-grid-tablet-2 elementor-grid-mobile-1 elementor-posts--thumbnail-top elementor-widget elementor-widget-posts\" data-id=\"2403bcb\" data-element_type=\"widget\" data-settings=\"{&quot;cards_columns&quot;:&quot;3&quot;,&quot;cards_columns_tablet&quot;:&quot;2&quot;,&quot;cards_columns_mobile&quot;:&quot;1&quot;,&quot;cards_row_gap&quot;:{&quot;unit&quot;:&quot;px&quot;,&quot;size&quot;:35,&quot;sizes&quot;:[]},&quot;cards_row_gap_tablet&quot;:{&quot;unit&quot;:&quot;px&quot;,&quot;size&quot;:&quot;&quot;,&quot;sizes&quot;:[]},&quot;cards_row_gap_mobile&quot;:{&quot;unit&quot;:&quot;px&quot;,&quot;size&quot;:&quot;&quot;,&quot;sizes&quot;:[]}}\" data-widget_type=\"posts.cards\">\n\t\t\t\t<div class=\"elementor-widget-container\">\n\t\t\t\t\t\t\t<div class=\"elementor-posts-container elementor-posts elementor-posts--skin-cards elementor-grid\" role=\"list\">\n\t\t\t\t<article class=\"elementor-post elementor-grid-item post-603 aktivitet type-aktivitet status-publish has-post-thumbnail hentry category-barnkalas category-gruppaktivitet category-startsida sasong-sommar sasong-vinter\" role=\"listitem\">\n\t\t\t<div class=\"elementor-post__card\">\n\t\t\t\t<a class=\"elementor-post__thumbnail__link\" href=\"https:\/\/www.explorelulea.com\/fr\/activite\/football-a-bulles\/\" tabindex=\"-1\" ><div class=\"elementor-post__thumbnail\"><img decoding=\"async\" width=\"768\" height=\"614\" src=\"https:\/\/www.explorelulea.com\/wp-content\/uploads\/2022\/10\/Goliat-18-768x614.jpg\" class=\"attachment-medium_large size-medium_large wp-image-2756\" alt=\"\" srcset=\"https:\/\/www.explorelulea.com\/wp-content\/uploads\/2022\/10\/Goliat-18-768x614.jpg 768w, https:\/\/www.explorelulea.com\/wp-content\/uploads\/2022\/10\/Goliat-18-300x240.jpg 300w, https:\/\/www.explorelulea.com\/wp-content\/uploads\/2022\/10\/Goliat-18-1024x819.jpg 1024w, https:\/\/www.explorelulea.com\/wp-content\/uploads\/2022\/10\/Goliat-18-15x12.jpg 15w, https:\/\/www.explorelulea.com\/wp-content\/uploads\/2022\/10\/Goliat-18.jpg 1500w\" sizes=\"(max-width: 768px) 100vw, 768px\"><\/div><\/a>\n\t\t\t\t<div class=\"elementor-post__text\">\n\t\t\t\t<h3 class=\"elementor-post__title\">\n\t\t\t<a href=\"https:\/\/www.explorelulea.com\/fr\/activite\/football-a-bulles\/\" >\n\t\t\t\tFootball \u00e0 bulles\t\t\t<\/a>\n\t\t<\/h3>\n\t\t\t\t<div class=\"elementor-post__excerpt\">\n\t\t\t<p>Une variation fantastiquement amusante sur le football mais avec un contact corporel complet. Parfait pour les f\u00eates d&#039;enfants, les \u00e9v\u00e9nements d&#039;entreprise ou les enterrements de vie de jeune fille\/gar\u00e7on.<\/p>\t\t<\/div>\n\t\t\t\t\t<div class=\"elementor-post__read-more-wrapper\">\n\t\t\n\t\t<a class=\"elementor-post__read-more\" href=\"https:\/\/www.explorelulea.com\/fr\/activite\/football-a-bulles\/\" aria-label=\"Un savoir plus sur Bubble football\" tabindex=\"-1\" >\n\t\t\tLire la suite\t\t<\/a>\n\n\t\t\t\t\t<\/div>\n\t\t\t\t<\/div>\n\t\t\t\t\t<\/div>\n\t\t<\/article>\n\t\t\t\t<article class=\"elementor-post elementor-grid-item post-599 aktivitet type-aktivitet status-publish has-post-thumbnail hentry category-barnkalas category-gruppaktivitet category-startsida sasong-sommar sasong-vinter\" role=\"listitem\">\n\t\t\t<div class=\"elementor-post__card\">\n\t\t\t\t<a class=\"elementor-post__thumbnail__link\" href=\"https:\/\/www.explorelulea.com\/fr\/activite\/tag-de-tir-a-larc-de-combat\/\" tabindex=\"-1\" ><div class=\"elementor-post__thumbnail\"><img loading=\"lazy\" decoding=\"async\" width=\"768\" height=\"614\" src=\"https:\/\/www.explorelulea.com\/wp-content\/uploads\/2022\/10\/Goliat-12-768x614.jpg\" class=\"attachment-medium_large size-medium_large wp-image-2743\" alt=\"\" srcset=\"https:\/\/www.explorelulea.com\/wp-content\/uploads\/2022\/10\/Goliat-12-768x614.jpg 768w, https:\/\/www.explorelulea.com\/wp-content\/uploads\/2022\/10\/Goliat-12-300x240.jpg 300w, https:\/\/www.explorelulea.com\/wp-content\/uploads\/2022\/10\/Goliat-12-1024x819.jpg 1024w, https:\/\/www.explorelulea.com\/wp-content\/uploads\/2022\/10\/Goliat-12-15x12.jpg 15w, https:\/\/www.explorelulea.com\/wp-content\/uploads\/2022\/10\/Goliat-12.jpg 1500w\" sizes=\"(max-width: 768px) 100vw, 768px\"><\/div><\/a>\n\t\t\t\t<div class=\"elementor-post__text\">\n\t\t\t\t<h3 class=\"elementor-post__title\">\n\t\t\t<a href=\"https:\/\/www.explorelulea.com\/fr\/activite\/tag-de-tir-a-larc-de-combat\/\" >\n\t\t\t\t\u00c9tiquette de tir \u00e0 l&#039;arc de combat\t\t\t<\/a>\n\t\t<\/h3>\n\t\t\t\t<div class=\"elementor-post__excerpt\">\n\t\t\t<p>Une activit\u00e9 parfaite \u00e0 Lule\u00e5 pour une f\u00eate d&#039;enfants, un enterrement de vie de jeune fille\/gar\u00e7on ou un groupe d&#039;amis !<\/p>\t\t<\/div>\n\t\t\t\t\t<div class=\"elementor-post__read-more-wrapper\">\n\t\t\n\t\t<a class=\"elementor-post__read-more\" href=\"https:\/\/www.explorelulea.com\/fr\/activite\/tag-de-tir-a-larc-de-combat\/\" aria-label=\"Un savoir plus sur le tag Combat archery\" tabindex=\"-1\" >\n\t\t\tLire la suite\t\t<\/a>\n\n\t\t\t\t\t<\/div>\n\t\t\t\t<\/div>\n\t\t\t\t\t<\/div>\n\t\t<\/article>\n\t\t\t\t<article class=\"elementor-post elementor-grid-item post-592 aktivitet type-aktivitet status-publish has-post-thumbnail hentry category-barnkalas category-gruppaktivitet sasong-sommar\" role=\"listitem\">\n\t\t\t<div class=\"elementor-post__card\">\n\t\t\t\t<a class=\"elementor-post__thumbnail__link\" href=\"https:\/\/www.explorelulea.com\/fr\/activite\/piste-a-haute-altitude\/\" tabindex=\"-1\" ><div class=\"elementor-post__thumbnail\"><img loading=\"lazy\" decoding=\"async\" width=\"768\" height=\"512\" src=\"https:\/\/www.explorelulea.com\/wp-content\/uploads\/2023\/04\/Guides-10-768x512.jpg\" class=\"attachment-medium_large size-medium_large wp-image-2462\" alt=\"\" srcset=\"https:\/\/www.explorelulea.com\/wp-content\/uploads\/2023\/04\/Guides-10-768x512.jpg 768w, https:\/\/www.explorelulea.com\/wp-content\/uploads\/2023\/04\/Guides-10-300x200.jpg 300w, https:\/\/www.explorelulea.com\/wp-content\/uploads\/2023\/04\/Guides-10-1024x683.jpg 1024w, https:\/\/www.explorelulea.com\/wp-content\/uploads\/2023\/04\/Guides-10-1536x1024.jpg 1536w, https:\/\/www.explorelulea.com\/wp-content\/uploads\/2023\/04\/Guides-10-18x12.jpg 18w, https:\/\/www.explorelulea.com\/wp-content\/uploads\/2023\/04\/Guides-10.jpg 1620w\" sizes=\"(max-width: 768px) 100vw, 768px\"><\/div><\/a>\n\t\t\t\t<div class=\"elementor-post__text\">\n\t\t\t\t<h3 class=\"elementor-post__title\">\n\t\t\t<a href=\"https:\/\/www.explorelulea.com\/fr\/activite\/piste-a-haute-altitude\/\" >\n\t\t\t\tPiste d&#039;altitude \u00e0 Lule\u00e5\t\t\t<\/a>\n\t\t<\/h3>\n\t\t\t\t<div class=\"elementor-post__excerpt\">\n\t\t\t<p>Vous d\u00e9fier parmi les cimes des arbres et passer entre les arbres dans divers obstacles!<\/p>\t\t<\/div>\n\t\t\t\t\t<div class=\"elementor-post__read-more-wrapper\">\n\t\t\n\t\t<a class=\"elementor-post__read-more\" href=\"https:\/\/www.explorelulea.com\/fr\/activite\/piste-a-haute-altitude\/\" aria-label=\"En savoir plus sur H\u00f6h\u00f6jdsbana \u00e0 Lule\u00e5\" tabindex=\"-1\" >\n\t\t\tLire la suite\t\t<\/a>\n\n\t\t\t\t\t<\/div>\n\t\t\t\t<\/div>\n\t\t\t\t\t<\/div>\n\t\t<\/article>\n\t\t\t\t<article class=\"elementor-post elementor-grid-item post-427 aktivitet type-aktivitet status-publish has-post-thumbnail hentry category-gruppaktivitet sasong-sommar sasong-vinter\" role=\"listitem\">\n\t\t\t<div class=\"elementor-post__card\">\n\t\t\t\t<a class=\"elementor-post__thumbnail__link\" href=\"https:\/\/www.explorelulea.com\/fr\/activite\/escalade\/\" tabindex=\"-1\" ><div class=\"elementor-post__thumbnail\"><img loading=\"lazy\" decoding=\"async\" width=\"768\" height=\"419\" src=\"https:\/\/www.explorelulea.com\/wp-content\/uploads\/2022\/10\/Eventklattring-768x419.jpeg\" class=\"attachment-medium_large size-medium_large wp-image-382\" alt=\"\" srcset=\"https:\/\/www.explorelulea.com\/wp-content\/uploads\/2022\/10\/Eventklattring-768x419.jpeg 768w, https:\/\/www.explorelulea.com\/wp-content\/uploads\/2022\/10\/Eventklattring-300x164.jpeg 300w, https:\/\/www.explorelulea.com\/wp-content\/uploads\/2022\/10\/Eventklattring.jpeg 1024w\" sizes=\"(max-width: 768px) 100vw, 768px\"><\/div><\/a>\n\t\t\t\t<div class=\"elementor-post__text\">\n\t\t\t\t<h3 class=\"elementor-post__title\">\n\t\t\t<a href=\"https:\/\/www.explorelulea.com\/fr\/activite\/escalade\/\" >\n\t\t\t\tEscalade\t\t\t<\/a>\n\t\t<\/h3>\n\t\t\t\t<div class=\"elementor-post__excerpt\">\n\t\t\t<p>Escalade \u00e0 Lule\u00e5, Boden ou \u00c4lvsbyn<\/p>\n\t\t<\/div>\n\t\t\t\t\t<div class=\"elementor-post__read-more-wrapper\">\n\t\t\n\t\t<a class=\"elementor-post__read-more\" href=\"https:\/\/www.explorelulea.com\/fr\/activite\/escalade\/\" aria-label=\"Un savoir plus sur l&#039;Escalade\" tabindex=\"-1\" >\n\t\t\tLire la suite\t\t<\/a>\n\n\t\t\t\t\t<\/div>\n\t\t\t\t<\/div>\n\t\t\t\t\t<\/div>\n\t\t<\/article>\n\t\t\t\t<article class=\"elementor-post elementor-grid-item post-613 aktivitet type-aktivitet status-publish has-post-thumbnail hentry category-gruppaktivitet sasong-sommar sasong-vinter\" role=\"listitem\">\n\t\t\t<div class=\"elementor-post__card\">\n\t\t\t\t<a class=\"elementor-post__thumbnail__link\" href=\"https:\/\/www.explorelulea.com\/fr\/activite\/le-defi\/\" tabindex=\"-1\" ><div class=\"elementor-post__thumbnail\"><img loading=\"lazy\" decoding=\"async\" width=\"768\" height=\"511\" src=\"https:\/\/www.explorelulea.com\/wp-content\/uploads\/2022\/10\/DSC_1980-768x511.jpg\" class=\"attachment-medium_large size-medium_large wp-image-619\" alt=\"\" srcset=\"https:\/\/www.explorelulea.com\/wp-content\/uploads\/2022\/10\/DSC_1980-768x511.jpg 768w, https:\/\/www.explorelulea.com\/wp-content\/uploads\/2022\/10\/DSC_1980-300x200.jpg 300w, https:\/\/www.explorelulea.com\/wp-content\/uploads\/2022\/10\/DSC_1980-1024x682.jpg 1024w, https:\/\/www.explorelulea.com\/wp-content\/uploads\/2022\/10\/DSC_1980-1536x1022.jpg 1536w, https:\/\/www.explorelulea.com\/wp-content\/uploads\/2022\/10\/DSC_1980-2048x1363.jpg 2048w\" sizes=\"(max-width: 768px) 100vw, 768px\"><\/div><\/a>\n\t\t\t\t<div class=\"elementor-post__text\">\n\t\t\t\t<h3 class=\"elementor-post__title\">\n\t\t\t<a href=\"https:\/\/www.explorelulea.com\/fr\/activite\/le-defi\/\" >\n\t\t\t\tLe d\u00e9fi\t\t\t<\/a>\n\t\t<\/h3>\n\t\t\t\t<div class=\"elementor-post__excerpt\">\n\t\t\t<p>Voulez-vous d\u00e9fier vos coll\u00e8gues, vos amis ou peut-\u00eatre votre famille \u00e0 quelque chose de cool, d&#039;intelligent et de stimulant\u00a0? Regardez ici !<\/p>\t\t<\/div>\n\t\t\t\t\t<div class=\"elementor-post__read-more-wrapper\">\n\t\t\n\t\t<a class=\"elementor-post__read-more\" href=\"https:\/\/www.explorelulea.com\/fr\/activite\/le-defi\/\" aria-label=\"Un savoir plus sur Le d\u00e9fi\" tabindex=\"-1\" >\n\t\t\tLire la suite\t\t<\/a>\n\n\t\t\t\t\t<\/div>\n\t\t\t\t<\/div>\n\t\t\t\t\t<\/div>\n\t\t<\/article>\n\t\t\t\t<\/div>\n\t\t\n\t\t\t\t\t\t<\/div>\n\t\t\t\t<\/div>\n\t\t\t\t\t<\/div>\n\t\t\t\t<\/div>\n\t\t\t\t<\/div>","protected":false},"excerpt":{"rendered":"<p>\u00c9v\u00e9nements, concours, f\u00eates, enterrements de vie de gar\u00e7on et de fille \u00e0 Lule\u00e5 Nous organisons des \u00e9v\u00e9nements, petits et grands. Nous pouvons \u00e9galement organiser des \u00e9v\u00e9nements dans des villes proches de Lule\u00e5, comme Boden, Pite\u00e5, \u00c4lvsbyn, Kalix, Haparanda ou d&#039;autres ordres et villes \u00e0 proximit\u00e9. Lulea Sea Ice Marathon Une comp\u00e9tition de course \u00e0 pied sur glace naturelle de classe mondiale 42 km + 21 km + 10 km + 5 km Sea Ice Marathon [\u2026]<\/p>","protected":false},"author":2,"featured_media":0,"parent":0,"menu_order":0,"comment_status":"closed","ping_status":"closed","template":"elementor_header_footer","meta":{"_acf_changed":false,"footnotes":""},"sidtyp":[],"class_list":["post-2145","page","type-page","status-publish","hentry"],"acf":[],"_links":{"self":[{"href":"https:\/\/www.explorelulea.com\/fr\/wp-json\/wp\/v2\/pages\/2145","targetHints":{"allow":["GET"]}}],"collection":[{"href":"https:\/\/www.explorelulea.com\/fr\/wp-json\/wp\/v2\/pages"}],"about":[{"href":"https:\/\/www.explorelulea.com\/fr\/wp-json\/wp\/v2\/types\/page"}],"author":[{"embeddable":true,"href":"https:\/\/www.explorelulea.com\/fr\/wp-json\/wp\/v2\/users\/2"}],"replies":[{"embeddable":true,"href":"https:\/\/www.explorelulea.com\/fr\/wp-json\/wp\/v2\/comments?post=2145"}],"version-history":[{"count":46,"href":"https:\/\/www.explorelulea.com\/fr\/wp-json\/wp\/v2\/pages\/2145\/revisions"}],"predecessor-version":[{"id":4406,"href":"https:\/\/www.explorelulea.com\/fr\/wp-json\/wp\/v2\/pages\/2145\/revisions\/4406"}],"wp:attachment":[{"href":"https:\/\/www.explorelulea.com\/fr\/wp-json\/wp\/v2\/media?parent=2145"}],"wp:term":[{"taxonomy":"sidtyp","embeddable":true,"href":"https:\/\/www.explorelulea.com\/fr\/wp-json\/wp\/v2\/sidtyp?post=2145"}],"curies":[{"name":"wp","href":"https:\/\/api.w.org\/{rel}","templated":true}]}}