{"id":2891,"date":"2023-08-18T15:39:04","date_gmt":"2023-08-18T13:39:04","guid":{"rendered":"https:\/\/www.explorelulea.com\/?page_id=2891"},"modified":"2023-08-18T15:43:11","modified_gmt":"2023-08-18T13:43:11","slug":"job","status":"publish","type":"page","link":"https:\/\/www.explorelulea.com\/en\/contact\/job\/","title":{"rendered":"Job"},"content":{"rendered":"<div data-elementor-type=\"wp-page\" data-elementor-id=\"2891\" class=\"elementor elementor-2891\" data-elementor-post-type=\"page\">\n\t\t\t\t<div class=\"elementor-element elementor-element-7ca3d9a e-flex e-con-boxed e-con e-parent\" data-id=\"7ca3d9a\" data-element_type=\"container\" data-settings=\"{&quot;background_background&quot;:&quot;classic&quot;}\">\n\t\t\t\t\t<div class=\"e-con-inner\">\n\t\t<div class=\"elementor-element elementor-element-d19d47e e-con-full e-flex e-con e-parent\" data-id=\"d19d47e\" data-element_type=\"container\">\n\t\t\t\t<div class=\"elementor-element elementor-element-827afe5 elementor-widget elementor-widget-heading\" data-id=\"827afe5\" data-element_type=\"widget\" data-widget_type=\"heading.default\">\n\t\t\t\t<div class=\"elementor-widget-container\">\n\t\t\t\t\t<h1 class=\"elementor-heading-title elementor-size-xl\">Guide this winter?<\/h1>\t\t\t\t<\/div>\n\t\t\t\t<\/div>\n\t\t\t\t<\/div>\n\t\t\t\t\t<\/div>\n\t\t\t\t<\/div>\n\t\t<div class=\"elementor-element elementor-element-fa9303d e-flex e-con-boxed e-con e-parent\" data-id=\"fa9303d\" data-element_type=\"container\">\n\t\t\t\t\t<div class=\"e-con-inner\">\n\t\t\t\t<div class=\"elementor-element elementor-element-31bd6e2 elementor-widget elementor-widget-text-editor\" data-id=\"31bd6e2\" data-element_type=\"widget\" data-widget_type=\"text-editor.default\">\n\t\t\t\t<div class=\"elementor-widget-container\">\n\t\t\t\t\t\t\t\t\t<p>Scope: Full-time<br \/>Duration: 4 months, 1 Dec \u2013 31 March<br \/>Form of employment: seasonal employment<br \/>Number of jobs: 10<br \/>Requirements: Driving license B<br \/><br \/>MORE ABOUT THE JOB<br \/>Explore Lule\u00e5 continues its operations with a large charter from France that will run from December to March. We will take care of several different outdoor activities such as snowmobile tours, snowshoe hiking, ice fishing, northern lights hunts etc.<br \/><br \/>We are looking for several nature guides, preferably with experience in the profession as well as those who have completed nature guide training or similar. If you don't have any of the above experiences but are still very interested in the job and outdoor life - please get in touch anyway! Regardless of what you have done previously in the industry, it is meritorious.<br \/><br \/>Where: Lule\u00e5 and surroundings. Mainly in M\u00f6r\u00f6n 30 min from central Lule\u00e5.<br \/><br \/>Scope: Full-time and part-time with a fixed basic schedule over the season. The employment is between 1 December \u2013 31 March.<br \/>We are also looking for some part-time guides.<br \/><br \/>Salary: Fixed monthly salary<br \/><br \/>Requirements: B driving licence.\u00a0<br \/><br \/>Other qualifications: BE driver's license, scooter driver's license, trained nature\/ mountain guide, active in associations with leadership training, instructor\/ leader in something in the industry.<br \/><br \/>NOTE: We will be recruiting until we have received the entire need for guides, but we aim to be finished by the end of September, so submit your application as soon as possible.<br \/><br \/>Welcome to the world's funniest job<br \/><br \/>Apply by the end of September, we will get back to you via social media if we extend the application period.<br \/>Enter the reference Naturguide in your application<br \/><br \/>Apply via email<br \/><br \/>Email your application to<br \/><a href=\"mailto:info@explorelulea.com\" target=\"_blank\" rel=\"noopener\">info@explorelulea.com<\/a><\/p>\t\t\t\t\t\t\t\t<\/div>\n\t\t\t\t<\/div>\n\t\t\t\t\t<\/div>\n\t\t\t\t<\/div>\n\t\t\t\t<\/div>","protected":false},"excerpt":{"rendered":"<p>Guide this winter? Scope: Full-timeDuration: 4 months, 1 Dec \u2013 31 MarchEmployment form: seasonal employmentNumber of jobs: 10Requirements: Driving license B MORE ABOUT THE JOBExplore Lule\u00e5 continues its operations with a large charter operation from France that will last from December to March. We will take care of several different outdoor activities such as snowmobile tours, snowshoe hiking, ice fishing, northern lights hunts, etc. We are looking [\u2026]<\/p>","protected":false},"author":2,"featured_media":0,"parent":30,"menu_order":0,"comment_status":"closed","ping_status":"closed","template":"elementor_header_footer","meta":{"_acf_changed":false,"footnotes":""},"sidtyp":[],"class_list":["post-2891","page","type-page","status-publish","hentry"],"acf":[],"_links":{"self":[{"href":"https:\/\/www.explorelulea.com\/en\/wp-json\/wp\/v2\/pages\/2891","targetHints":{"allow":["GET"]}}],"collection":[{"href":"https:\/\/www.explorelulea.com\/en\/wp-json\/wp\/v2\/pages"}],"about":[{"href":"https:\/\/www.explorelulea.com\/en\/wp-json\/wp\/v2\/types\/page"}],"author":[{"embeddable":true,"href":"https:\/\/www.explorelulea.com\/en\/wp-json\/wp\/v2\/users\/2"}],"replies":[{"embeddable":true,"href":"https:\/\/www.explorelulea.com\/en\/wp-json\/wp\/v2\/comments?post=2891"}],"version-history":[{"count":7,"href":"https:\/\/www.explorelulea.com\/en\/wp-json\/wp\/v2\/pages\/2891\/revisions"}],"predecessor-version":[{"id":2898,"href":"https:\/\/www.explorelulea.com\/en\/wp-json\/wp\/v2\/pages\/2891\/revisions\/2898"}],"up":[{"embeddable":true,"href":"https:\/\/www.explorelulea.com\/en\/wp-json\/wp\/v2\/pages\/30"}],"wp:attachment":[{"href":"https:\/\/www.explorelulea.com\/en\/wp-json\/wp\/v2\/media?parent=2891"}],"wp:term":[{"taxonomy":"sidtyp","embeddable":true,"href":"https:\/\/www.explorelulea.com\/en\/wp-json\/wp\/v2\/sidtyp?post=2891"}],"curies":[{"name":"wp","href":"https:\/\/api.w.org\/{rel}","templated":true}]}}