{"id":856,"date":"2022-10-18T09:55:34","date_gmt":"2022-10-18T07:55:34","guid":{"rendered":"https:\/\/www.explorelulea.com\/?page_id=856"},"modified":"2022-11-02T13:42:34","modified_gmt":"2022-11-02T12:42:34","slug":"lulea-in-schwedisch-lappland","status":"publish","type":"page","link":"https:\/\/www.explorelulea.com\/de\/uber-uns\/lulea-in-schwedisch-lappland\/","title":{"rendered":"Lule\u00e5 in Schwedisch Lappland"},"content":{"rendered":"<div data-elementor-type=\"wp-page\" data-elementor-id=\"856\" class=\"elementor elementor-856\" data-elementor-post-type=\"page\">\n\t\t\t\t<div class=\"elementor-element elementor-element-de29315 e-flex e-con-boxed e-con e-parent\" data-id=\"de29315\" data-element_type=\"container\" data-settings=\"{&quot;background_background&quot;:&quot;classic&quot;}\">\n\t\t\t\t\t<div class=\"e-con-inner\">\n\t\t\t\t<div class=\"elementor-element elementor-element-d730e9b elementor-widget elementor-widget-heading\" data-id=\"d730e9b\" data-element_type=\"widget\" data-widget_type=\"heading.default\">\n\t\t\t\t<div class=\"elementor-widget-container\">\n\t\t\t\t\t<h1 class=\"elementor-heading-title elementor-size-default\">Lule\u00e5 in Schwedisch Lappland<\/h1>\t\t\t\t<\/div>\n\t\t\t\t<\/div>\n\t\t\t\t\t<\/div>\n\t\t\t\t<\/div>\n\t\t<div class=\"elementor-element elementor-element-55de03d e-flex e-con-boxed e-con e-parent\" data-id=\"55de03d\" data-element_type=\"container\" data-settings=\"{&quot;background_background&quot;:&quot;classic&quot;}\">\n\t\t\t\t\t<div class=\"e-con-inner\">\n\t\t<div class=\"elementor-element elementor-element-161c625 e-flex e-con-boxed e-con e-parent\" data-id=\"161c625\" data-element_type=\"container\">\n\t\t\t\t\t<div class=\"e-con-inner\">\n\t\t\t\t<div class=\"elementor-element elementor-element-1417f68 elementor-widget elementor-widget-image\" data-id=\"1417f68\" data-element_type=\"widget\" data-widget_type=\"image.default\">\n\t\t\t\t<div class=\"elementor-widget-container\">\n\t\t\t\t\t\t\t\t\t\t\t\t\t\t\t<img fetchpriority=\"high\" decoding=\"async\" width=\"800\" height=\"534\" src=\"https:\/\/www.explorelulea.com\/wp-content\/uploads\/2022\/10\/Northern-lights-Swedish-lap-1024x683.jpg\" class=\"attachment-large size-large wp-image-569\" alt=\"\" srcset=\"https:\/\/www.explorelulea.com\/wp-content\/uploads\/2022\/10\/Northern-lights-Swedish-lap-1024x683.jpg 1024w, https:\/\/www.explorelulea.com\/wp-content\/uploads\/2022\/10\/Northern-lights-Swedish-lap-300x200.jpg 300w, https:\/\/www.explorelulea.com\/wp-content\/uploads\/2022\/10\/Northern-lights-Swedish-lap-768x512.jpg 768w, https:\/\/www.explorelulea.com\/wp-content\/uploads\/2022\/10\/Northern-lights-Swedish-lap.jpg 1500w\" sizes=\"(max-width: 800px) 100vw, 800px\">\t\t\t\t\t\t\t\t\t\t\t\t\t\t\t<\/div>\n\t\t\t\t<\/div>\n\t\t\t\t\t<\/div>\n\t\t\t\t<\/div>\n\t\t<div class=\"elementor-element elementor-element-8e6191c e-con-full e-flex e-con e-parent\" data-id=\"8e6191c\" data-element_type=\"container\">\n\t\t\t\t<div class=\"elementor-element elementor-element-9d82248 elementor-widget elementor-widget-heading\" data-id=\"9d82248\" data-element_type=\"widget\" data-widget_type=\"heading.default\">\n\t\t\t\t<div class=\"elementor-widget-container\">\n\t\t\t\t\t<h2 class=\"elementor-heading-title elementor-size-default\">Kurz \u00fcber Schwedisch Lappland<\/h2>\t\t\t\t<\/div>\n\t\t\t\t<\/div>\n\t\t\t\t<div class=\"elementor-element elementor-element-7af7e8d elementor-widget elementor-widget-text-editor\" data-id=\"7af7e8d\" data-element_type=\"widget\" data-widget_type=\"text-editor.default\">\n\t\t\t\t<div class=\"elementor-widget-container\">\n\t\t\t\t\t\t\t\t\tLule\u00e5 ist die K\u00fcstenstadt Schwedisch Lapplands, die Ihnen sowohl eine wirklich sch\u00f6ne Winterlandschaft als auch einen Archipel mit dem Gef\u00fchl langer wei\u00dfer Weiten im Winter und Licht rund um die Uhr im Sommer dank der Mitternachtssonne bietet.\t\t\t\t\t\t\t\t<\/div>\n\t\t\t\t<\/div>\n\t\t\t\t<div class=\"elementor-element elementor-element-417f734 elementor-widget elementor-widget-button\" data-id=\"417f734\" data-element_type=\"widget\" data-widget_type=\"button.default\">\n\t\t\t\t<div class=\"elementor-widget-container\">\n\t\t\t\t\t\t\t\t\t<div class=\"elementor-button-wrapper\">\n\t\t\t\t\t<a class=\"elementor-button elementor-button-link elementor-size-sm\" href=\"https:\/\/www.explorelulea.com\/de\/reisegepack\/\">\n\t\t\t\t\t\t<span class=\"elementor-button-content-wrapper\">\n\t\t\t\t\t\t\t\t\t<span class=\"elementor-button-text\">Reisepakete buchen<\/span>\n\t\t\t\t\t<\/span>\n\t\t\t\t\t<\/a>\n\t\t\t\t<\/div>\n\t\t\t\t\t\t\t\t<\/div>\n\t\t\t\t<\/div>\n\t\t\t\t<\/div>\n\t\t\t\t\t<\/div>\n\t\t\t\t<\/div>\n\t\t<div class=\"elementor-element elementor-element-177430c e-flex e-con-boxed e-con e-parent\" data-id=\"177430c\" data-element_type=\"container\" data-settings=\"{&quot;background_background&quot;:&quot;classic&quot;}\">\n\t\t\t\t\t<div class=\"e-con-inner\">\n\t\t\t\t<div class=\"elementor-element elementor-element-78db2f0 elementor-widget elementor-widget-heading\" data-id=\"78db2f0\" data-element_type=\"widget\" data-widget_type=\"heading.default\">\n\t\t\t\t<div class=\"elementor-widget-container\">\n\t\t\t\t\t<h2 class=\"elementor-heading-title elementor-size-default\">Mehr \u00fcber die Sommer- und Winterstadt Lule\u00e5<\/h2>\t\t\t\t<\/div>\n\t\t\t\t<\/div>\n\t\t\t\t<div class=\"elementor-element elementor-element-6eef635 elementor-widget elementor-widget-text-editor\" data-id=\"6eef635\" data-element_type=\"widget\" data-widget_type=\"text-editor.default\">\n\t\t\t\t<div class=\"elementor-widget-container\">\n\t\t\t\t\t\t\t\t\t<p>Lule\u00e5 ist eine K\u00fcstenstadt in der Provinz Norrbotten. Hier k\u00f6nnen Sie alles erleben, von Spas und netten Restaurants bis hin zu wundersch\u00f6nen Naturerlebnissen. Im Zentrum gibt es eine gro\u00dfe Auswahl an Einkaufsm\u00f6glichkeiten, sowohl in kleinen Gesch\u00e4ften als auch in den Einkaufszentren Smedjan, Shopping und Strand. Sie k\u00f6nnen sich auch in einem der vielen Caf\u00e9s oder Restaurants der Stadt niederlassen.<\/p><p>Etwas au\u00dferhalb des Zentrums von Lule\u00e5 liegt das zum Weltkulturerbe geh\u00f6rende Kirchendorf Gammelstad. Im Zentrum von Gammelstad steht eine sch\u00f6ne mittelalterliche Steinkirche aus dem 15. Jahrhundert, umgeben von 405 einzigartigen Kirchenh\u00e4usern und 552 Kammern. Hier wurde einst die Stadt Lule\u00e5 gegr\u00fcndet und wuchs, bis sie im 17. Jahrhundert durch Landhebung dorthin verlegt wurde, wo heute Lule\u00e5 liegt. In der Kirchenstadt Gammelstad gibt es gem\u00fctliche Gesch\u00e4fte mit lokal gestalteten Produkten, Kunst und Kunsthandwerk. Das wundersch\u00f6ne und einzigartige Welterbe k\u00f6nnen Sie sowohl ohne als auch mit F\u00fchrung erleben, Winter wie Sommer.<\/p><p>Der Lule\u00e5-Archipel besteht aus 1.312 Inseln, Buchten und Sch\u00e4ren mit wundersch\u00f6ner Natur und gut erhaltener Kulturgeschichte. Sie k\u00f6nnen mit dem Ausflugsboot in die Sch\u00e4ren hinausfahren, entweder f\u00fcr einen angenehmen Tagesausflug oder eine l\u00e4ngere Reise mit \u00dcbernachtung in einer der H\u00fctten, die auf den Inseln gemietet werden k\u00f6nnen.<\/p><p>Im Winter k\u00f6nnen Sie eine Eisbrechertour, eine Schneemobiltour, Schneeschuhwanderungen, Nordlichtjagd, Hundeschlittenfahrten und Rentiere und Elche erleben. Im Sommer k\u00f6nnen Sie Kajak oder Stand Up Paddleboard fahren, drinnen und drau\u00dfen klettern und die H\u00f6henstrecke Upzone besuchen.<\/p><p>Jedes Jahr wird eine Eisbahn von Norra Hamn bis nach S\u00f6dra Hamn gepfl\u00fcgt. Auf der Eisbahn kann man spazieren, kicken oder skaten. In Lule\u00e5 befindet sich Schwedens gr\u00f6\u00dfte Alcatraz mit mehreren Arenen. Sie bieten unter anderem Paintball, Lasergame, Go-Kart, Prison Island, Arcade inklusive VR, Spa und Relax und Food Court.<\/p>\t\t\t\t\t\t\t\t<\/div>\n\t\t\t\t<\/div>\n\t\t\t\t\t<\/div>\n\t\t\t\t<\/div>\n\t\t<div class=\"elementor-element elementor-element-3c714f6 e-flex e-con-boxed e-con e-parent\" data-id=\"3c714f6\" data-element_type=\"container\">\n\t\t\t\t\t<div class=\"e-con-inner\">\n\t\t<div class=\"elementor-element elementor-element-ca005cb e-con-full e-flex e-con e-parent\" data-id=\"ca005cb\" data-element_type=\"container\">\n\t\t\t\t<div class=\"elementor-element elementor-element-f683aa5 elementor-widget elementor-widget-video\" data-id=\"f683aa5\" data-element_type=\"widget\" data-settings=\"{&quot;youtube_url&quot;:&quot;https:\\\/\\\/youtu.be\\\/a556tYUWmNg&quot;,&quot;video_type&quot;:&quot;youtube&quot;,&quot;controls&quot;:&quot;yes&quot;}\" data-widget_type=\"video.default\">\n\t\t\t\t<div class=\"elementor-widget-container\">\n\t\t\t\t\t\t\t<div class=\"elementor-wrapper elementor-open-inline\">\n\t\t\t<div class=\"elementor-video\"><\/div>\t\t<\/div>\n\t\t\t\t\t\t<\/div>\n\t\t\t\t<\/div>\n\t\t\t\t<div class=\"elementor-element elementor-element-173ca85 elementor-align-right elementor-widget elementor-widget-button\" data-id=\"173ca85\" data-element_type=\"widget\" data-widget_type=\"button.default\">\n\t\t\t\t<div class=\"elementor-widget-container\">\n\t\t\t\t\t\t\t\t\t<div class=\"elementor-button-wrapper\">\n\t\t\t\t\t<a class=\"elementor-button elementor-button-link elementor-size-sm\" href=\"https:\/\/www.explorelulea.com\/de\/aktivitat\/\">\n\t\t\t\t\t\t<span class=\"elementor-button-content-wrapper\">\n\t\t\t\t\t\t\t\t\t<span class=\"elementor-button-text\">Aktivit\u00e4t buchen<\/span>\n\t\t\t\t\t<\/span>\n\t\t\t\t\t<\/a>\n\t\t\t\t<\/div>\n\t\t\t\t\t\t\t\t<\/div>\n\t\t\t\t<\/div>\n\t\t\t\t<\/div>\n\t\t<div class=\"elementor-element elementor-element-279041a e-con-full e-flex e-con e-parent\" data-id=\"279041a\" data-element_type=\"container\">\n\t\t\t\t<div class=\"elementor-element elementor-element-90e3a85 elementor-widget elementor-widget-video\" data-id=\"90e3a85\" data-element_type=\"widget\" data-settings=\"{&quot;youtube_url&quot;:&quot;https:\\\/\\\/youtu.be\\\/yvDIGSdHGC0&quot;,&quot;video_type&quot;:&quot;youtube&quot;,&quot;controls&quot;:&quot;yes&quot;}\" data-widget_type=\"video.default\">\n\t\t\t\t<div class=\"elementor-widget-container\">\n\t\t\t\t\t\t\t<div class=\"elementor-wrapper elementor-open-inline\">\n\t\t\t<div class=\"elementor-video\"><\/div>\t\t<\/div>\n\t\t\t\t\t\t<\/div>\n\t\t\t\t<\/div>\n\t\t\t\t<div class=\"elementor-element elementor-element-a71ea3d elementor-align-right elementor-widget elementor-widget-button\" data-id=\"a71ea3d\" data-element_type=\"widget\" data-widget_type=\"button.default\">\n\t\t\t\t<div class=\"elementor-widget-container\">\n\t\t\t\t\t\t\t\t\t<div class=\"elementor-button-wrapper\">\n\t\t\t\t\t<a class=\"elementor-button elementor-button-link elementor-size-sm\" href=\"https:\/\/www.explorelulea.com\/de\/reisegepack\/resepaket-1\/\">\n\t\t\t\t\t\t<span class=\"elementor-button-content-wrapper\">\n\t\t\t\t\t\t\t\t\t<span class=\"elementor-button-text\">Buchen Sie Ihre Traumreise<\/span>\n\t\t\t\t\t<\/span>\n\t\t\t\t\t<\/a>\n\t\t\t\t<\/div>\n\t\t\t\t\t\t\t\t<\/div>\n\t\t\t\t<\/div>\n\t\t\t\t<\/div>\n\t\t\t\t\t<\/div>\n\t\t\t\t<\/div>\n\t\t\t\t<\/div>","protected":false},"excerpt":{"rendered":"<p>Lule\u00e5 in Schwedisch-Lappland Kurz \u00fcber Schwedisch-Lappland Lule\u00e5 ist die K\u00fcstenstadt Schwedisch-Lapplands, die Ihnen sowohl eine wirklich sch\u00f6ne Winterlandschaft als auch ein Archipel mit dem Gef\u00fchl langer wei\u00dfer Weiten im Winter und Licht rund um die Uhr im Sommer dank der Mitternachtssonne bietet. Reisepaket buchen Mehr \u00fcber die Sommer- und Winterstadt Lule\u00e5 Lule\u00e5 ist eine K\u00fcstenstadt in [\u2026]<\/p>","protected":false},"author":2,"featured_media":0,"parent":853,"menu_order":0,"comment_status":"closed","ping_status":"closed","template":"elementor_header_footer","meta":{"_acf_changed":false,"footnotes":""},"sidtyp":[],"class_list":["post-856","page","type-page","status-publish","hentry"],"acf":[],"_links":{"self":[{"href":"https:\/\/www.explorelulea.com\/de\/wp-json\/wp\/v2\/pages\/856","targetHints":{"allow":["GET"]}}],"collection":[{"href":"https:\/\/www.explorelulea.com\/de\/wp-json\/wp\/v2\/pages"}],"about":[{"href":"https:\/\/www.explorelulea.com\/de\/wp-json\/wp\/v2\/types\/page"}],"author":[{"embeddable":true,"href":"https:\/\/www.explorelulea.com\/de\/wp-json\/wp\/v2\/users\/2"}],"replies":[{"embeddable":true,"href":"https:\/\/www.explorelulea.com\/de\/wp-json\/wp\/v2\/comments?post=856"}],"version-history":[{"count":28,"href":"https:\/\/www.explorelulea.com\/de\/wp-json\/wp\/v2\/pages\/856\/revisions"}],"predecessor-version":[{"id":1454,"href":"https:\/\/www.explorelulea.com\/de\/wp-json\/wp\/v2\/pages\/856\/revisions\/1454"}],"up":[{"embeddable":true,"href":"https:\/\/www.explorelulea.com\/de\/wp-json\/wp\/v2\/pages\/853"}],"wp:attachment":[{"href":"https:\/\/www.explorelulea.com\/de\/wp-json\/wp\/v2\/media?parent=856"}],"wp:term":[{"taxonomy":"sidtyp","embeddable":true,"href":"https:\/\/www.explorelulea.com\/de\/wp-json\/wp\/v2\/sidtyp?post=856"}],"curies":[{"name":"wp","href":"https:\/\/api.w.org\/{rel}","templated":true}]}}