{"id":49,"date":"2022-09-13T10:15:24","date_gmt":"2022-09-13T08:15:24","guid":{"rendered":"https:\/\/www.explorelulea.com\/?page_id=49"},"modified":"2023-10-10T14:15:25","modified_gmt":"2023-10-10T12:15:25","slug":"blocktest","status":"publish","type":"page","link":"https:\/\/www.explorelulea.com\/de\/blocktest\/","title":{"rendered":"Blocktest"},"content":{"rendered":"<div data-elementor-type=\"wp-page\" data-elementor-id=\"49\" class=\"elementor elementor-49\" data-elementor-post-type=\"page\">\n\t\t\t\t<div class=\"elementor-element elementor-element-594c1a8 e-con-full e-flex e-con e-parent\" data-id=\"594c1a8\" data-element_type=\"container\" data-settings=\"{&quot;background_background&quot;:&quot;classic&quot;}\">\n\t\t<div class=\"elementor-element elementor-element-c0ccf0b e-con-full e-flex e-con e-child\" data-id=\"c0ccf0b\" data-element_type=\"container\">\n\t\t\t\t<div class=\"elementor-element elementor-element-aa392c6 elementor-widget elementor-widget-heading\" data-id=\"aa392c6\" data-element_type=\"widget\" data-widget_type=\"heading.default\">\n\t\t\t\t<div class=\"elementor-widget-container\">\n\t\t\t\t\t<h2 class=\"elementor-heading-title elementor-size-default\">Schneemobile im Lule\u00e5-Archipel<\/h2>\t\t\t\t<\/div>\n\t\t\t\t<\/div>\n\t\t\t\t<div class=\"elementor-element elementor-element-cd62b72 elementor-widget elementor-widget-text-editor\" data-id=\"cd62b72\" data-element_type=\"widget\" data-widget_type=\"text-editor.default\">\n\t\t\t\t<div class=\"elementor-widget-container\">\n\t\t\t\t\t\t\t\t\t<p>Willkommen zu einer unvergesslichen Schneemobiltour!<\/p>\t\t\t\t\t\t\t\t<\/div>\n\t\t\t\t<\/div>\n\t\t\t\t<div class=\"elementor-element elementor-element-8f8f83f elementor-widget elementor-widget-heading\" data-id=\"8f8f83f\" data-element_type=\"widget\" data-widget_type=\"heading.default\">\n\t\t\t\t<div class=\"elementor-widget-container\">\n\t\t\t\t\t<h2 class=\"elementor-heading-title elementor-size-default\">1490 SEK\/Person<\/h2>\t\t\t\t<\/div>\n\t\t\t\t<\/div>\n\t\t\t\t<div class=\"elementor-element elementor-element-056b039 elementor-widget elementor-widget-button\" data-id=\"056b039\" data-element_type=\"widget\" data-widget_type=\"button.default\">\n\t\t\t\t<div class=\"elementor-widget-container\">\n\t\t\t\t\t\t\t\t\t<div class=\"elementor-button-wrapper\">\n\t\t\t\t\t<a class=\"elementor-button elementor-button-link elementor-size-sm\" href=\"#\">\n\t\t\t\t\t\t<span class=\"elementor-button-content-wrapper\">\n\t\t\t\t\t\t<span class=\"elementor-button-icon\">\n\t\t\t\t<svg aria-hidden=\"true\" class=\"e-font-icon-svg e-fas-arrow-down\" viewbox=\"0 0 448 512\" xmlns=\"http:\/\/www.w3.org\/2000\/svg\"><path d=\"M413.1 222.5l22.2 22.2c9.4 9.4 9.4 24.6 0 33.9L241 473c-9.4 9.4-24.6 9.4-33.9 0L12.7 278.6c-9.4-9.4-9.4-24.6 0-33.9l22.2-22.2c9.5-9.5 25-9.3 34.3.4L184 343.4V56c0-13.3 10.7-24 24-24h32c13.3 0 24 10.7 24 24v287.4l114.8-120.5c9.3-9.8 24.8-10 34.3-.4z\"><\/path><\/svg>\t\t\t<\/span>\n\t\t\t\t\t\t\t\t\t<span class=\"elementor-button-text\">Buchen Sie unten<\/span>\n\t\t\t\t\t<\/span>\n\t\t\t\t\t<\/a>\n\t\t\t\t<\/div>\n\t\t\t\t\t\t\t\t<\/div>\n\t\t\t\t<\/div>\n\t\t\t\t<\/div>\n\t\t<div class=\"elementor-element elementor-element-a067c07 e-con-full e-flex e-con e-child\" data-id=\"a067c07\" data-element_type=\"container\">\n\t\t\t\t<div class=\"elementor-element elementor-element-ff330c2 elementor-widget elementor-widget-image\" data-id=\"ff330c2\" data-element_type=\"widget\" data-widget_type=\"image.default\">\n\t\t\t\t<div class=\"elementor-widget-container\">\n\t\t\t\t\t\t\t\t\t\t\t\t\t\t\t<img fetchpriority=\"high\" decoding=\"async\" width=\"2048\" height=\"1463\" src=\"https:\/\/www.explorelulea.com\/wp-content\/uploads\/2022\/09\/485A3584.jpg\" class=\"attachment-full size-full wp-image-52\" alt=\"\" srcset=\"https:\/\/www.explorelulea.com\/wp-content\/uploads\/2022\/09\/485A3584.jpg 2048w, https:\/\/www.explorelulea.com\/wp-content\/uploads\/2022\/09\/485A3584-300x214.jpg 300w, https:\/\/www.explorelulea.com\/wp-content\/uploads\/2022\/09\/485A3584-1024x732.jpg 1024w, https:\/\/www.explorelulea.com\/wp-content\/uploads\/2022\/09\/485A3584-768x549.jpg 768w, https:\/\/www.explorelulea.com\/wp-content\/uploads\/2022\/09\/485A3584-1536x1097.jpg 1536w\" sizes=\"(max-width: 2048px) 100vw, 2048px\">\t\t\t\t\t\t\t\t\t\t\t\t\t\t\t<\/div>\n\t\t\t\t<\/div>\n\t\t\t\t<\/div>\n\t\t\t\t<\/div>\n\t\t<div class=\"elementor-element elementor-element-c6810cd e-con-full e-flex e-con e-parent\" data-id=\"c6810cd\" data-element_type=\"container\">\n\t\t<div class=\"elementor-element elementor-element-b745747 e-con-full e-flex e-con e-child\" data-id=\"b745747\" data-element_type=\"container\">\n\t\t\t\t<div class=\"elementor-element elementor-element-31f85a1 elementor-widget elementor-widget-button\" data-id=\"31f85a1\" data-element_type=\"widget\" data-widget_type=\"button.default\">\n\t\t\t\t<div class=\"elementor-widget-container\">\n\t\t\t\t\t\t\t\t\t<div class=\"elementor-button-wrapper\">\n\t\t\t\t\t<a class=\"elementor-button elementor-button-link elementor-size-sm\" href=\"#\">\n\t\t\t\t\t\t<span class=\"elementor-button-content-wrapper\">\n\t\t\t\t\t\t<span class=\"elementor-button-icon\">\n\t\t\t\t<svg aria-hidden=\"true\" class=\"e-font-icon-svg e-fas-arrow-down\" viewbox=\"0 0 448 512\" xmlns=\"http:\/\/www.w3.org\/2000\/svg\"><path d=\"M413.1 222.5l22.2 22.2c9.4 9.4 9.4 24.6 0 33.9L241 473c-9.4 9.4-24.6 9.4-33.9 0L12.7 278.6c-9.4-9.4-9.4-24.6 0-33.9l22.2-22.2c9.5-9.5 25-9.3 34.3.4L184 343.4V56c0-13.3 10.7-24 24-24h32c13.3 0 24 10.7 24 24v287.4l114.8-120.5c9.3-9.8 24.8-10 34.3-.4z\"><\/path><\/svg>\t\t\t<\/span>\n\t\t\t\t\t\t\t\t\t<span class=\"elementor-button-text\">Buchen Sie unten<\/span>\n\t\t\t\t\t<\/span>\n\t\t\t\t\t<\/a>\n\t\t\t\t<\/div>\n\t\t\t\t\t\t\t\t<\/div>\n\t\t\t\t<\/div>\n\t\t\t\t<\/div>\n\t\t<div class=\"elementor-element elementor-element-80c12be e-con-full e-flex e-con e-child\" data-id=\"80c12be\" data-element_type=\"container\">\n\t\t\t\t<div class=\"elementor-element elementor-element-d33da9c elementor-widget elementor-widget-image\" data-id=\"d33da9c\" data-element_type=\"widget\" data-widget_type=\"image.default\">\n\t\t\t\t<div class=\"elementor-widget-container\">\n\t\t\t\t\t\t\t\t\t\t\t\t\t\t\t<img fetchpriority=\"high\" decoding=\"async\" width=\"2048\" height=\"1463\" src=\"https:\/\/www.explorelulea.com\/wp-content\/uploads\/2022\/09\/485A3584.jpg\" class=\"attachment-full size-full wp-image-52\" alt=\"\" srcset=\"https:\/\/www.explorelulea.com\/wp-content\/uploads\/2022\/09\/485A3584.jpg 2048w, https:\/\/www.explorelulea.com\/wp-content\/uploads\/2022\/09\/485A3584-300x214.jpg 300w, https:\/\/www.explorelulea.com\/wp-content\/uploads\/2022\/09\/485A3584-1024x732.jpg 1024w, https:\/\/www.explorelulea.com\/wp-content\/uploads\/2022\/09\/485A3584-768x549.jpg 768w, https:\/\/www.explorelulea.com\/wp-content\/uploads\/2022\/09\/485A3584-1536x1097.jpg 1536w\" sizes=\"(max-width: 2048px) 100vw, 2048px\">\t\t\t\t\t\t\t\t\t\t\t\t\t\t\t<\/div>\n\t\t\t\t<\/div>\n\t\t\t\t<\/div>\n\t\t\t\t<\/div>\n\t\t<div class=\"elementor-element elementor-element-d36192b e-flex e-con-boxed e-con e-parent\" data-id=\"d36192b\" data-element_type=\"container\" data-settings=\"{&quot;background_background&quot;:&quot;classic&quot;}\">\n\t\t\t\t\t<div class=\"e-con-inner\">\n\t\t\t\t<div class=\"elementor-element elementor-element-565c760 elementor-widget elementor-widget-heading\" data-id=\"565c760\" data-element_type=\"widget\" data-widget_type=\"heading.default\">\n\t\t\t\t<div class=\"elementor-widget-container\">\n\t\t\t\t\t<h2 class=\"elementor-heading-title elementor-size-default\">Schneemobil-Safari mit arktischem Essen<\/h2>\t\t\t\t<\/div>\n\t\t\t\t<\/div>\n\t\t\t\t<div class=\"elementor-element elementor-element-6b9929d elementor-widget__width-initial elementor-widget elementor-widget-text-editor\" data-id=\"6b9929d\" data-element_type=\"widget\" data-widget_type=\"text-editor.default\">\n\t\t\t\t<div class=\"elementor-widget-container\">\n\t\t\t\t\t\t\t\t\tWillkommen zu einer Rollertour, die Sie sowohl durch den Wald als auch aufs Eis f\u00fchrt! Das Mittagessen wird \u00fcber offenem Feuer zubereitet.\t\t\t\t\t\t\t\t<\/div>\n\t\t\t\t<\/div>\n\t\t\t\t<div class=\"elementor-element elementor-element-d4b959d elementor-align-center elementor-widget elementor-widget-button\" data-id=\"d4b959d\" data-element_type=\"widget\" data-widget_type=\"button.default\">\n\t\t\t\t<div class=\"elementor-widget-container\">\n\t\t\t\t\t\t\t\t\t<div class=\"elementor-button-wrapper\">\n\t\t\t\t\t<a class=\"elementor-button elementor-button-link elementor-size-sm\" href=\"https:\/\/www.explorelulea.com\/de\/aktivitat\/arktisches-essen\/\">\n\t\t\t\t\t\t<span class=\"elementor-button-content-wrapper\">\n\t\t\t\t\t\t\t\t\t<span class=\"elementor-button-text\">Weiterlesen<\/span>\n\t\t\t\t\t<\/span>\n\t\t\t\t\t<\/a>\n\t\t\t\t<\/div>\n\t\t\t\t\t\t\t\t<\/div>\n\t\t\t\t<\/div>\n\t\t\t\t\t<\/div>\n\t\t\t\t<\/div>\n\t\t<div class=\"elementor-element elementor-element-07738ff e-flex e-con-boxed e-con e-parent\" data-id=\"07738ff\" data-element_type=\"container\" data-settings=\"{&quot;background_background&quot;:&quot;classic&quot;}\">\n\t\t\t\t\t<div class=\"e-con-inner\">\n\t\t\t\t<div class=\"elementor-element elementor-element-c74cddd elementor-widget elementor-widget-heading\" data-id=\"c74cddd\" data-element_type=\"widget\" data-widget_type=\"heading.default\">\n\t\t\t\t<div class=\"elementor-widget-container\">\n\t\t\t\t\t<h2 class=\"elementor-heading-title elementor-size-default\">Klettern<\/h2>\t\t\t\t<\/div>\n\t\t\t\t<\/div>\n\t\t\t\t<div class=\"elementor-element elementor-element-dd40c63 elementor-widget__width-initial elementor-widget elementor-widget-text-editor\" data-id=\"dd40c63\" data-element_type=\"widget\" data-widget_type=\"text-editor.default\">\n\t\t\t\t<div class=\"elementor-widget-container\">\n\t\t\t\t\t\t\t\t\tSie fragen Sich, ob Klettern Ihr Ding ist, oder m\u00f6chten Sie einfach nur einen sch\u00f6nen Tag am Fels mit Ihren Freunden, Kollegen oder vielleicht Ihrer Familie verbringen? In diesem Fall sollten Sie uns dringend kontaktieren!\t\t\t\t\t\t\t\t<\/div>\n\t\t\t\t<\/div>\n\t\t\t\t<div class=\"elementor-element elementor-element-2e7b706 elementor-align-center elementor-widget elementor-widget-button\" data-id=\"2e7b706\" data-element_type=\"widget\" data-widget_type=\"button.default\">\n\t\t\t\t<div class=\"elementor-widget-container\">\n\t\t\t\t\t\t\t\t\t<div class=\"elementor-button-wrapper\">\n\t\t\t\t\t<a class=\"elementor-button elementor-button-link elementor-size-sm\" href=\"https:\/\/www.explorelulea.com\/de\/aktivitat\/klettern\/\">\n\t\t\t\t\t\t<span class=\"elementor-button-content-wrapper\">\n\t\t\t\t\t\t\t\t\t<span class=\"elementor-button-text\">Weiterlesen<\/span>\n\t\t\t\t\t<\/span>\n\t\t\t\t\t<\/a>\n\t\t\t\t<\/div>\n\t\t\t\t\t\t\t\t<\/div>\n\t\t\t\t<\/div>\n\t\t\t\t\t<\/div>\n\t\t\t\t<\/div>\n\t\t<div class=\"elementor-element elementor-element-3d61c2f e-flex e-con-boxed e-con e-parent\" data-id=\"3d61c2f\" data-element_type=\"container\" data-settings=\"{&quot;background_background&quot;:&quot;classic&quot;}\">\n\t\t\t\t\t<div class=\"e-con-inner\">\n\t\t<div class=\"elementor-element elementor-element-8b51aba e-con-full e-flex e-con e-child\" data-id=\"8b51aba\" data-element_type=\"container\" data-settings=\"{&quot;background_background&quot;:&quot;classic&quot;}\">\n\t\t\t\t<div class=\"elementor-element elementor-element-586fbdd elementor-widget elementor-widget-image\" data-id=\"586fbdd\" data-element_type=\"widget\" data-widget_type=\"image.default\">\n\t\t\t\t<div class=\"elementor-widget-container\">\n\t\t\t\t\t\t\t\t\t\t\t\t\t\t\t<img decoding=\"async\" width=\"800\" height=\"534\" src=\"https:\/\/www.explorelulea.com\/wp-content\/uploads\/2023\/04\/Guides-10-1024x683.jpg\" class=\"attachment-large size-large wp-image-2462\" alt=\"\" srcset=\"https:\/\/www.explorelulea.com\/wp-content\/uploads\/2023\/04\/Guides-10-1024x683.jpg 1024w, https:\/\/www.explorelulea.com\/wp-content\/uploads\/2023\/04\/Guides-10-300x200.jpg 300w, https:\/\/www.explorelulea.com\/wp-content\/uploads\/2023\/04\/Guides-10-768x512.jpg 768w, https:\/\/www.explorelulea.com\/wp-content\/uploads\/2023\/04\/Guides-10-1536x1024.jpg 1536w, https:\/\/www.explorelulea.com\/wp-content\/uploads\/2023\/04\/Guides-10-18x12.jpg 18w, https:\/\/www.explorelulea.com\/wp-content\/uploads\/2023\/04\/Guides-10.jpg 1620w\" sizes=\"(max-width: 800px) 100vw, 800px\">\t\t\t\t\t\t\t\t\t\t\t\t\t\t\t<\/div>\n\t\t\t\t<\/div>\n\t\t\t\t<\/div>\n\t\t<div class=\"elementor-element elementor-element-09f3e5b e-con-full e-flex e-con e-child\" data-id=\"09f3e5b\" data-element_type=\"container\">\n\t\t<div class=\"elementor-element elementor-element-0821f0b e-flex e-con-boxed e-con e-child\" data-id=\"0821f0b\" data-element_type=\"container\">\n\t\t\t\t\t<div class=\"e-con-inner\">\n\t\t\t\t<div class=\"elementor-element elementor-element-6f928ad elementor-widget elementor-widget-heading\" data-id=\"6f928ad\" data-element_type=\"widget\" data-widget_type=\"heading.default\">\n\t\t\t\t<div class=\"elementor-widget-container\">\n\t\t\t\t\t<h2 class=\"elementor-heading-title elementor-size-default\">Hochgebirgsbahn in Lule\u00e5 \u2013 trauen Sie sich?<\/h2>\t\t\t\t<\/div>\n\t\t\t\t<\/div>\n\t\t\t\t<div class=\"elementor-element elementor-element-38532cb elementor-widget elementor-widget-text-editor\" data-id=\"38532cb\" data-element_type=\"widget\" data-widget_type=\"text-editor.default\">\n\t\t\t\t<div class=\"elementor-widget-container\">\n\t\t\t\t\t\t\t\t\t<p>Willst du dich selbst oder Freunde und Bekannte herausfordern?<\/p><p>Klettern Sie \u00fcber Hindernisse in unterschiedlichen H\u00f6hen und Ebenen, schwingen Sie sich auf einer Ranke, balancieren Sie auf Baumst\u00e4mmen und Seilen, klettern Sie auf Netze, fahren Sie mit der Seilrutsche und noch mehr auf Lule\u00e5s H\u00f6henweg.<\/p>\t\t\t\t\t\t\t\t<\/div>\n\t\t\t\t<\/div>\n\t\t\t\t<div class=\"elementor-element elementor-element-f907f15 elementor-mobile-align-left elementor-widget elementor-widget-button\" data-id=\"f907f15\" data-element_type=\"widget\" data-widget_type=\"button.default\">\n\t\t\t\t<div class=\"elementor-widget-container\">\n\t\t\t\t\t\t\t\t\t<div class=\"elementor-button-wrapper\">\n\t\t\t\t\t<a class=\"elementor-button elementor-button-link elementor-size-sm\" href=\"https:\/\/www.explorelulea.com\/de\/gehen\/start-und-landebahn-in-groser-hohe-2\/\">\n\t\t\t\t\t\t<span class=\"elementor-button-content-wrapper\">\n\t\t\t\t\t\t\t\t\t<span class=\"elementor-button-text\">lies mehr und buche hier<\/span>\n\t\t\t\t\t<\/span>\n\t\t\t\t\t<\/a>\n\t\t\t\t<\/div>\n\t\t\t\t\t\t\t\t<\/div>\n\t\t\t\t<\/div>\n\t\t\t\t\t<\/div>\n\t\t\t\t<\/div>\n\t\t\t\t<\/div>\n\t\t\t\t\t<\/div>\n\t\t\t\t<\/div>\n\t\t\t\t<\/div>","protected":false},"excerpt":{"rendered":"<p>Sn\u00f6skoter i Lule\u00e5 sk\u00e4rg\u00e5rd V\u00e4lkommen p\u00e5 en skotertur som tar dig b\u00e5de genom skogen och ut p\u00e5 isen! SEK 1490 \/person Boka nedan Boka nedan Skotersafari med Artic dining V\u00e4lkommen p\u00e5 en skotertur som tar dig b\u00e5de genom skogen och ut p\u00e5 isen! Lunch tillagas \u00f6ver \u00f6ppen eld. L\u00e4s mer Kl\u00e4ttring Undrar ni om kl\u00e4ttring [&hellip;]<\/p>","protected":false},"author":2,"featured_media":0,"parent":0,"menu_order":0,"comment_status":"closed","ping_status":"closed","template":"elementor_header_footer","meta":{"_acf_changed":false,"footnotes":""},"sidtyp":[],"class_list":["post-49","page","type-page","status-publish","hentry"],"acf":[],"_links":{"self":[{"href":"https:\/\/www.explorelulea.com\/de\/wp-json\/wp\/v2\/pages\/49","targetHints":{"allow":["GET"]}}],"collection":[{"href":"https:\/\/www.explorelulea.com\/de\/wp-json\/wp\/v2\/pages"}],"about":[{"href":"https:\/\/www.explorelulea.com\/de\/wp-json\/wp\/v2\/types\/page"}],"author":[{"embeddable":true,"href":"https:\/\/www.explorelulea.com\/de\/wp-json\/wp\/v2\/users\/2"}],"replies":[{"embeddable":true,"href":"https:\/\/www.explorelulea.com\/de\/wp-json\/wp\/v2\/comments?post=49"}],"version-history":[{"count":28,"href":"https:\/\/www.explorelulea.com\/de\/wp-json\/wp\/v2\/pages\/49\/revisions"}],"predecessor-version":[{"id":3063,"href":"https:\/\/www.explorelulea.com\/de\/wp-json\/wp\/v2\/pages\/49\/revisions\/3063"}],"wp:attachment":[{"href":"https:\/\/www.explorelulea.com\/de\/wp-json\/wp\/v2\/media?parent=49"}],"wp:term":[{"taxonomy":"sidtyp","embeddable":true,"href":"https:\/\/www.explorelulea.com\/de\/wp-json\/wp\/v2\/sidtyp?post=49"}],"curies":[{"name":"wp","href":"https:\/\/api.w.org\/{rel}","templated":true}]}}