{"id":2891,"date":"2023-08-18T15:39:04","date_gmt":"2023-08-18T13:39:04","guid":{"rendered":"https:\/\/www.explorelulea.com\/?page_id=2891"},"modified":"2023-08-18T15:43:11","modified_gmt":"2023-08-18T13:43:11","slug":"arbeit","status":"publish","type":"page","link":"https:\/\/www.explorelulea.com\/de\/kontakt\/arbeit\/","title":{"rendered":"Arbeit"},"content":{"rendered":"<div data-elementor-type=\"wp-page\" data-elementor-id=\"2891\" class=\"elementor elementor-2891\" data-elementor-post-type=\"page\">\n\t\t\t\t<div class=\"elementor-element elementor-element-7ca3d9a e-flex e-con-boxed e-con e-parent\" data-id=\"7ca3d9a\" data-element_type=\"container\" data-settings=\"{&quot;background_background&quot;:&quot;classic&quot;}\">\n\t\t\t\t\t<div class=\"e-con-inner\">\n\t\t<div class=\"elementor-element elementor-element-d19d47e e-con-full e-flex e-con e-parent\" data-id=\"d19d47e\" data-element_type=\"container\">\n\t\t\t\t<div class=\"elementor-element elementor-element-827afe5 elementor-widget elementor-widget-heading\" data-id=\"827afe5\" data-element_type=\"widget\" data-widget_type=\"heading.default\">\n\t\t\t\t<div class=\"elementor-widget-container\">\n\t\t\t\t\t<h1 class=\"elementor-heading-title elementor-size-xl\">Guide f\u00fcr diesen Winter?<\/h1>\t\t\t\t<\/div>\n\t\t\t\t<\/div>\n\t\t\t\t<\/div>\n\t\t\t\t\t<\/div>\n\t\t\t\t<\/div>\n\t\t<div class=\"elementor-element elementor-element-fa9303d e-flex e-con-boxed e-con e-parent\" data-id=\"fa9303d\" data-element_type=\"container\">\n\t\t\t\t\t<div class=\"e-con-inner\">\n\t\t\t\t<div class=\"elementor-element elementor-element-31bd6e2 elementor-widget elementor-widget-text-editor\" data-id=\"31bd6e2\" data-element_type=\"widget\" data-widget_type=\"text-editor.default\">\n\t\t\t\t<div class=\"elementor-widget-container\">\n\t\t\t\t\t\t\t\t\t<p>Umfang: Vollzeit<br \/>Dauer: 4 Monate, 1. Dezember \u2013 31. M\u00e4rz<br \/>Besch\u00e4ftigungsform: Saisonbesch\u00e4ftigung<br \/>Anzahl der freien Pl\u00e4tze: 10<br \/>Voraussetzungen: F\u00fchrerschein Klasse B<br \/><br \/>MEHR ZUM JOB<br \/>Explore Lule\u00e5 setzt seine Kooperation mit einem gro\u00dfen Charteranbieter aus Frankreich von Dezember bis M\u00e4rz fort. Wir k\u00fcmmern uns um verschiedene Outdoor-Aktivit\u00e4ten wie Schneemobil Touren, Schneeschuhwanderungen, Eisfischen, Nordlichtjagd usw.<br \/><br \/>Aus diesem Grund suchen wir mehrere Guides, vorzugsweise mit Berufserfahrung sowie mit einer abgeschlossenen Naturguide Ausbildung o.\u00e4. Wenn Du keines der oben genannten Voraussetzungen erf\u00fcllst, dich aber dennoch sehr f\u00fcr den Job und das Leben in der Natur interessierst, nimm gerne Kontakt mit uns auf! Unabh\u00e4ngig davon, mit was Du zuvor in der Dienstleistungsbranche gearbeitet hast, jeder Bereich ist ein Plus.<br \/><br \/>Wo: Lule\u00e5 und Umgebung. Haupts\u00e4chlich in M\u00f6r\u00f6n, 30 Minuten vom Zentrum von Lule\u00e5 entfernt.<br \/><br \/>Umfang: Vollzeit und Teilzeit mit festem Arbeitseinsatz Plan \u00fcber die Saison. Die Besch\u00e4ftigungsdauer ist vom 1. Dezember bis zum 31. M\u00e4rz.<br \/>Wir sind auch auf der Suche nach Teilzeitkr\u00e4ften.<br \/><br \/>Gehalt: Festes Monatsgehalt<br \/><br \/>Voraussetzungen: F\u00fchrerschein der Klasse B.\u00a0<br \/><br \/>Weitere Qualifikationen: BE-F\u00fchrerschein, Schneemobil F\u00fchrerschein, ausgebildeter Natur-\/Bergf\u00fchrer, aktiv in Vereinen mit F\u00fchrungsausbildung, Ausbilder\/Leiter in der Dienstleistungsbranche.<br \/><br \/>NOTIZ. Wir werden so lange rekrutieren, bis wir den gesamten Bedarf an Guides gedeckt haben. Unser Ziel ist es jedoch, bis Ende September mit der Rekrutierung fertig zu sein. Reich also Deine Bewerbung so schnell wie m\u00f6glich ein.<br \/><br \/>Willkommen zum unterhaltsamsten, abwechslungsreichsten und sch\u00f6nsten Job der Welt<br \/><br \/>Bewirb Dich bis Ende September! Wir werden \u00fcber die sozialen Medien vermitteln, wenn wir die Bewerbungsfrist verl\u00e4ngern.<br \/>Gib in Deiner Bewerbung die Referenz Naturguide an<br \/><br \/>Bewirb Dich per E-Mail<br \/><br \/>Sende Deine Bewerbung per E-Mail an<br \/><a href=\"mailto:info@explorelulea.com\" target=\"_blank\" rel=\"noopener\">info@explorelulea.com<\/a><\/p>\t\t\t\t\t\t\t\t<\/div>\n\t\t\t\t<\/div>\n\t\t\t\t\t<\/div>\n\t\t\t\t<\/div>\n\t\t\t\t<\/div>","protected":false},"excerpt":{"rendered":"<p>Guide diesen Winter? Geltungsbereich: VollzeitDauer: 4 Monate, 1. Dezember \u2013 31. M\u00e4rzAnstellungsart: Saisonbesch\u00e4ftigungAnzahl der Jobs: 10Anforderungen: F\u00fchrerschein B MEHR \u00dcBER DEN JOBExplore Lule\u00e5 setzt seine Gesch\u00e4ftst\u00e4tigkeit mit einem gro\u00dfen Charterbetrieb aus Frankreich fort, der von Dezember bis M\u00e4rz dauern wird. Wir k\u00fcmmern uns um verschiedene Outdoor-Aktivit\u00e4ten wie Schneemobiltouren, Schneeschuhwanderungen, Eisfischen, Nordlichtjagden usw. Wir suchen [...]<\/p>","protected":false},"author":2,"featured_media":0,"parent":30,"menu_order":0,"comment_status":"closed","ping_status":"closed","template":"elementor_header_footer","meta":{"_acf_changed":false,"footnotes":""},"sidtyp":[],"class_list":["post-2891","page","type-page","status-publish","hentry"],"acf":[],"_links":{"self":[{"href":"https:\/\/www.explorelulea.com\/de\/wp-json\/wp\/v2\/pages\/2891","targetHints":{"allow":["GET"]}}],"collection":[{"href":"https:\/\/www.explorelulea.com\/de\/wp-json\/wp\/v2\/pages"}],"about":[{"href":"https:\/\/www.explorelulea.com\/de\/wp-json\/wp\/v2\/types\/page"}],"author":[{"embeddable":true,"href":"https:\/\/www.explorelulea.com\/de\/wp-json\/wp\/v2\/users\/2"}],"replies":[{"embeddable":true,"href":"https:\/\/www.explorelulea.com\/de\/wp-json\/wp\/v2\/comments?post=2891"}],"version-history":[{"count":7,"href":"https:\/\/www.explorelulea.com\/de\/wp-json\/wp\/v2\/pages\/2891\/revisions"}],"predecessor-version":[{"id":2898,"href":"https:\/\/www.explorelulea.com\/de\/wp-json\/wp\/v2\/pages\/2891\/revisions\/2898"}],"up":[{"embeddable":true,"href":"https:\/\/www.explorelulea.com\/de\/wp-json\/wp\/v2\/pages\/30"}],"wp:attachment":[{"href":"https:\/\/www.explorelulea.com\/de\/wp-json\/wp\/v2\/media?parent=2891"}],"wp:term":[{"taxonomy":"sidtyp","embeddable":true,"href":"https:\/\/www.explorelulea.com\/de\/wp-json\/wp\/v2\/sidtyp?post=2891"}],"curies":[{"name":"wp","href":"https:\/\/api.w.org\/{rel}","templated":true}]}}