{"id":2514,"date":"2023-04-27T12:44:40","date_gmt":"2023-04-27T10:44:40","guid":{"rendered":"https:\/\/www.explorelulea.com\/?page_id=2514"},"modified":"2023-06-16T17:04:44","modified_gmt":"2023-06-16T15:04:44","slug":"kinderfest","status":"publish","type":"page","link":"https:\/\/www.explorelulea.com\/de\/gehen\/kinderfest\/","title":{"rendered":"Kinderfest"},"content":{"rendered":"<div data-elementor-type=\"wp-page\" data-elementor-id=\"2514\" class=\"elementor elementor-2514\" data-elementor-post-type=\"page\">\n\t\t\t\t<div class=\"elementor-element elementor-element-2dfdb82 e-flex e-con-boxed e-con e-parent\" data-id=\"2dfdb82\" data-element_type=\"container\" data-settings=\"{&quot;background_background&quot;:&quot;classic&quot;}\">\n\t\t\t\t\t<div class=\"e-con-inner\">\n\t\t<div class=\"elementor-element elementor-element-f0c686e e-con-full e-flex e-con e-parent\" data-id=\"f0c686e\" data-element_type=\"container\">\n\t\t\t\t<div class=\"elementor-element elementor-element-783e734 elementor-widget elementor-widget-text-editor\" data-id=\"783e734\" data-element_type=\"widget\" data-widget_type=\"text-editor.default\">\n\t\t\t\t<div class=\"elementor-widget-container\">\n\t\t\t\t\t\t\t\t\t<p>Kinderfest<\/p>\t\t\t\t\t\t\t\t<\/div>\n\t\t\t\t<\/div>\n\t\t\t\t<div class=\"elementor-element elementor-element-7d1f45e elementor-widget elementor-widget-heading\" data-id=\"7d1f45e\" data-element_type=\"widget\" data-widget_type=\"heading.default\">\n\t\t\t\t<div class=\"elementor-widget-container\">\n\t\t\t\t\t<h1 class=\"elementor-heading-title elementor-size-xl\">Kinderfest f\u00fcr alle Kinder mit Laufbeinen<\/h1>\t\t\t\t<\/div>\n\t\t\t\t<\/div>\n\t\t\t\t<div class=\"elementor-element elementor-element-0b04801 elementor-widget elementor-widget-text-editor\" data-id=\"0b04801\" data-element_type=\"widget\" data-widget_type=\"text-editor.default\">\n\t\t\t\t<div class=\"elementor-widget-container\">\n\t\t\t\t\t\t\t\t\t<p>Kinder lieben es zu klettern, zu rennen und spannende Dinge zu erleben. Wir bieten die perfekte Party voller Action und Spa\u00df.<\/p><p>Sehen Sie sich unten unsere Aktivit\u00e4ten an, die f\u00fcr Kinderfeste geeignet sind.<\/p>\t\t\t\t\t\t\t\t<\/div>\n\t\t\t\t<\/div>\n\t\t\t\t<\/div>\n\t\t\t\t\t<\/div>\n\t\t\t\t<\/div>\n\t\t<div class=\"elementor-element elementor-element-67322b2 e-flex e-con-boxed e-con e-parent\" data-id=\"67322b2\" data-element_type=\"container\" data-settings=\"{&quot;background_background&quot;:&quot;classic&quot;}\">\n\t\t\t\t\t<div class=\"e-con-inner\">\n\t\t\t\t<div class=\"elementor-element elementor-element-d570f23 elementor-widget elementor-widget-heading\" data-id=\"d570f23\" data-element_type=\"widget\" data-widget_type=\"heading.default\">\n\t\t\t\t<div class=\"elementor-widget-container\">\n\t\t\t\t\t<h2 class=\"elementor-heading-title elementor-size-large\">Aktivit\u00e4ten, die f\u00fcr Kinderfeste geeignet sind<\/h2>\t\t\t\t<\/div>\n\t\t\t\t<\/div>\n\t\t\t\t<div class=\"elementor-element elementor-element-ff92d90 elementor-posts__hover-none elementor-grid-3 elementor-grid-tablet-2 elementor-grid-mobile-1 elementor-posts--thumbnail-top elementor-widget elementor-widget-posts\" data-id=\"ff92d90\" data-element_type=\"widget\" data-settings=\"{&quot;cards_columns&quot;:&quot;3&quot;,&quot;cards_columns_tablet&quot;:&quot;2&quot;,&quot;cards_columns_mobile&quot;:&quot;1&quot;,&quot;cards_row_gap&quot;:{&quot;unit&quot;:&quot;px&quot;,&quot;size&quot;:35,&quot;sizes&quot;:[]},&quot;cards_row_gap_tablet&quot;:{&quot;unit&quot;:&quot;px&quot;,&quot;size&quot;:&quot;&quot;,&quot;sizes&quot;:[]},&quot;cards_row_gap_mobile&quot;:{&quot;unit&quot;:&quot;px&quot;,&quot;size&quot;:&quot;&quot;,&quot;sizes&quot;:[]}}\" data-widget_type=\"posts.cards\">\n\t\t\t\t<div class=\"elementor-widget-container\">\n\t\t\t\t\t\t\t<div class=\"elementor-posts-container elementor-posts elementor-posts--skin-cards elementor-grid\" role=\"list\">\n\t\t\t\t<article class=\"elementor-post elementor-grid-item post-603 aktivitet type-aktivitet status-publish has-post-thumbnail hentry category-barnkalas category-gruppaktivitet category-startsida sasong-sommar sasong-vinter\" role=\"listitem\">\n\t\t\t<div class=\"elementor-post__card\">\n\t\t\t\t<a class=\"elementor-post__thumbnail__link\" href=\"https:\/\/www.explorelulea.com\/de\/aktivitat\/blase-fusball\/\" tabindex=\"-1\" ><div class=\"elementor-post__thumbnail\"><img fetchpriority=\"high\" decoding=\"async\" width=\"768\" height=\"614\" src=\"https:\/\/www.explorelulea.com\/wp-content\/uploads\/2022\/10\/Goliat-18-768x614.jpg\" class=\"attachment-medium_large size-medium_large wp-image-2756\" alt=\"\" srcset=\"https:\/\/www.explorelulea.com\/wp-content\/uploads\/2022\/10\/Goliat-18-768x614.jpg 768w, https:\/\/www.explorelulea.com\/wp-content\/uploads\/2022\/10\/Goliat-18-300x240.jpg 300w, https:\/\/www.explorelulea.com\/wp-content\/uploads\/2022\/10\/Goliat-18-1024x819.jpg 1024w, https:\/\/www.explorelulea.com\/wp-content\/uploads\/2022\/10\/Goliat-18-15x12.jpg 15w, https:\/\/www.explorelulea.com\/wp-content\/uploads\/2022\/10\/Goliat-18.jpg 1500w\" sizes=\"(max-width: 768px) 100vw, 768px\"><\/div><\/a>\n\t\t\t\t<div class=\"elementor-post__text\">\n\t\t\t\t<h3 class=\"elementor-post__title\">\n\t\t\t<a href=\"https:\/\/www.explorelulea.com\/de\/aktivitat\/blase-fusball\/\" >\n\t\t\t\tBubble-Fu\u00dfball\t\t\t<\/a>\n\t\t<\/h3>\n\t\t\t\t<div class=\"elementor-post__excerpt\">\n\t\t\t<p>Eine fantastisch unterhaltsame Variante des Fu\u00dfballs, aber mit vollem K\u00f6rperkontakt. Perfekt f\u00fcr Kinderfeste, Firmenveranstaltungen oder Junggesellenabschiede.<\/p>\t\t<\/div>\n\t\t\t\t\t<div class=\"elementor-post__read-more-wrapper\">\n\t\t\n\t\t<a class=\"elementor-post__read-more\" href=\"https:\/\/www.explorelulea.com\/de\/aktivitat\/blase-fusball\/\" aria-label=\"Mehr \u00fcber Bubble football\" tabindex=\"-1\" >\n\t\t\tWeiterlesen\t\t<\/a>\n\n\t\t\t\t\t<\/div>\n\t\t\t\t<\/div>\n\t\t\t\t\t<\/div>\n\t\t<\/article>\n\t\t\t\t<article class=\"elementor-post elementor-grid-item post-599 aktivitet type-aktivitet status-publish has-post-thumbnail hentry category-barnkalas category-gruppaktivitet category-startsida sasong-sommar sasong-vinter\" role=\"listitem\">\n\t\t\t<div class=\"elementor-post__card\">\n\t\t\t\t<a class=\"elementor-post__thumbnail__link\" href=\"https:\/\/www.explorelulea.com\/de\/aktivitat\/bogenschiesen-tag-bekampfen\/\" tabindex=\"-1\" ><div class=\"elementor-post__thumbnail\"><img decoding=\"async\" width=\"768\" height=\"614\" src=\"https:\/\/www.explorelulea.com\/wp-content\/uploads\/2022\/10\/Goliat-12-768x614.jpg\" class=\"attachment-medium_large size-medium_large wp-image-2743\" alt=\"\" srcset=\"https:\/\/www.explorelulea.com\/wp-content\/uploads\/2022\/10\/Goliat-12-768x614.jpg 768w, https:\/\/www.explorelulea.com\/wp-content\/uploads\/2022\/10\/Goliat-12-300x240.jpg 300w, https:\/\/www.explorelulea.com\/wp-content\/uploads\/2022\/10\/Goliat-12-1024x819.jpg 1024w, https:\/\/www.explorelulea.com\/wp-content\/uploads\/2022\/10\/Goliat-12-15x12.jpg 15w, https:\/\/www.explorelulea.com\/wp-content\/uploads\/2022\/10\/Goliat-12.jpg 1500w\" sizes=\"(max-width: 768px) 100vw, 768px\"><\/div><\/a>\n\t\t\t\t<div class=\"elementor-post__text\">\n\t\t\t\t<h3 class=\"elementor-post__title\">\n\t\t\t<a href=\"https:\/\/www.explorelulea.com\/de\/aktivitat\/bogenschiesen-tag-bekampfen\/\" >\n\t\t\t\tCombat Archery Tag\t\t\t<\/a>\n\t\t<\/h3>\n\t\t\t\t<div class=\"elementor-post__excerpt\">\n\t\t\t<p>Eine perfekte Aktivit\u00e4t in Lule\u00e5 f\u00fcr eine Kinderparty, einen Junggesellenabschied oder eine Gruppe von Freunden!<\/p>\t\t<\/div>\n\t\t\t\t\t<div class=\"elementor-post__read-more-wrapper\">\n\t\t\n\t\t<a class=\"elementor-post__read-more\" href=\"https:\/\/www.explorelulea.com\/de\/aktivitat\/bogenschiesen-tag-bekampfen\/\" aria-label=\"Mehr \u00fcber Combat archery tag\" tabindex=\"-1\" >\n\t\t\tWeiterlesen\t\t<\/a>\n\n\t\t\t\t\t<\/div>\n\t\t\t\t<\/div>\n\t\t\t\t\t<\/div>\n\t\t<\/article>\n\t\t\t\t<article class=\"elementor-post elementor-grid-item post-592 aktivitet type-aktivitet status-publish has-post-thumbnail hentry category-barnkalas category-gruppaktivitet sasong-sommar\" role=\"listitem\">\n\t\t\t<div class=\"elementor-post__card\">\n\t\t\t\t<a class=\"elementor-post__thumbnail__link\" href=\"https:\/\/www.explorelulea.com\/de\/aktivitat\/start-und-landebahn-in-groser-hohe\/\" tabindex=\"-1\" ><div class=\"elementor-post__thumbnail\"><img decoding=\"async\" width=\"768\" height=\"512\" src=\"https:\/\/www.explorelulea.com\/wp-content\/uploads\/2023\/04\/Guides-10-768x512.jpg\" class=\"attachment-medium_large size-medium_large wp-image-2462\" alt=\"\" srcset=\"https:\/\/www.explorelulea.com\/wp-content\/uploads\/2023\/04\/Guides-10-768x512.jpg 768w, https:\/\/www.explorelulea.com\/wp-content\/uploads\/2023\/04\/Guides-10-300x200.jpg 300w, https:\/\/www.explorelulea.com\/wp-content\/uploads\/2023\/04\/Guides-10-1024x683.jpg 1024w, https:\/\/www.explorelulea.com\/wp-content\/uploads\/2023\/04\/Guides-10-1536x1024.jpg 1536w, https:\/\/www.explorelulea.com\/wp-content\/uploads\/2023\/04\/Guides-10-18x12.jpg 18w, https:\/\/www.explorelulea.com\/wp-content\/uploads\/2023\/04\/Guides-10.jpg 1620w\" sizes=\"(max-width: 768px) 100vw, 768px\"><\/div><\/a>\n\t\t\t\t<div class=\"elementor-post__text\">\n\t\t\t\t<h3 class=\"elementor-post__title\">\n\t\t\t<a href=\"https:\/\/www.explorelulea.com\/de\/aktivitat\/start-und-landebahn-in-groser-hohe\/\" >\n\t\t\t\tHochseilgarten in Lule\u00e5\t\t\t<\/a>\n\t\t<\/h3>\n\t\t\t\t<div class=\"elementor-post__excerpt\">\n\t\t\t<p>Fordere dich zwischen den Baumwipfeln heraus und gehe \u00fcber verschiedene Hindernisse zwischen den B\u00e4umen hindurch!<\/p>\t\t<\/div>\n\t\t\t\t\t<div class=\"elementor-post__read-more-wrapper\">\n\t\t\n\t\t<a class=\"elementor-post__read-more\" href=\"https:\/\/www.explorelulea.com\/de\/aktivitat\/start-und-landebahn-in-groser-hohe\/\" aria-label=\"Mehr \u00fcber H\u00f6gh\u00f6jdsbana i Lule\u00e5\" tabindex=\"-1\" >\n\t\t\tWeiterlesen\t\t<\/a>\n\n\t\t\t\t\t<\/div>\n\t\t\t\t<\/div>\n\t\t\t\t\t<\/div>\n\t\t<\/article>\n\t\t\t\t<\/div>\n\t\t\n\t\t\t\t\t\t<\/div>\n\t\t\t\t<\/div>\n\t\t\t\t\t<\/div>\n\t\t\t\t<\/div>\n\t\t<div class=\"elementor-element elementor-element-fbc7557 e-flex e-con-boxed e-con e-parent\" data-id=\"fbc7557\" data-element_type=\"container\" data-settings=\"{&quot;background_background&quot;:&quot;classic&quot;}\">\n\t\t\t\t\t<div class=\"e-con-inner\">\n\t\t\t\t<div class=\"elementor-element elementor-element-ad1a1a6 elementor-widget elementor-widget-gallery\" data-id=\"ad1a1a6\" data-element_type=\"widget\" data-settings=\"{&quot;gallery_layout&quot;:&quot;masonry&quot;,&quot;columns&quot;:3,&quot;lazyload&quot;:&quot;yes&quot;,&quot;columns_tablet&quot;:2,&quot;columns_mobile&quot;:1,&quot;gap&quot;:{&quot;unit&quot;:&quot;px&quot;,&quot;size&quot;:10,&quot;sizes&quot;:[]},&quot;gap_tablet&quot;:{&quot;unit&quot;:&quot;px&quot;,&quot;size&quot;:10,&quot;sizes&quot;:[]},&quot;gap_mobile&quot;:{&quot;unit&quot;:&quot;px&quot;,&quot;size&quot;:10,&quot;sizes&quot;:[]},&quot;link_to&quot;:&quot;file&quot;,&quot;overlay_background&quot;:&quot;yes&quot;,&quot;content_hover_animation&quot;:&quot;fade-in&quot;}\" data-widget_type=\"gallery.default\">\n\t\t\t\t<div class=\"elementor-widget-container\">\n\t\t\t\t\t\t\t<div class=\"elementor-gallery__container\">\n\t\t\t\t\t\t\t<a class=\"e-gallery-item elementor-gallery-item elementor-animated-content\" href=\"https:\/\/www.explorelulea.com\/wp-content\/uploads\/2023\/05\/ELBarnkalaswebb-3.jpg\" data-elementor-open-lightbox=\"yes\" data-elementor-lightbox-slideshow=\"ad1a1a6\" data-elementor-lightbox-title=\"ELBarnkalaswebb-3\" data-e-action-hash=\"#elementor-action%3Aaction%3Dlightbox%26settings%3DeyJpZCI6MjU4MSwidXJsIjoiaHR0cHM6XC9cL3d3dy5leHBsb3JlbHVsZWEuY29tXC93cC1jb250ZW50XC91cGxvYWRzXC8yMDIzXC8wNVwvRUxCYXJua2FsYXN3ZWJiLTMuanBnIiwic2xpZGVzaG93IjoiYWQxYTFhNiJ9\">\n\t\t\t\t\t<div class=\"e-gallery-image elementor-gallery-item__image\" data-thumbnail=\"https:\/\/www.explorelulea.com\/wp-content\/uploads\/2023\/05\/ELBarnkalaswebb-3.jpg\" data-width=\"1536\" data-height=\"1920\" aria-label=\"\" role=\"img\" ><\/div>\n\t\t\t\t\t\t\t\t\t\t\t<div class=\"elementor-gallery-item__overlay\"><\/div>\n\t\t\t\t\t\t\t\t\t\t\t\t\t\t<\/a>\n\t\t\t\t\t\t\t<a class=\"e-gallery-item elementor-gallery-item elementor-animated-content\" href=\"https:\/\/www.explorelulea.com\/wp-content\/uploads\/2023\/05\/ELBarnkalaswebb-5-1.jpg\" data-elementor-open-lightbox=\"yes\" data-elementor-lightbox-slideshow=\"ad1a1a6\" data-elementor-lightbox-title=\"ELBarnkalaswebb-5\" data-e-action-hash=\"#elementor-action%3Aaction%3Dlightbox%26settings%3DeyJpZCI6MjU4MywidXJsIjoiaHR0cHM6XC9cL3d3dy5leHBsb3JlbHVsZWEuY29tXC93cC1jb250ZW50XC91cGxvYWRzXC8yMDIzXC8wNVwvRUxCYXJua2FsYXN3ZWJiLTUtMS5qcGciLCJzbGlkZXNob3ciOiJhZDFhMWE2In0%3D\">\n\t\t\t\t\t<div class=\"e-gallery-image elementor-gallery-item__image\" data-thumbnail=\"https:\/\/www.explorelulea.com\/wp-content\/uploads\/2023\/05\/ELBarnkalaswebb-5-1.jpg\" data-width=\"1920\" data-height=\"1536\" aria-label=\"\" role=\"img\" ><\/div>\n\t\t\t\t\t\t\t\t\t\t\t<div class=\"elementor-gallery-item__overlay\"><\/div>\n\t\t\t\t\t\t\t\t\t\t\t\t\t\t<\/a>\n\t\t\t\t\t\t\t<a class=\"e-gallery-item elementor-gallery-item elementor-animated-content\" href=\"https:\/\/www.explorelulea.com\/wp-content\/uploads\/2023\/05\/ELBarnkalaswebb-6.jpg\" data-elementor-open-lightbox=\"yes\" data-elementor-lightbox-slideshow=\"ad1a1a6\" data-elementor-lightbox-title=\"ELBarnkalaswebb-6\" data-e-action-hash=\"#elementor-action%3Aaction%3Dlightbox%26settings%3DeyJpZCI6MjU4NCwidXJsIjoiaHR0cHM6XC9cL3d3dy5leHBsb3JlbHVsZWEuY29tXC93cC1jb250ZW50XC91cGxvYWRzXC8yMDIzXC8wNVwvRUxCYXJua2FsYXN3ZWJiLTYuanBnIiwic2xpZGVzaG93IjoiYWQxYTFhNiJ9\">\n\t\t\t\t\t<div class=\"e-gallery-image elementor-gallery-item__image\" data-thumbnail=\"https:\/\/www.explorelulea.com\/wp-content\/uploads\/2023\/05\/ELBarnkalaswebb-6.jpg\" data-width=\"1536\" data-height=\"1920\" aria-label=\"\" role=\"img\" ><\/div>\n\t\t\t\t\t\t\t\t\t\t\t<div class=\"elementor-gallery-item__overlay\"><\/div>\n\t\t\t\t\t\t\t\t\t\t\t\t\t\t<\/a>\n\t\t\t\t\t\t\t<a class=\"e-gallery-item elementor-gallery-item elementor-animated-content\" href=\"https:\/\/www.explorelulea.com\/wp-content\/uploads\/2023\/05\/ELBarnkalaswebb-1.jpg\" data-elementor-open-lightbox=\"yes\" data-elementor-lightbox-slideshow=\"ad1a1a6\" data-elementor-lightbox-title=\"ELBarnkalaswebb-1\" data-e-action-hash=\"#elementor-action%3Aaction%3Dlightbox%26settings%3DeyJpZCI6MjU3OSwidXJsIjoiaHR0cHM6XC9cL3d3dy5leHBsb3JlbHVsZWEuY29tXC93cC1jb250ZW50XC91cGxvYWRzXC8yMDIzXC8wNVwvRUxCYXJua2FsYXN3ZWJiLTEuanBnIiwic2xpZGVzaG93IjoiYWQxYTFhNiJ9\">\n\t\t\t\t\t<div class=\"e-gallery-image elementor-gallery-item__image\" data-thumbnail=\"https:\/\/www.explorelulea.com\/wp-content\/uploads\/2023\/05\/ELBarnkalaswebb-1.jpg\" data-width=\"1920\" data-height=\"1536\" aria-label=\"\" role=\"img\" ><\/div>\n\t\t\t\t\t\t\t\t\t\t\t<div class=\"elementor-gallery-item__overlay\"><\/div>\n\t\t\t\t\t\t\t\t\t\t\t\t\t\t<\/a>\n\t\t\t\t\t\t\t<a class=\"e-gallery-item elementor-gallery-item elementor-animated-content\" href=\"https:\/\/www.explorelulea.com\/wp-content\/uploads\/2023\/05\/ELBarnkalaswebb-8.jpg\" data-elementor-open-lightbox=\"yes\" data-elementor-lightbox-slideshow=\"ad1a1a6\" data-elementor-lightbox-title=\"ELBarnkalaswebb-8\" data-e-action-hash=\"#elementor-action%3Aaction%3Dlightbox%26settings%3DeyJpZCI6MjU4NiwidXJsIjoiaHR0cHM6XC9cL3d3dy5leHBsb3JlbHVsZWEuY29tXC93cC1jb250ZW50XC91cGxvYWRzXC8yMDIzXC8wNVwvRUxCYXJua2FsYXN3ZWJiLTguanBnIiwic2xpZGVzaG93IjoiYWQxYTFhNiJ9\">\n\t\t\t\t\t<div class=\"e-gallery-image elementor-gallery-item__image\" data-thumbnail=\"https:\/\/www.explorelulea.com\/wp-content\/uploads\/2023\/05\/ELBarnkalaswebb-8.jpg\" data-width=\"1920\" data-height=\"1280\" aria-label=\"\" role=\"img\" ><\/div>\n\t\t\t\t\t\t\t\t\t\t\t<div class=\"elementor-gallery-item__overlay\"><\/div>\n\t\t\t\t\t\t\t\t\t\t\t\t\t\t<\/a>\n\t\t\t\t\t\t\t<a class=\"e-gallery-item elementor-gallery-item elementor-animated-content\" href=\"https:\/\/www.explorelulea.com\/wp-content\/uploads\/2023\/05\/ELBarnkalaswebb-2.jpg\" data-elementor-open-lightbox=\"yes\" data-elementor-lightbox-slideshow=\"ad1a1a6\" data-elementor-lightbox-title=\"ELBarnkalaswebb-2\" data-e-action-hash=\"#elementor-action%3Aaction%3Dlightbox%26settings%3DeyJpZCI6MjU4MCwidXJsIjoiaHR0cHM6XC9cL3d3dy5leHBsb3JlbHVsZWEuY29tXC93cC1jb250ZW50XC91cGxvYWRzXC8yMDIzXC8wNVwvRUxCYXJua2FsYXN3ZWJiLTIuanBnIiwic2xpZGVzaG93IjoiYWQxYTFhNiJ9\">\n\t\t\t\t\t<div class=\"e-gallery-image elementor-gallery-item__image\" data-thumbnail=\"https:\/\/www.explorelulea.com\/wp-content\/uploads\/2023\/05\/ELBarnkalaswebb-2.jpg\" data-width=\"1536\" data-height=\"1920\" aria-label=\"\" role=\"img\" ><\/div>\n\t\t\t\t\t\t\t\t\t\t\t<div class=\"elementor-gallery-item__overlay\"><\/div>\n\t\t\t\t\t\t\t\t\t\t\t\t\t\t<\/a>\n\t\t\t\t\t\t\t<a class=\"e-gallery-item elementor-gallery-item elementor-animated-content\" href=\"https:\/\/www.explorelulea.com\/wp-content\/uploads\/2023\/05\/ELBarnkalaswebb-4.jpg\" data-elementor-open-lightbox=\"yes\" data-elementor-lightbox-slideshow=\"ad1a1a6\" data-elementor-lightbox-title=\"ELBarnkalaswebb-4\" data-e-action-hash=\"#elementor-action%3Aaction%3Dlightbox%26settings%3DeyJpZCI6MjU4MiwidXJsIjoiaHR0cHM6XC9cL3d3dy5leHBsb3JlbHVsZWEuY29tXC93cC1jb250ZW50XC91cGxvYWRzXC8yMDIzXC8wNVwvRUxCYXJua2FsYXN3ZWJiLTQuanBnIiwic2xpZGVzaG93IjoiYWQxYTFhNiJ9\">\n\t\t\t\t\t<div class=\"e-gallery-image elementor-gallery-item__image\" data-thumbnail=\"https:\/\/www.explorelulea.com\/wp-content\/uploads\/2023\/05\/ELBarnkalaswebb-4.jpg\" data-width=\"1920\" data-height=\"1536\" aria-label=\"\" role=\"img\" ><\/div>\n\t\t\t\t\t\t\t\t\t\t\t<div class=\"elementor-gallery-item__overlay\"><\/div>\n\t\t\t\t\t\t\t\t\t\t\t\t\t\t<\/a>\n\t\t\t\t\t\t\t<a class=\"e-gallery-item elementor-gallery-item elementor-animated-content\" href=\"https:\/\/www.explorelulea.com\/wp-content\/uploads\/2023\/05\/ELBarnkalaswebb-7.jpg\" data-elementor-open-lightbox=\"yes\" data-elementor-lightbox-slideshow=\"ad1a1a6\" data-elementor-lightbox-title=\"ELBarnkalaswebb-7\" data-e-action-hash=\"#elementor-action%3Aaction%3Dlightbox%26settings%3DeyJpZCI6MjU4NSwidXJsIjoiaHR0cHM6XC9cL3d3dy5leHBsb3JlbHVsZWEuY29tXC93cC1jb250ZW50XC91cGxvYWRzXC8yMDIzXC8wNVwvRUxCYXJua2FsYXN3ZWJiLTcuanBnIiwic2xpZGVzaG93IjoiYWQxYTFhNiJ9\">\n\t\t\t\t\t<div class=\"e-gallery-image elementor-gallery-item__image\" data-thumbnail=\"https:\/\/www.explorelulea.com\/wp-content\/uploads\/2023\/05\/ELBarnkalaswebb-7.jpg\" data-width=\"1920\" data-height=\"1536\" aria-label=\"\" role=\"img\" ><\/div>\n\t\t\t\t\t\t\t\t\t\t\t<div class=\"elementor-gallery-item__overlay\"><\/div>\n\t\t\t\t\t\t\t\t\t\t\t\t\t\t<\/a>\n\t\t\t\t\t<\/div>\n\t\t\t\t\t<\/div>\n\t\t\t\t<\/div>\n\t\t\t\t\t<\/div>\n\t\t\t\t<\/div>\n\t\t\t\t<\/div>","protected":false},"excerpt":{"rendered":"<p>Kinderfest Kinderfest f\u00fcr alle Kinder mit Laufbeinen Kinder lieben es zu klettern, zu laufen und spannende Dinge zu erleben. Wir bieten Ihnen die perfekte Party voller Action und Spa\u00df. Sehen Sie sich unten unsere Aktivit\u00e4ten an, die f\u00fcr Kinderpartys geeignet sind. Aktivit\u00e4ten, die f\u00fcr Kinderfeste geeignet sind<\/p>","protected":false},"author":2,"featured_media":0,"parent":2271,"menu_order":0,"comment_status":"closed","ping_status":"closed","template":"elementor_header_footer","meta":{"_acf_changed":false,"footnotes":""},"sidtyp":[],"class_list":["post-2514","page","type-page","status-publish","hentry"],"acf":[],"_links":{"self":[{"href":"https:\/\/www.explorelulea.com\/de\/wp-json\/wp\/v2\/pages\/2514","targetHints":{"allow":["GET"]}}],"collection":[{"href":"https:\/\/www.explorelulea.com\/de\/wp-json\/wp\/v2\/pages"}],"about":[{"href":"https:\/\/www.explorelulea.com\/de\/wp-json\/wp\/v2\/types\/page"}],"author":[{"embeddable":true,"href":"https:\/\/www.explorelulea.com\/de\/wp-json\/wp\/v2\/users\/2"}],"replies":[{"embeddable":true,"href":"https:\/\/www.explorelulea.com\/de\/wp-json\/wp\/v2\/comments?post=2514"}],"version-history":[{"count":16,"href":"https:\/\/www.explorelulea.com\/de\/wp-json\/wp\/v2\/pages\/2514\/revisions"}],"predecessor-version":[{"id":2762,"href":"https:\/\/www.explorelulea.com\/de\/wp-json\/wp\/v2\/pages\/2514\/revisions\/2762"}],"up":[{"embeddable":true,"href":"https:\/\/www.explorelulea.com\/de\/wp-json\/wp\/v2\/pages\/2271"}],"wp:attachment":[{"href":"https:\/\/www.explorelulea.com\/de\/wp-json\/wp\/v2\/media?parent=2514"}],"wp:term":[{"taxonomy":"sidtyp","embeddable":true,"href":"https:\/\/www.explorelulea.com\/de\/wp-json\/wp\/v2\/sidtyp?post=2514"}],"curies":[{"name":"wp","href":"https:\/\/api.w.org\/{rel}","templated":true}]}}