{"id":2145,"date":"2023-03-16T14:55:44","date_gmt":"2023-03-16T13:55:44","guid":{"rendered":"https:\/\/www.explorelulea.com\/?page_id=2145"},"modified":"2025-09-25T19:21:28","modified_gmt":"2025-09-25T17:21:28","slug":"veranstaltungen","status":"publish","type":"page","link":"https:\/\/www.explorelulea.com\/de\/veranstaltungen\/","title":{"rendered":"Veranstaltungen"},"content":{"rendered":"<div data-elementor-type=\"wp-page\" data-elementor-id=\"2145\" class=\"elementor elementor-2145\" data-elementor-post-type=\"page\">\n\t\t\t\t<div class=\"elementor-element elementor-element-023c93a e-flex e-con-boxed e-con e-parent\" data-id=\"023c93a\" data-element_type=\"container\" data-settings=\"{&quot;background_background&quot;:&quot;classic&quot;}\">\n\t\t\t\t\t<div class=\"e-con-inner\">\n\t\t<div class=\"elementor-element elementor-element-e3e462b e-con-full e-flex e-con e-child\" data-id=\"e3e462b\" data-element_type=\"container\">\n\t\t\t\t<div class=\"elementor-element elementor-element-161c07e elementor-widget elementor-widget-heading\" data-id=\"161c07e\" data-element_type=\"widget\" data-widget_type=\"heading.default\">\n\t\t\t\t<div class=\"elementor-widget-container\">\n\t\t\t\t\t<h1 class=\"elementor-heading-title elementor-size-xl\">Veranstaltungen, Wettbewerbe, Partys, Hochzeiten, <span style=\"color: inherit;font-family: inherit\">Junggesellenabschied in Lule\u00e5<\/span><span style=\"color: inherit;font-family: inherit\"><\/span><br><\/h1>\t\t\t\t<\/div>\n\t\t\t\t<\/div>\n\t\t\t\t<div class=\"elementor-element elementor-element-b8eccc9 elementor-widget elementor-widget-text-editor\" data-id=\"b8eccc9\" data-element_type=\"widget\" data-widget_type=\"text-editor.default\">\n\t\t\t\t<div class=\"elementor-widget-container\">\n\t\t\t\t\t\t\t\t\t<p>Wir organisieren gro\u00dfe und kleine Events.\u00a0<\/p><p>Wir k\u00f6nnen auch Veranstaltungen in St\u00e4dten in der N\u00e4he von Lule\u00e5 wie Boden, Pite\u00e5, \u00c4lvsbyn, Kalix, Haparanda oder anderen Orten und St\u00e4dten in der N\u00e4he arrangieren.<\/p>\t\t\t\t\t\t\t\t<\/div>\n\t\t\t\t<\/div>\n\t\t\t\t<\/div>\n\t\t\t\t\t<\/div>\n\t\t\t\t<\/div>\n\t\t<div class=\"elementor-element elementor-element-d2dcf87 e-flex e-con-boxed e-con e-parent\" data-id=\"d2dcf87\" data-element_type=\"container\" data-settings=\"{&quot;background_background&quot;:&quot;classic&quot;}\">\n\t\t\t\t\t<div class=\"e-con-inner\">\n\t\t<div class=\"elementor-element elementor-element-012eee7 e-con-full e-flex e-con e-child\" data-id=\"012eee7\" data-element_type=\"container\">\n\t\t\t\t<div class=\"elementor-element elementor-element-b057fde elementor-widget elementor-widget-image\" data-id=\"b057fde\" data-element_type=\"widget\" data-widget_type=\"image.default\">\n\t\t\t\t<div class=\"elementor-widget-container\">\n\t\t\t\t\t\t\t\t\t\t\t\t\t\t\t<img fetchpriority=\"high\" decoding=\"async\" width=\"800\" height=\"601\" src=\"https:\/\/www.explorelulea.com\/wp-content\/uploads\/2023\/03\/LuleaSeaIceMarathon2-1024x769.jpg\" class=\"attachment-large size-large wp-image-2172\" alt=\"Lule\u00e5 Meereismarathon\" srcset=\"https:\/\/www.explorelulea.com\/wp-content\/uploads\/2023\/03\/LuleaSeaIceMarathon2-1024x769.jpg 1024w, https:\/\/www.explorelulea.com\/wp-content\/uploads\/2023\/03\/LuleaSeaIceMarathon2-300x225.jpg 300w, https:\/\/www.explorelulea.com\/wp-content\/uploads\/2023\/03\/LuleaSeaIceMarathon2-768x577.jpg 768w, https:\/\/www.explorelulea.com\/wp-content\/uploads\/2023\/03\/LuleaSeaIceMarathon2-16x12.jpg 16w, https:\/\/www.explorelulea.com\/wp-content\/uploads\/2023\/03\/LuleaSeaIceMarathon2.jpg 1397w\" sizes=\"(max-width: 800px) 100vw, 800px\" \/>\t\t\t\t\t\t\t\t\t\t\t\t\t\t\t<\/div>\n\t\t\t\t<\/div>\n\t\t\t\t<div class=\"elementor-element elementor-element-fbfaac2 elementor-widget elementor-widget-heading\" data-id=\"fbfaac2\" data-element_type=\"widget\" data-widget_type=\"heading.default\">\n\t\t\t\t<div class=\"elementor-widget-container\">\n\t\t\t\t\t<h1 class=\"elementor-heading-title elementor-size-xl\">Lule\u00e5 Meereis-Marathon<\/h1>\t\t\t\t<\/div>\n\t\t\t\t<\/div>\n\t\t\t\t<div class=\"elementor-element elementor-element-73d7978 elementor-widget elementor-widget-text-editor\" data-id=\"73d7978\" data-element_type=\"widget\" data-widget_type=\"text-editor.default\">\n\t\t\t\t<div class=\"elementor-widget-container\">\n\t\t\t\t\t\t\t\t\t<p>Ein Weltklasse-Laufwettbewerb auf Natureis!<br \/>42 km + 21 km + 10 km + 5 km<\/p><p>Der Sea Ice Marathon ist eine Zusammenarbeit zwischen Explore Lule\u00e5, Icebug und dem Schaatsen Grand Prix<\/p>\t\t\t\t\t\t\t\t<\/div>\n\t\t\t\t<\/div>\n\t\t\t\t<div class=\"elementor-element elementor-element-8853cc0 elementor-widget elementor-widget-button\" data-id=\"8853cc0\" data-element_type=\"widget\" data-widget_type=\"button.default\">\n\t\t\t\t<div class=\"elementor-widget-container\">\n\t\t\t\t\t\t\t\t\t<div class=\"elementor-button-wrapper\">\n\t\t\t\t\t<a class=\"elementor-button elementor-button-link elementor-size-sm\" href=\"https:\/\/www.explorelulea.com\/de\/meereis-marathon\/\">\n\t\t\t\t\t\t<span class=\"elementor-button-content-wrapper\">\n\t\t\t\t\t\t\t\t\t<span class=\"elementor-button-text\">Weiterlesen<\/span>\n\t\t\t\t\t<\/span>\n\t\t\t\t\t<\/a>\n\t\t\t\t<\/div>\n\t\t\t\t\t\t\t\t<\/div>\n\t\t\t\t<\/div>\n\t\t\t\t<\/div>\n\t\t<div class=\"elementor-element elementor-element-0045773 e-con-full e-flex e-con e-child\" data-id=\"0045773\" data-element_type=\"container\">\n\t\t\t\t<div class=\"elementor-element elementor-element-9c791a5 elementor-widget elementor-widget-video\" data-id=\"9c791a5\" data-element_type=\"widget\" data-settings=\"{&quot;youtube_url&quot;:&quot;https:\\\/\\\/youtu.be\\\/bOWRtxvwBaY&quot;,&quot;show_image_overlay&quot;:&quot;yes&quot;,&quot;image_overlay&quot;:{&quot;url&quot;:&quot;https:\\\/\\\/www.explorelulea.com\\\/wp-content\\\/uploads\\\/2022\\\/10\\\/tipitentfilmbackup.jpg&quot;,&quot;id&quot;:307,&quot;size&quot;:&quot;&quot;,&quot;alt&quot;:&quot;&quot;,&quot;source&quot;:&quot;library&quot;},&quot;video_type&quot;:&quot;youtube&quot;,&quot;controls&quot;:&quot;yes&quot;}\" data-widget_type=\"video.default\">\n\t\t\t\t<div class=\"elementor-widget-container\">\n\t\t\t\t\t\t\t<div class=\"elementor-wrapper elementor-open-inline\">\n\t\t\t<div class=\"elementor-video\"><\/div>\t\t\t\t<div class=\"elementor-custom-embed-image-overlay\" style=\"background-image: url(https:\/\/www.explorelulea.com\/wp-content\/uploads\/2022\/10\/tipitentfilmbackup.jpg);\">\n\t\t\t\t\t\t\t\t\t\t\t\t\t\t\t\t<div class=\"elementor-custom-embed-play\" role=\"button\" aria-label=\"Play Video\" tabindex=\"0\" data-no-translation-aria-label=\"\">\n\t\t\t\t\t\t\t<svg aria-hidden=\"true\" class=\"e-font-icon-svg e-eicon-play\" viewbox=\"0 0 1000 1000\" xmlns=\"http:\/\/www.w3.org\/2000\/svg\"><path d=\"M838 162C746 71 633 25 500 25 371 25 258 71 163 162 71 254 25 367 25 500 25 633 71 746 163 837 254 929 367 979 500 979 633 979 746 933 838 837 929 746 975 633 975 500 975 367 929 254 838 162M808 192C892 279 933 379 933 500 933 621 892 725 808 808 725 892 621 938 500 938 379 938 279 896 196 808 113 725 67 621 67 500 67 379 108 279 196 192 279 108 383 62 500 62 621 62 721 108 808 192M438 392V642L642 517 438 392Z\"><\/path><\/svg>\t\t\t\t\t\t<\/div>\n\t\t\t\t\t\t\t\t\t<\/div>\n\t\t\t\t\t<\/div>\n\t\t\t\t\t\t<\/div>\n\t\t\t\t<\/div>\n\t\t\t\t<div class=\"elementor-element elementor-element-bb32aed elementor-widget elementor-widget-heading\" data-id=\"bb32aed\" data-element_type=\"widget\" data-widget_type=\"heading.default\">\n\t\t\t\t<div class=\"elementor-widget-container\">\n\t\t\t\t\t<h1 class=\"elementor-heading-title elementor-size-xl\">Lule\u00e5 Basecamp - Mieten Sie ein Tipi-Zelt<\/h1>\t\t\t\t<\/div>\n\t\t\t\t<\/div>\n\t\t\t\t<div class=\"elementor-element elementor-element-8eeeb66 elementor-widget elementor-widget-text-editor\" data-id=\"8eeeb66\" data-element_type=\"widget\" data-widget_type=\"text-editor.default\">\n\t\t\t\t<div class=\"elementor-widget-container\">\n\t\t\t\t\t\t\t\t\t<p>Perfekt f\u00fcr Events, Firmen, Hochzeiten und Partys. Tipi-Zelte bieten ein echtes Naturgef\u00fchl, Qualit\u00e4t und einen hohen Gem\u00fctlichkeitsfaktor.<\/p><p>Wir haben drei verschiedene Gr\u00f6\u00dfen, abh\u00e4ngig von der Gr\u00f6\u00dfe der Gruppe und der Art der Veranstaltung, die Sie haben.<\/p><p>Gerne arrangieren wir auch Aktivit\u00e4ten rund um die Zelte, wir haben eine gro\u00dfe Auswahl an guten Aktivit\u00e4ten f\u00fcr kleine und gro\u00dfe Gruppen.<\/p>\t\t\t\t\t\t\t\t<\/div>\n\t\t\t\t<\/div>\n\t\t\t\t<div class=\"elementor-element elementor-element-b3fc330 elementor-widget elementor-widget-button\" data-id=\"b3fc330\" data-element_type=\"widget\" data-widget_type=\"button.default\">\n\t\t\t\t<div class=\"elementor-widget-container\">\n\t\t\t\t\t\t\t\t\t<div class=\"elementor-button-wrapper\">\n\t\t\t\t\t<a class=\"elementor-button elementor-button-link elementor-size-sm\" href=\"https:\/\/www.explorelulea.com\/de\/basislager\/\">\n\t\t\t\t\t\t<span class=\"elementor-button-content-wrapper\">\n\t\t\t\t\t\t\t\t\t<span class=\"elementor-button-text\">Weiterlesen<\/span>\n\t\t\t\t\t<\/span>\n\t\t\t\t\t<\/a>\n\t\t\t\t<\/div>\n\t\t\t\t\t\t\t\t<\/div>\n\t\t\t\t<\/div>\n\t\t\t\t<\/div>\n\t\t\t\t\t<\/div>\n\t\t\t\t<\/div>\n\t\t<div class=\"elementor-element elementor-element-c12e225 e-flex e-con-boxed e-con e-parent\" data-id=\"c12e225\" data-element_type=\"container\" data-settings=\"{&quot;background_background&quot;:&quot;classic&quot;}\">\n\t\t\t\t\t<div class=\"e-con-inner\">\n\t\t<div class=\"elementor-element elementor-element-835fb2c e-con-full e-flex e-con e-child\" data-id=\"835fb2c\" data-element_type=\"container\">\n\t\t\t\t<div class=\"elementor-element elementor-element-369f22e elementor-widget elementor-widget-image\" data-id=\"369f22e\" data-element_type=\"widget\" data-widget_type=\"image.default\">\n\t\t\t\t<div class=\"elementor-widget-container\">\n\t\t\t\t\t\t\t\t\t\t\t\t\t\t\t<img decoding=\"async\" width=\"800\" height=\"534\" src=\"https:\/\/www.explorelulea.com\/wp-content\/uploads\/2025\/02\/brollopstarta-1024x683.jpg\" class=\"attachment-large size-large wp-image-4131\" alt=\"\" srcset=\"https:\/\/www.explorelulea.com\/wp-content\/uploads\/2025\/02\/brollopstarta-1024x683.jpg 1024w, https:\/\/www.explorelulea.com\/wp-content\/uploads\/2025\/02\/brollopstarta-300x200.jpg 300w, https:\/\/www.explorelulea.com\/wp-content\/uploads\/2025\/02\/brollopstarta-768x512.jpg 768w, https:\/\/www.explorelulea.com\/wp-content\/uploads\/2025\/02\/brollopstarta-1536x1024.jpg 1536w, https:\/\/www.explorelulea.com\/wp-content\/uploads\/2025\/02\/brollopstarta-18x12.jpg 18w, https:\/\/www.explorelulea.com\/wp-content\/uploads\/2025\/02\/brollopstarta.jpg 1920w\" sizes=\"(max-width: 800px) 100vw, 800px\">\t\t\t\t\t\t\t\t\t\t\t\t\t\t\t<\/div>\n\t\t\t\t<\/div>\n\t\t\t\t<div class=\"elementor-element elementor-element-2318ed2 elementor-widget elementor-widget-heading\" data-id=\"2318ed2\" data-element_type=\"widget\" data-widget_type=\"heading.default\">\n\t\t\t\t<div class=\"elementor-widget-container\">\n\t\t\t\t\t<h1 class=\"elementor-heading-title elementor-size-xl\">Hochzeit<\/h1>\t\t\t\t<\/div>\n\t\t\t\t<\/div>\n\t\t\t\t<div class=\"elementor-element elementor-element-e9406ff elementor-widget elementor-widget-text-editor\" data-id=\"e9406ff\" data-element_type=\"widget\" data-widget_type=\"text-editor.default\">\n\t\t\t\t<div class=\"elementor-widget-container\">\n\t\t\t\t\t\t\t\t\t<p>Sagen Sie \u201eJa\u201c in l\u00e4ndlicher Umgebung. Planen Sie Ihre Hochzeit in Lule\u00e5 und suchen Sie einen Ort mit Charme, Natur und l\u00e4ndlichem Flair? Hier finden Sie einen einzigartigen und wundersch\u00f6nen Ort in entspannter Atmosph\u00e4re. Wir bieten flexible L\u00f6sungen f\u00fcr die Gestaltung Ihres pers\u00f6nlichen Hochzeitstages.<\/p>\t\t\t\t\t\t\t\t<\/div>\n\t\t\t\t<\/div>\n\t\t\t\t<div class=\"elementor-element elementor-element-1ef517a elementor-widget elementor-widget-button\" data-id=\"1ef517a\" data-element_type=\"widget\" data-widget_type=\"button.default\">\n\t\t\t\t<div class=\"elementor-widget-container\">\n\t\t\t\t\t\t\t\t\t<div class=\"elementor-button-wrapper\">\n\t\t\t\t\t<a class=\"elementor-button elementor-button-link elementor-size-sm\" href=\"https:\/\/www.explorelulea.com\/de\/aktivitat\/hochzeit\/\">\n\t\t\t\t\t\t<span class=\"elementor-button-content-wrapper\">\n\t\t\t\t\t\t\t\t\t<span class=\"elementor-button-text\">Weiterlesen<\/span>\n\t\t\t\t\t<\/span>\n\t\t\t\t\t<\/a>\n\t\t\t\t<\/div>\n\t\t\t\t\t\t\t\t<\/div>\n\t\t\t\t<\/div>\n\t\t\t\t<\/div>\n\t\t<div class=\"elementor-element elementor-element-b812989 e-con-full e-flex e-con e-child\" data-id=\"b812989\" data-element_type=\"container\">\n\t\t\t\t<\/div>\n\t\t\t\t\t<\/div>\n\t\t\t\t<\/div>\n\t\t<div class=\"elementor-element elementor-element-e229721 e-flex e-con-boxed e-con e-parent\" data-id=\"e229721\" data-element_type=\"container\" data-settings=\"{&quot;background_background&quot;:&quot;classic&quot;}\">\n\t\t\t\t\t<div class=\"e-con-inner\">\n\t\t\t\t<div class=\"elementor-element elementor-element-d329413 elementor-widget elementor-widget-heading\" data-id=\"d329413\" data-element_type=\"widget\" data-widget_type=\"heading.default\">\n\t\t\t\t<div class=\"elementor-widget-container\">\n\t\t\t\t\t<h2 class=\"elementor-heading-title elementor-size-large\">Unsere Eventaktivit\u00e4ten<\/h2>\t\t\t\t<\/div>\n\t\t\t\t<\/div>\n\t\t\t\t<div class=\"elementor-element elementor-element-c000e5d elementor-widget__width-initial elementor-widget elementor-widget-text-editor\" data-id=\"c000e5d\" data-element_type=\"widget\" data-widget_type=\"text-editor.default\">\n\t\t\t\t<div class=\"elementor-widget-container\">\n\t\t\t\t\t\t\t\t\t<p>Tipps, Essen und eine lustige Aktivit\u00e4t machen das Event oder die Party perfekt.\u00a0<\/p>\t\t\t\t\t\t\t\t<\/div>\n\t\t\t\t<\/div>\n\t\t\t\t<div class=\"elementor-element elementor-element-2403bcb elementor-posts__hover-none elementor-grid-3 elementor-grid-tablet-2 elementor-grid-mobile-1 elementor-posts--thumbnail-top elementor-widget elementor-widget-posts\" data-id=\"2403bcb\" data-element_type=\"widget\" data-settings=\"{&quot;cards_columns&quot;:&quot;3&quot;,&quot;cards_columns_tablet&quot;:&quot;2&quot;,&quot;cards_columns_mobile&quot;:&quot;1&quot;,&quot;cards_row_gap&quot;:{&quot;unit&quot;:&quot;px&quot;,&quot;size&quot;:35,&quot;sizes&quot;:[]},&quot;cards_row_gap_tablet&quot;:{&quot;unit&quot;:&quot;px&quot;,&quot;size&quot;:&quot;&quot;,&quot;sizes&quot;:[]},&quot;cards_row_gap_mobile&quot;:{&quot;unit&quot;:&quot;px&quot;,&quot;size&quot;:&quot;&quot;,&quot;sizes&quot;:[]}}\" data-widget_type=\"posts.cards\">\n\t\t\t\t<div class=\"elementor-widget-container\">\n\t\t\t\t\t\t\t<div class=\"elementor-posts-container elementor-posts elementor-posts--skin-cards elementor-grid\" role=\"list\">\n\t\t\t\t<article class=\"elementor-post elementor-grid-item post-603 aktivitet type-aktivitet status-publish has-post-thumbnail hentry category-barnkalas category-gruppaktivitet category-startsida sasong-sommar sasong-vinter\" role=\"listitem\">\n\t\t\t<div class=\"elementor-post__card\">\n\t\t\t\t<a class=\"elementor-post__thumbnail__link\" href=\"https:\/\/www.explorelulea.com\/de\/aktivitat\/blase-fusball\/\" tabindex=\"-1\" ><div class=\"elementor-post__thumbnail\"><img decoding=\"async\" width=\"768\" height=\"614\" src=\"https:\/\/www.explorelulea.com\/wp-content\/uploads\/2022\/10\/Goliat-18-768x614.jpg\" class=\"attachment-medium_large size-medium_large wp-image-2756\" alt=\"\" srcset=\"https:\/\/www.explorelulea.com\/wp-content\/uploads\/2022\/10\/Goliat-18-768x614.jpg 768w, https:\/\/www.explorelulea.com\/wp-content\/uploads\/2022\/10\/Goliat-18-300x240.jpg 300w, https:\/\/www.explorelulea.com\/wp-content\/uploads\/2022\/10\/Goliat-18-1024x819.jpg 1024w, https:\/\/www.explorelulea.com\/wp-content\/uploads\/2022\/10\/Goliat-18-15x12.jpg 15w, https:\/\/www.explorelulea.com\/wp-content\/uploads\/2022\/10\/Goliat-18.jpg 1500w\" sizes=\"(max-width: 768px) 100vw, 768px\"><\/div><\/a>\n\t\t\t\t<div class=\"elementor-post__text\">\n\t\t\t\t<h3 class=\"elementor-post__title\">\n\t\t\t<a href=\"https:\/\/www.explorelulea.com\/de\/aktivitat\/blase-fusball\/\" >\n\t\t\t\tBubble-Fu\u00dfball\t\t\t<\/a>\n\t\t<\/h3>\n\t\t\t\t<div class=\"elementor-post__excerpt\">\n\t\t\t<p>Eine fantastisch unterhaltsame Variante des Fu\u00dfballs, aber mit vollem K\u00f6rperkontakt. Perfekt f\u00fcr Kinderfeste, Firmenveranstaltungen oder Junggesellenabschiede.<\/p>\t\t<\/div>\n\t\t\t\t\t<div class=\"elementor-post__read-more-wrapper\">\n\t\t\n\t\t<a class=\"elementor-post__read-more\" href=\"https:\/\/www.explorelulea.com\/de\/aktivitat\/blase-fusball\/\" aria-label=\"Mehr \u00fcber Bubble football\" tabindex=\"-1\" >\n\t\t\tWeiterlesen\t\t<\/a>\n\n\t\t\t\t\t<\/div>\n\t\t\t\t<\/div>\n\t\t\t\t\t<\/div>\n\t\t<\/article>\n\t\t\t\t<article class=\"elementor-post elementor-grid-item post-599 aktivitet type-aktivitet status-publish has-post-thumbnail hentry category-barnkalas category-gruppaktivitet category-startsida sasong-sommar sasong-vinter\" role=\"listitem\">\n\t\t\t<div class=\"elementor-post__card\">\n\t\t\t\t<a class=\"elementor-post__thumbnail__link\" href=\"https:\/\/www.explorelulea.com\/de\/aktivitat\/bogenschiesen-tag-bekampfen\/\" tabindex=\"-1\" ><div class=\"elementor-post__thumbnail\"><img loading=\"lazy\" decoding=\"async\" width=\"768\" height=\"614\" src=\"https:\/\/www.explorelulea.com\/wp-content\/uploads\/2022\/10\/Goliat-12-768x614.jpg\" class=\"attachment-medium_large size-medium_large wp-image-2743\" alt=\"\" srcset=\"https:\/\/www.explorelulea.com\/wp-content\/uploads\/2022\/10\/Goliat-12-768x614.jpg 768w, https:\/\/www.explorelulea.com\/wp-content\/uploads\/2022\/10\/Goliat-12-300x240.jpg 300w, https:\/\/www.explorelulea.com\/wp-content\/uploads\/2022\/10\/Goliat-12-1024x819.jpg 1024w, https:\/\/www.explorelulea.com\/wp-content\/uploads\/2022\/10\/Goliat-12-15x12.jpg 15w, https:\/\/www.explorelulea.com\/wp-content\/uploads\/2022\/10\/Goliat-12.jpg 1500w\" sizes=\"(max-width: 768px) 100vw, 768px\"><\/div><\/a>\n\t\t\t\t<div class=\"elementor-post__text\">\n\t\t\t\t<h3 class=\"elementor-post__title\">\n\t\t\t<a href=\"https:\/\/www.explorelulea.com\/de\/aktivitat\/bogenschiesen-tag-bekampfen\/\" >\n\t\t\t\tCombat Archery Tag\t\t\t<\/a>\n\t\t<\/h3>\n\t\t\t\t<div class=\"elementor-post__excerpt\">\n\t\t\t<p>Eine perfekte Aktivit\u00e4t in Lule\u00e5 f\u00fcr eine Kinderparty, einen Junggesellenabschied oder eine Gruppe von Freunden!<\/p>\t\t<\/div>\n\t\t\t\t\t<div class=\"elementor-post__read-more-wrapper\">\n\t\t\n\t\t<a class=\"elementor-post__read-more\" href=\"https:\/\/www.explorelulea.com\/de\/aktivitat\/bogenschiesen-tag-bekampfen\/\" aria-label=\"Mehr \u00fcber Combat archery tag\" tabindex=\"-1\" >\n\t\t\tWeiterlesen\t\t<\/a>\n\n\t\t\t\t\t<\/div>\n\t\t\t\t<\/div>\n\t\t\t\t\t<\/div>\n\t\t<\/article>\n\t\t\t\t<article class=\"elementor-post elementor-grid-item post-592 aktivitet type-aktivitet status-publish has-post-thumbnail hentry category-barnkalas category-gruppaktivitet sasong-sommar\" role=\"listitem\">\n\t\t\t<div class=\"elementor-post__card\">\n\t\t\t\t<a class=\"elementor-post__thumbnail__link\" href=\"https:\/\/www.explorelulea.com\/de\/aktivitat\/start-und-landebahn-in-groser-hohe\/\" tabindex=\"-1\" ><div class=\"elementor-post__thumbnail\"><img loading=\"lazy\" decoding=\"async\" width=\"768\" height=\"512\" src=\"https:\/\/www.explorelulea.com\/wp-content\/uploads\/2023\/04\/Guides-10-768x512.jpg\" class=\"attachment-medium_large size-medium_large wp-image-2462\" alt=\"\" srcset=\"https:\/\/www.explorelulea.com\/wp-content\/uploads\/2023\/04\/Guides-10-768x512.jpg 768w, https:\/\/www.explorelulea.com\/wp-content\/uploads\/2023\/04\/Guides-10-300x200.jpg 300w, https:\/\/www.explorelulea.com\/wp-content\/uploads\/2023\/04\/Guides-10-1024x683.jpg 1024w, https:\/\/www.explorelulea.com\/wp-content\/uploads\/2023\/04\/Guides-10-1536x1024.jpg 1536w, https:\/\/www.explorelulea.com\/wp-content\/uploads\/2023\/04\/Guides-10-18x12.jpg 18w, https:\/\/www.explorelulea.com\/wp-content\/uploads\/2023\/04\/Guides-10.jpg 1620w\" sizes=\"(max-width: 768px) 100vw, 768px\"><\/div><\/a>\n\t\t\t\t<div class=\"elementor-post__text\">\n\t\t\t\t<h3 class=\"elementor-post__title\">\n\t\t\t<a href=\"https:\/\/www.explorelulea.com\/de\/aktivitat\/start-und-landebahn-in-groser-hohe\/\" >\n\t\t\t\tHochseilgarten in Lule\u00e5\t\t\t<\/a>\n\t\t<\/h3>\n\t\t\t\t<div class=\"elementor-post__excerpt\">\n\t\t\t<p>Fordere dich zwischen den Baumwipfeln heraus und gehe \u00fcber verschiedene Hindernisse zwischen den B\u00e4umen hindurch!<\/p>\t\t<\/div>\n\t\t\t\t\t<div class=\"elementor-post__read-more-wrapper\">\n\t\t\n\t\t<a class=\"elementor-post__read-more\" href=\"https:\/\/www.explorelulea.com\/de\/aktivitat\/start-und-landebahn-in-groser-hohe\/\" aria-label=\"Mehr \u00fcber H\u00f6gh\u00f6jdsbana i Lule\u00e5\" tabindex=\"-1\" >\n\t\t\tWeiterlesen\t\t<\/a>\n\n\t\t\t\t\t<\/div>\n\t\t\t\t<\/div>\n\t\t\t\t\t<\/div>\n\t\t<\/article>\n\t\t\t\t<article class=\"elementor-post elementor-grid-item post-427 aktivitet type-aktivitet status-publish has-post-thumbnail hentry category-gruppaktivitet sasong-sommar sasong-vinter\" role=\"listitem\">\n\t\t\t<div class=\"elementor-post__card\">\n\t\t\t\t<a class=\"elementor-post__thumbnail__link\" href=\"https:\/\/www.explorelulea.com\/de\/aktivitat\/klettern\/\" tabindex=\"-1\" ><div class=\"elementor-post__thumbnail\"><img loading=\"lazy\" decoding=\"async\" width=\"768\" height=\"419\" src=\"https:\/\/www.explorelulea.com\/wp-content\/uploads\/2022\/10\/Eventklattring-768x419.jpeg\" class=\"attachment-medium_large size-medium_large wp-image-382\" alt=\"\" srcset=\"https:\/\/www.explorelulea.com\/wp-content\/uploads\/2022\/10\/Eventklattring-768x419.jpeg 768w, https:\/\/www.explorelulea.com\/wp-content\/uploads\/2022\/10\/Eventklattring-300x164.jpeg 300w, https:\/\/www.explorelulea.com\/wp-content\/uploads\/2022\/10\/Eventklattring.jpeg 1024w\" sizes=\"(max-width: 768px) 100vw, 768px\"><\/div><\/a>\n\t\t\t\t<div class=\"elementor-post__text\">\n\t\t\t\t<h3 class=\"elementor-post__title\">\n\t\t\t<a href=\"https:\/\/www.explorelulea.com\/de\/aktivitat\/klettern\/\" >\n\t\t\t\tKlettern\t\t\t<\/a>\n\t\t<\/h3>\n\t\t\t\t<div class=\"elementor-post__excerpt\">\n\t\t\t<p>Klettern in Lule\u00e5, Boden oder \u00c4lvsbyn<\/p>\n\t\t<\/div>\n\t\t\t\t\t<div class=\"elementor-post__read-more-wrapper\">\n\t\t\n\t\t<a class=\"elementor-post__read-more\" href=\"https:\/\/www.explorelulea.com\/de\/aktivitat\/klettern\/\" aria-label=\"Mehr \u00fcber Kl\u00e4ttring\" tabindex=\"-1\" >\n\t\t\tWeiterlesen\t\t<\/a>\n\n\t\t\t\t\t<\/div>\n\t\t\t\t<\/div>\n\t\t\t\t\t<\/div>\n\t\t<\/article>\n\t\t\t\t<article class=\"elementor-post elementor-grid-item post-613 aktivitet type-aktivitet status-publish has-post-thumbnail hentry category-gruppaktivitet sasong-sommar sasong-vinter\" role=\"listitem\">\n\t\t\t<div class=\"elementor-post__card\">\n\t\t\t\t<a class=\"elementor-post__thumbnail__link\" href=\"https:\/\/www.explorelulea.com\/de\/aktivitat\/die-herausforderung\/\" tabindex=\"-1\" ><div class=\"elementor-post__thumbnail\"><img loading=\"lazy\" decoding=\"async\" width=\"768\" height=\"511\" src=\"https:\/\/www.explorelulea.com\/wp-content\/uploads\/2022\/10\/DSC_1980-768x511.jpg\" class=\"attachment-medium_large size-medium_large wp-image-619\" alt=\"\" srcset=\"https:\/\/www.explorelulea.com\/wp-content\/uploads\/2022\/10\/DSC_1980-768x511.jpg 768w, https:\/\/www.explorelulea.com\/wp-content\/uploads\/2022\/10\/DSC_1980-300x200.jpg 300w, https:\/\/www.explorelulea.com\/wp-content\/uploads\/2022\/10\/DSC_1980-1024x682.jpg 1024w, https:\/\/www.explorelulea.com\/wp-content\/uploads\/2022\/10\/DSC_1980-1536x1022.jpg 1536w, https:\/\/www.explorelulea.com\/wp-content\/uploads\/2022\/10\/DSC_1980-2048x1363.jpg 2048w\" sizes=\"(max-width: 768px) 100vw, 768px\"><\/div><\/a>\n\t\t\t\t<div class=\"elementor-post__text\">\n\t\t\t\t<h3 class=\"elementor-post__title\">\n\t\t\t<a href=\"https:\/\/www.explorelulea.com\/de\/aktivitat\/die-herausforderung\/\" >\n\t\t\t\tDie Herausforderung\t\t\t<\/a>\n\t\t<\/h3>\n\t\t\t\t<div class=\"elementor-post__excerpt\">\n\t\t\t<p>M\u00f6chtest du deine Kollegen, Freunde oder vielleicht deine Familie zu etwas Coolem, Klugem und Herausforderndem auffordern? Dann schau hier!<\/p>\t\t<\/div>\n\t\t\t\t\t<div class=\"elementor-post__read-more-wrapper\">\n\t\t\n\t\t<a class=\"elementor-post__read-more\" href=\"https:\/\/www.explorelulea.com\/de\/aktivitat\/die-herausforderung\/\" aria-label=\"Mehr \u00fcber Utmaningen\" tabindex=\"-1\" >\n\t\t\tWeiterlesen\t\t<\/a>\n\n\t\t\t\t\t<\/div>\n\t\t\t\t<\/div>\n\t\t\t\t\t<\/div>\n\t\t<\/article>\n\t\t\t\t<\/div>\n\t\t\n\t\t\t\t\t\t<\/div>\n\t\t\t\t<\/div>\n\t\t\t\t\t<\/div>\n\t\t\t\t<\/div>\n\t\t\t\t<\/div>","protected":false},"excerpt":{"rendered":"<p>Veranstaltungen, Wettbewerbe, Partys, Junggesellenabschiede in Lule\u00e5 Wir organisieren gro\u00dfe und kleine Veranstaltungen. Wir k\u00f6nnen auch Veranstaltungen in St\u00e4dten in der N\u00e4he von Lule\u00e5 organisieren, wie z. B. Boden, Pite\u00e5, \u00c4lvsbyn, Kalix, Haparanda oder anderen Orden und St\u00e4dten in der N\u00e4he. Lulea Meereis-Marathon Ein Laufwettbewerb auf Natureis der Weltklasse! 42 km + 21 km + 10 km + 5 km Meereis-Marathon [\u2026]<\/p>","protected":false},"author":2,"featured_media":0,"parent":0,"menu_order":0,"comment_status":"closed","ping_status":"closed","template":"elementor_header_footer","meta":{"_acf_changed":false,"footnotes":""},"sidtyp":[],"class_list":["post-2145","page","type-page","status-publish","hentry"],"acf":[],"_links":{"self":[{"href":"https:\/\/www.explorelulea.com\/de\/wp-json\/wp\/v2\/pages\/2145","targetHints":{"allow":["GET"]}}],"collection":[{"href":"https:\/\/www.explorelulea.com\/de\/wp-json\/wp\/v2\/pages"}],"about":[{"href":"https:\/\/www.explorelulea.com\/de\/wp-json\/wp\/v2\/types\/page"}],"author":[{"embeddable":true,"href":"https:\/\/www.explorelulea.com\/de\/wp-json\/wp\/v2\/users\/2"}],"replies":[{"embeddable":true,"href":"https:\/\/www.explorelulea.com\/de\/wp-json\/wp\/v2\/comments?post=2145"}],"version-history":[{"count":46,"href":"https:\/\/www.explorelulea.com\/de\/wp-json\/wp\/v2\/pages\/2145\/revisions"}],"predecessor-version":[{"id":4406,"href":"https:\/\/www.explorelulea.com\/de\/wp-json\/wp\/v2\/pages\/2145\/revisions\/4406"}],"wp:attachment":[{"href":"https:\/\/www.explorelulea.com\/de\/wp-json\/wp\/v2\/media?parent=2145"}],"wp:term":[{"taxonomy":"sidtyp","embeddable":true,"href":"https:\/\/www.explorelulea.com\/de\/wp-json\/wp\/v2\/sidtyp?post=2145"}],"curies":[{"name":"wp","href":"https:\/\/api.w.org\/{rel}","templated":true}]}}