{"id":1045,"date":"2022-10-21T13:48:06","date_gmt":"2022-10-21T11:48:06","guid":{"rendered":"https:\/\/www.explorelulea.com\/?page_id=1045"},"modified":"2025-12-09T11:16:33","modified_gmt":"2025-12-09T10:16:33","slug":"stornierungsregeln","status":"publish","type":"page","link":"https:\/\/www.explorelulea.com\/de\/uber-uns\/stornierungsregeln\/","title":{"rendered":"Stornierungsbedingungen"},"content":{"rendered":"<div data-elementor-type=\"wp-page\" data-elementor-id=\"1045\" class=\"elementor elementor-1045\" data-elementor-post-type=\"page\">\n\t\t\t\t<div class=\"elementor-element elementor-element-ba2213f e-flex e-con-boxed e-con e-parent\" data-id=\"ba2213f\" data-element_type=\"container\" data-settings=\"{&quot;background_background&quot;:&quot;classic&quot;}\">\n\t\t\t\t\t<div class=\"e-con-inner\">\n\t\t\t\t<div class=\"elementor-element elementor-element-3fe2d6a elementor-widget elementor-widget-heading\" data-id=\"3fe2d6a\" data-element_type=\"widget\" data-widget_type=\"heading.default\">\n\t\t\t\t<div class=\"elementor-widget-container\">\n\t\t\t\t\t<h1 class=\"elementor-heading-title elementor-size-default\">Stornierungsbedingungen<\/h1>\t\t\t\t<\/div>\n\t\t\t\t<\/div>\n\t\t\t\t\t<\/div>\n\t\t\t\t<\/div>\n\t\t<div class=\"elementor-element elementor-element-f48b37b e-flex e-con-boxed e-con e-parent\" data-id=\"f48b37b\" data-element_type=\"container\">\n\t\t\t\t\t<div class=\"e-con-inner\">\n\t\t\t\t<div class=\"elementor-element elementor-element-53c3216 elementor-widget elementor-widget-text-editor\" data-id=\"53c3216\" data-element_type=\"widget\" data-widget_type=\"text-editor.default\">\n\t\t\t\t<div class=\"elementor-widget-container\">\n\t\t\t\t\t\t\t\t\t<p>Wenn du eine Reservierung oder ein Paket stornieren musst, sende bitte eine E-Mail an <a href=\"mailto:info@explorelulea.com\">info@explorelulea.com<\/a>.<br \/>Alle Stornierungen m\u00fcssen von uns per E-Mail best\u00e4tigt werden, um g\u00fcltig zu sein.<\/p><p><span style=\"text-decoration: underline;\"><strong>Bei Stornierungen von Unterk\u00fcnften und Pauschalreisen:<\/strong><\/span><\/p><p>\u2022 <strong>46 Tage oder mehr vor Anreise:<\/strong> Es wird eine Verwaltungsgeb\u00fchr von 10 % oder der Gegenwert einer nicht r\u00fcckzahlbaren Anzahlung erhoben.<\/p><p>\u2022 <strong>45-31 Tage vor Anreise:<\/strong> Es werden 75 % des Buchungspreises berechnet.<\/p><p>\u2022 <strong>Sp\u00e4testens 30 Tage vor Anreise:<\/strong> Es werden 100% des Buchungspreises berechnet.<\/p><p><span style=\"text-decoration: underline;\"><strong>F\u00fcr die Stornierung einer Aktivit\u00e4t:<\/strong><\/span><\/p><p>\u2022 <strong>Weniger als 24 Stunden vor der Aktivit\u00e4t:<\/strong> F\u00fcr Buchungen, die weniger als 24 Stunden vor Beginn storniert werden, wird eine Geb\u00fchr von 100% des Buchungspreises erhoben.<\/p><p><span style=\"text-decoration: underline;\"><strong>Bei Stornierung im Hochseilgarten:<\/strong><\/span><\/p><p>Bei einer Stornierung im Hochseilgarten innerhalb von 14 Tagen erh\u00e4ltst du eine Geschenkkarte \u00fcber den vollen Betrag. Dieser kann f\u00fcr eine zuk\u00fcnftige Buchung verwendet oder auf eine andere Person \u00fcbertragen werden.<\/p><p>Vielen Dank f\u00fcr dein Verst\u00e4ndnis.<\/p>\t\t\t\t\t\t\t\t<\/div>\n\t\t\t\t<\/div>\n\t\t\t\t\t<\/div>\n\t\t\t\t<\/div>\n\t\t\t\t<\/div>","protected":false},"excerpt":{"rendered":"<p>Stornierungsbedingungen Wenn Sie eine Buchung oder ein Paket stornieren m\u00fcssen, senden Sie bitte eine E-Mail an info@explorelulea.com. Alle Stornierungen m\u00fcssen von uns per E-Mail best\u00e4tigt werden, um g\u00fcltig zu sein. F\u00fcr Paketstornierungen: \u2022 46 Tage oder mehr vor Anreise: Es wird eine Verwaltungsgeb\u00fchr von 10 % oder der Gegenwert einer nicht r\u00fcckzahlbaren Anzahlung erhoben. \u2022 45\u201331 Tage [\u2026]<\/p>","protected":false},"author":2,"featured_media":0,"parent":853,"menu_order":0,"comment_status":"closed","ping_status":"closed","template":"elementor_header_footer","meta":{"_acf_changed":false,"footnotes":""},"sidtyp":[],"class_list":["post-1045","page","type-page","status-publish","hentry"],"acf":[],"_links":{"self":[{"href":"https:\/\/www.explorelulea.com\/de\/wp-json\/wp\/v2\/pages\/1045","targetHints":{"allow":["GET"]}}],"collection":[{"href":"https:\/\/www.explorelulea.com\/de\/wp-json\/wp\/v2\/pages"}],"about":[{"href":"https:\/\/www.explorelulea.com\/de\/wp-json\/wp\/v2\/types\/page"}],"author":[{"embeddable":true,"href":"https:\/\/www.explorelulea.com\/de\/wp-json\/wp\/v2\/users\/2"}],"replies":[{"embeddable":true,"href":"https:\/\/www.explorelulea.com\/de\/wp-json\/wp\/v2\/comments?post=1045"}],"version-history":[{"count":43,"href":"https:\/\/www.explorelulea.com\/de\/wp-json\/wp\/v2\/pages\/1045\/revisions"}],"predecessor-version":[{"id":4528,"href":"https:\/\/www.explorelulea.com\/de\/wp-json\/wp\/v2\/pages\/1045\/revisions\/4528"}],"up":[{"embeddable":true,"href":"https:\/\/www.explorelulea.com\/de\/wp-json\/wp\/v2\/pages\/853"}],"wp:attachment":[{"href":"https:\/\/www.explorelulea.com\/de\/wp-json\/wp\/v2\/media?parent=1045"}],"wp:term":[{"taxonomy":"sidtyp","embeddable":true,"href":"https:\/\/www.explorelulea.com\/de\/wp-json\/wp\/v2\/sidtyp?post=1045"}],"curies":[{"name":"wp","href":"https:\/\/api.w.org\/{rel}","templated":true}]}}